{"id":22636,"date":"2018-02-04T10:53:01","date_gmt":"2018-02-04T09:53:01","guid":{"rendered":"https:\/\/www.brikol.sk\/doprava-a-platba\/"},"modified":"2018-02-04T10:53:01","modified_gmt":"2018-02-04T09:53:01","slug":"doprava-a-platba","status":"publish","type":"page","link":"https:\/\/www.brikol.sk\/cs\/doprava-a-platba\/","title":{"rendered":"Doprava a platba"},"content":{"rendered":"<p><strong>Odes\u00edl\u00e1n\u00ed zbo\u017e\u00ed<\/strong><\/p>\n<p>Zbo\u017e\u00ed, kter\u00e9 je skladem a objednan\u00e9 v pracovn\u00ed dny do 10:00, odes\u00edl\u00e1me v den vystaven\u00ed objedn\u00e1vky. V p\u0159\u00edpad\u011b platby bankovn\u00edm p\u0159evodem se zbo\u017e\u00ed odes\u00edl\u00e1 v den p\u0159ips\u00e1n\u00ed platby na n\u00e1\u0161 bankovn\u00ed \u00fa\u010det.<\/p>\n<h2><strong>Po\u0161tovn\u00e9 a baln\u00e9 pro Slovenskou republiku<br \/>\n<\/strong><\/h2>\n<p>Na\u0161e produkty v\u00e1m r\u00e1di doru\u010d\u00edme prost\u0159ednictv\u00edm Slovensk\u00e9 po\u0161ty nebo Z\u00e1silkovny.<strong>.  <\/strong><\/p>\n<ol>\n<li style=\"list-style-type: none;\">\n<ol>\n<li><strong>Bal\u00edk na adresu: 4,50 \u20ac<\/strong> \u2013 zbo\u017e\u00ed obvykle doru\u010deno do 2\u20133 pracovn\u00edch dn\u016f<\/li>\n<\/ol>\n<\/li>\n<\/ol>\n<p>(doporu\u010den\u00fd dopis 2. t\u0159\u00eddy, bez mo\u017enosti informov\u00e1n\u00ed o \u010dase doru\u010den\u00ed; pokud v\u00e1s pracovn\u00edk po\u0161ty nezastihne doma, nech\u00e1 v\u00e1m \u017elut\u00fd l\u00edstek a z\u00e1silka bude ulo\u017eena na po\u0161t\u011b)<\/p>\n<ol>\n<li style=\"list-style-type: none;\">\n<ol>\n<li><strong>Z\u00e1silkovna: 4,00 \u20ac<\/strong> \u2013 zbo\u017e\u00ed obvykle doru\u010deno do 2\u20133 pracovn\u00edch dn\u016f<\/li>\n<li><strong>Kur\u00fdr na adresu: 6,50 \u20ac<\/strong> \u2013 zbo\u017e\u00ed doru\u010deno n\u00e1sleduj\u00edc\u00ed pracovn\u00ed den<\/li>\n<\/ol>\n<\/li>\n<\/ol>\n<p>(kur\u00fdr v\u00e1s bude kontaktovat ohledn\u011b mo\u017enosti doru\u010den\u00ed)<\/p>\n<ol>\n<li style=\"list-style-type: none;\">\n<ol>\n<li><strong>Po\u0161tovn\u00e9 zdarma: 0,00 \u20ac<\/strong> \u2013 p\u0159i n\u00e1kupu nad <strong>1<\/strong><strong>5<\/strong><strong>0 EUR<\/strong> m\u00e1te od n\u00e1s po\u0161tovn\u00e9 zdarma, zbo\u017e\u00ed je obvykle doru\u010deno do 2\u20133 pracovn\u00edch dn\u016f.<\/li>\n<\/ol>\n<\/li>\n<\/ol>\n<p>(doporu\u010den\u00fd dopis 2. t\u0159\u00eddy, bez mo\u017enosti informov\u00e1n\u00ed o \u010dase doru\u010den\u00ed; pokud v\u00e1s pracovn\u00edk po\u0161ty nezastihne doma, nech\u00e1 v\u00e1m \u017elut\u00fd l\u00edstek a z\u00e1silka bude ulo\u017eena na po\u0161t\u011b)<\/p>\n<ol>\n<li style=\"list-style-type: none;\">\n<ol>\n<li><strong>Dob\u00edrka \/ Platba kartou: 0,00 \u20ac <\/strong><\/li>\n<li><strong>Platba bankovn\u00edm p\u0159evodem sleva: &#8211; 2 % <\/strong><\/li>\n<\/ol>\n<\/li>\n<\/ol>\n<p><strong>_________________________________________________________________________________________________________________________________________________________________________<\/strong><\/p>\n<h2><strong>Vyzvednut\u00ed objedn\u00e1vky v Brezne zdarma.<\/strong><\/h2>\n<p>Va\u0161i objedn\u00e1vku si m\u016f\u017eete vyzvednout na adrese na\u0161\u00ed provozovny: \u010cSA 7, 977 01 Brezno po p\u0159edchoz\u00ed telefonick\u00e9 domluv\u011b na tel.: 0911 366 644.<\/p>\n<p>Platba je mo\u017en\u00e1 bankovn\u00edm p\u0159evodem p\u0159edem nebo v hotovosti.<\/p>\n<p><strong>_________________________________________________________________________________________________________________________________________________________________________<\/strong><\/p>\n<h2><strong><span style=\"font-size: 110%;\">Po\u0161tovn\u00e9 a baln\u00e9 pro \u010ceskou republiku<\/span><br \/>\n<\/strong><\/h2>\n<p>Na\u0161e produkty v\u00e1m r\u00e1di doru\u010d\u00edme prost\u0159ednictv\u00edm Z\u00e1silkovny.<strong>.  <\/strong><\/p>\n<ol>\n<li style=\"list-style-type: none;\">\n<ol>\n<li style=\"list-style-type: none;\">\n<ol>\n<li><strong>Z\u00e1silkovna: 5,00 \u20ac<\/strong> \u2013 zbo\u017e\u00ed obvykle doru\u010deno do 2\u20133 pracovn\u00edch dn\u016f<\/li>\n<li><strong>Kur\u00fdr na adresu: 7,50 \u20ac<\/strong> \u2013 zbo\u017e\u00ed doru\u010deno n\u00e1sleduj\u00edc\u00ed pracovn\u00ed den<\/li>\n<li><strong>Po\u0161tovn\u00e9 zdarma: 0,00 \u20ac<\/strong> \u2013 p\u0159i n\u00e1kupu nad <strong>1<\/strong><strong>5<\/strong><strong>0 EUR<\/strong> m\u00e1te od n\u00e1s po\u0161tovn\u00e9 zdarma, zbo\u017e\u00ed je obvykle doru\u010deno do 2\u20133 pracovn\u00edch dn\u016f.<\/li>\n<li><strong>Dob\u00edrka \/ Platba kartou: 0,00 \u20ac <\/strong><\/li>\n<li><strong>Platba bankovn\u00edm p\u0159evodem sleva: &#8211; 2 % <\/strong><\/li>\n<\/ol>\n<\/li>\n<\/ol>\n<\/li>\n<\/ol>\n<p><strong>_________________________________________________________________________________________________________________________________________________________________________<\/strong><\/p>\n<h2><strong>Po\u0161tovn\u00e9 a baln\u00e9 pro ostatn\u00ed zem\u011b EU \/ others country EU<br \/>\n<\/strong><\/h2>\n<ol>\n<li style=\"list-style-type: none;\">\n<ol>\n<li style=\"list-style-type: none;\">\n<ol>\n<li><strong>Kur\u00fdr na adresu \/ courier to address: 12,00 \u20ac <\/strong>\u2013 zbo\u017e\u00ed doru\u010deno n\u00e1sleduj\u00edc\u00ed pracovn\u00ed den<\/li>\n<\/ol>\n<\/li>\n<\/ol>\n<\/li>\n<\/ol>\n<p><strong>Platba je mo\u017en\u00e1 pouze bankovn\u00edm p\u0159evodem nebo platebn\u00ed kartou \/ payment is possible only by bank transfer or card pay by Maestro card\/Visa card<\/strong><strong>.<\/strong><\/p>\n<p>Bankovn\u00ed spojen\u00ed pro SR: <strong>Slovensk\u00e1 Spo\u0159itelna a.s., SK 84 0900 0000 0051 3177 8544<\/strong><br \/>\nBankovn\u00ed spojen\u00ed pro \u010cR <strong>Fio banka, a.s. 2201738983\/2010<\/strong><br \/>\nBankovn\u00ed spojen\u00ed pro E\u00da \/ bank connection for EU <strong>Slovensk\u00e1 Sporite\u013e\u0148a a.s. IBAN: SK 84 0900 0000 0051 3177 8544<\/strong><\/p>\n","protected":false},"excerpt":{"rendered":"<p>Odes\u00edl\u00e1n\u00ed zbo\u017e\u00ed Zbo\u017e\u00ed, kter\u00e9 je skladem a objednan\u00e9 v pracovn\u00ed dny do 10:00, odes\u00edl\u00e1me v den vystaven\u00ed objedn\u00e1vky. V p\u0159\u00edpad\u011b platby bankovn\u00edm p\u0159evodem se zbo\u017e\u00ed odes\u00edl\u00e1 v den p\u0159ips\u00e1n\u00ed platby na n\u00e1\u0161 bankovn\u00ed \u00fa\u010det. Po\u0161tovn\u00e9 a baln\u00e9 pro Slovenskou republiku Na\u0161e produkty v\u00e1m r\u00e1di doru\u010d\u00edme prost\u0159ednictv\u00edm Slovensk\u00e9 po\u0161ty nebo Z\u00e1silkovny.. Bal\u00edk na adresu: 4,50 \u20ac [&hellip;]\n","protected":false},"author":1,"featured_media":0,"parent":0,"menu_order":0,"comment_status":"closed","ping_status":"closed","template":"","meta":[],"_links":{"self":[{"href":"https:\/\/www.brikol.sk\/cs\/wp-json\/wp\/v2\/pages\/22636"}],"collection":[{"href":"https:\/\/www.brikol.sk\/cs\/wp-json\/wp\/v2\/pages"}],"about":[{"href":"https:\/\/www.brikol.sk\/cs\/wp-json\/wp\/v2\/types\/page"}],"author":[{"embeddable":true,"href":"https:\/\/www.brikol.sk\/cs\/wp-json\/wp\/v2\/users\/1"}],"replies":[{"embeddable":true,"href":"https:\/\/www.brikol.sk\/cs\/wp-json\/wp\/v2\/comments?post=22636"}],"version-history":[{"count":0,"href":"https:\/\/www.brikol.sk\/cs\/wp-json\/wp\/v2\/pages\/22636\/revisions"}],"wp:attachment":[{"href":"https:\/\/www.brikol.sk\/cs\/wp-json\/wp\/v2\/media?parent=22636"}],"curies":[{"name":"wp","href":"https:\/\/api.w.org\/{rel}","templated":true}]}}