{"id":17811,"date":"2024-02-07T09:37:11","date_gmt":"2024-02-07T08:37:11","guid":{"rendered":"https:\/\/www.brikol.sk\/produkt\/samozaviraci-rameno-s-gz-zamkem-pro-ts-2000-4000-ks\/"},"modified":"2024-06-25T08:34:58","modified_gmt":"2024-06-25T06:34:58","slug":"samozaviraci-rameno-s-gz-zamkem-pro-ts-2000-4000-ks","status":"publish","type":"product","link":"https:\/\/www.brikol.sk\/cs\/produkt\/samozaviraci-rameno-s-gz-zamkem-pro-ts-2000-4000-ks\/","title":{"rendered":"Samouzav\u00edrac\u00ed rameno s aretac\u00ed GEZE pro TS 2000\/4000 \/ ks"},"content":{"rendered":"<p><strong>Samozav\u00edrac\u00ed rukoje\u0165 GEZE s aretac\u00ed  <\/strong><\/p>\n<p>Rameno je ur\u010deno pro <a href=\"https:\/\/www.brikol.sk\/produkt\/teleso-samozatvaraca-gz-ts-2000-v-ks\/?preview_id=10099&amp;preview_nonce=6c59137b41&amp;_thumbnail_id=10106&amp;preview=true\">samozav\u00edra\u010de GEZE TS 2000 a TS 4000<\/a>.<\/p>\n<p>T\u011bleso zav\u00edra\u010de dve\u0159\u00ed GEZE je mechanick\u00e9 za\u0159\u00edzen\u00ed, kter\u00e9 slou\u017e\u00ed k automatick\u00e9mu zav\u00edr\u00e1n\u00ed dve\u0159\u00ed. Br\u00e1ny se pou\u017e\u00edvaj\u00ed zejm\u00e9na tam, kde je \u017e\u00e1douc\u00ed m\u00edt dve\u0159e zav\u0159en\u00e9. Nebo na m\u00edstech, jako jsou vchody do byt\u016f, vchody do obchod\u016f a d\u016fle\u017eit\u00e9 vchody z d\u016fvodu bezpe\u010dnosti. Jejich uzav\u0159en\u00ed zaji\u0161\u0165uje uzamykateln\u00fd ramenn\u00ed popruh.<\/p>\n<p>Kdy\u017e n\u011bkdo vstoup\u00ed dve\u0159mi se samozav\u00edrac\u00edm ramenem se zamykac\u00edm mechanismem, pak jeho s\u00edla &#8220;nabije&#8221; zav\u00edra\u010d dve\u0159\u00ed, aby mohl dve\u0159e postupn\u011b zav\u0159\u00edt. Zav\u00edr\u00e1n\u00ed samozav\u00edra\u010de je \u0159\u00edzeno hydraulikou, kterou lze nastavit pomoc\u00ed se\u0159izovac\u00edch \u0161roub\u016f na zav\u00edra\u010di\/t\u011ble (reguluje rychlost proud\u011bn\u00ed kapaliny = reguluje rychlost zav\u00edr\u00e1n\u00ed dve\u0159\u00ed).<\/p>\n<p>Zav\u00edra\u010d dve\u0159\u00ed GEZE &#8211; TS 2000 V m\u00e1 mo\u017enost nastaven\u00ed rychlosti zav\u00edr\u00e1n\u00ed dve\u0159\u00ed a hydraulick\u00e9ho dorazu p\u0159i zav\u00edr\u00e1n\u00ed (rameno). Tak\u00e9 nastaven\u00ed polohy trval\u00e9ho otev\u0159en\u00ed &#8211; 70\u00b0 &#8211; 150\u00b0 s aretac\u00ed.<\/p>\n<p><strong>Pou\u017eit\u00ed:<\/strong><\/p>\n<p>Pro t\u011b\u017e\u0161\u00ed vnit\u0159n\u00ed\/venkovn\u00ed dve\u0159e z materi\u00e1l\u016f &#8211; d\u0159evo\/sklo (ne pro protipo\u017e\u00e1rn\u00ed a kou\u0159ot\u011bsn\u00e9 dve\u0159e; ocel\/hlin\u00edk\/plast).<br \/>\nNa prav\u00fdch i lev\u00fdch dve\u0159\u00edch.<\/p>\n<p>Mo\u017enost nastaven\u00ed polohy trval\u00e9ho otev\u00edr\u00e1n\u00ed dve\u0159\u00ed.<\/p>\n<p>Deaktivace zamyk\u00e1n\u00ed zata\u017een\u00edm za dve\u0159e.<\/p>\n<p>Vypnut\u00ed nebo zapnut\u00ed funkce zamyk\u00e1n\u00ed pouze p\u0159i zav\u0159en\u00fdch dve\u0159\u00edch!<\/p>\n<p>P\u0159\u00eddavn\u00e9 zar\u00e1\u017eky dve\u0159n\u00edho k\u0159\u00eddla nen\u00ed nutn\u00e9 na dve\u0159e montovat.<\/p>\n<p>K dispozici v barv\u00e1ch :<\/p>\n<ul>\n<li>B\u00edl\u00e1<\/li>\n<li>Hn\u011bd\u00e1<\/li>\n<li>Silver<\/li>\n<\/ul>\n<p>&nbsp;<\/p>\n<p>&nbsp;<\/p>\n<p>&nbsp;<\/p>\n<p>&nbsp;<\/p>\n<p>&nbsp;<\/p>\n","protected":false},"excerpt":{"rendered":"<p>Rameno samozav\u00edra\u010de s aretac\u00ed pro <a href=\"https:\/\/www.brikol.sk\/produkt\/teleso-samozatvaraca-gz-ts-2000-v-ks\/?preview_id=10099&amp;preview_nonce=6c59137b41&amp;_thumbnail_id=10106&amp;preview=true#samozatvarac-gz\">samozav\u00edra\u010de GEZE TS 2000 a TS 4000<\/a>.<\/p>\n<p>Rameno dr\u017e\u00ed zav\u00edra\u010d dve\u0159\u00ed v poloze po um\u00edst\u011bn\u00ed a nen\u00ed t\u0159eba instalovat dal\u0161\u00ed zar\u00e1\u017eky dve\u0159n\u00edho k\u0159\u00eddla.<\/p>\n<p>Mo\u017enost nastaven\u00ed polohy trval\u00e9ho otev\u00edr\u00e1n\u00ed dve\u0159\u00ed. Deaktivace zamyk\u00e1n\u00ed zata\u017een\u00edm za dve\u0159e.<\/p>\n<p>&nbsp;<\/p>\n","protected":false},"featured_media":17742,"comment_status":"open","ping_status":"closed","template":"","meta":[],"product_cat":[136,127],"product_tag":[],"_links":{"self":[{"href":"https:\/\/www.brikol.sk\/cs\/wp-json\/wp\/v2\/product\/17811"}],"collection":[{"href":"https:\/\/www.brikol.sk\/cs\/wp-json\/wp\/v2\/product"}],"about":[{"href":"https:\/\/www.brikol.sk\/cs\/wp-json\/wp\/v2\/types\/product"}],"replies":[{"embeddable":true,"href":"https:\/\/www.brikol.sk\/cs\/wp-json\/wp\/v2\/comments?post=17811"}],"wp:featuredmedia":[{"embeddable":true,"href":"https:\/\/www.brikol.sk\/cs\/wp-json\/wp\/v2\/media\/17742"}],"wp:attachment":[{"href":"https:\/\/www.brikol.sk\/cs\/wp-json\/wp\/v2\/media?parent=17811"}],"wp:term":[{"taxonomy":"product_cat","embeddable":true,"href":"https:\/\/www.brikol.sk\/cs\/wp-json\/wp\/v2\/product_cat?post=17811"},{"taxonomy":"product_tag","embeddable":true,"href":"https:\/\/www.brikol.sk\/cs\/wp-json\/wp\/v2\/product_tag?post=17811"}],"curies":[{"name":"wp","href":"https:\/\/api.w.org\/{rel}","templated":true}]}}