{"id":17821,"date":"2024-01-23T13:14:24","date_gmt":"2024-01-23T12:14:24","guid":{"rendered":"https:\/\/www.brikol.sk\/produkt\/podlozka-pod-portal-hst\/"},"modified":"2024-10-02T13:04:54","modified_gmt":"2024-10-02T11:04:54","slug":"podlozka-pod-portal-hst","status":"publish","type":"product","link":"https:\/\/www.brikol.sk\/cs\/produkt\/podlozka-pod-portal-hst\/","title":{"rendered":"Podlo\u017eka pod port\u00e1l HST"},"content":{"rendered":"<p><strong>Podlo\u017eky pro port\u00e1ly HST<\/strong> Vyrovn\u00e1vac\u00ed, nosn\u00e9 a zaskl\u00edvac\u00ed podlo\u017eky pro zdvi\u017en\u011b-posuvn\u00e9 syst\u00e9my nebo jin\u00e9 siln\u011bj\u0161\u00ed konstrukce.<br \/>\nPlastov\u00e9 mont\u00e1\u017en\u00ed podlo\u017eky jsou odoln\u00e9 proti vlhkosti, pou\u017e\u00edvaj\u00ed se p\u0159i mont\u00e1\u017ei \/ vyrovn\u00e1v\u00e1n\u00ed spodn\u00ed \u010d\u00e1sti posuvn\u00fdch terasov\u00fdch dve\u0159\u00ed ( port\u00e1l HST) <strong>Parametry:<\/strong><strong>1.<\/strong> 48 mm x 235 mm x 2 mm <strong>2.<\/strong><br \/>\n48 mm x 235 mm x 3 mm <strong>3.<\/strong><br \/>\n48mm x 235mm x 4mm <strong>4.<\/strong> 48mm x 235mm x 5mm <strong>5.<\/strong> 48mm x 235mm x 10mm <span style=\"font-size: 75%;\">Zbo\u017e\u00ed je v extern\u00edm skladu jeho expedice je do 2-3 pracovn\u00edch dn\u016f.<\/span>   <\/p>\n","protected":false},"excerpt":{"rendered":"<p>Vyrovn\u00e1vac\u00ed, nosn\u00e9 a zaskl\u00edvac\u00ed podlo\u017eky pro zdvi\u017en\u011b-posuvn\u00e9 syst\u00e9my nebo jin\u00e9 siln\u011bj\u0161\u00ed konstrukce. Plastov\u00e9 mont\u00e1\u017en\u00ed podlo\u017eky jsou odoln\u00e9 proti vlhkosti, pou\u017e\u00edvaj\u00ed se p\u0159i mont\u00e1\u017ei\/podlo\u017een\u00ed spodn\u00ed \u010d\u00e1sti posuvn\u00fdch balkonov\u00fdch dve\u0159\u00ed ( port\u00e1l HST).<\/p>\n","protected":false},"featured_media":17702,"comment_status":"open","ping_status":"closed","template":"","meta":[],"product_cat":[129],"product_tag":[],"_links":{"self":[{"href":"https:\/\/www.brikol.sk\/cs\/wp-json\/wp\/v2\/product\/17821"}],"collection":[{"href":"https:\/\/www.brikol.sk\/cs\/wp-json\/wp\/v2\/product"}],"about":[{"href":"https:\/\/www.brikol.sk\/cs\/wp-json\/wp\/v2\/types\/product"}],"replies":[{"embeddable":true,"href":"https:\/\/www.brikol.sk\/cs\/wp-json\/wp\/v2\/comments?post=17821"}],"wp:featuredmedia":[{"embeddable":true,"href":"https:\/\/www.brikol.sk\/cs\/wp-json\/wp\/v2\/media\/17702"}],"wp:attachment":[{"href":"https:\/\/www.brikol.sk\/cs\/wp-json\/wp\/v2\/media?parent=17821"}],"wp:term":[{"taxonomy":"product_cat","embeddable":true,"href":"https:\/\/www.brikol.sk\/cs\/wp-json\/wp\/v2\/product_cat?post=17821"},{"taxonomy":"product_tag","embeddable":true,"href":"https:\/\/www.brikol.sk\/cs\/wp-json\/wp\/v2\/product_tag?post=17821"}],"curies":[{"name":"wp","href":"https:\/\/api.w.org\/{rel}","templated":true}]}}