{"id":17827,"date":"2024-01-18T12:36:22","date_gmt":"2024-01-18T11:36:22","guid":{"rendered":"https:\/\/www.brikol.sk\/produkt\/dverni-magnet\/"},"modified":"2024-10-02T13:05:56","modified_gmt":"2024-10-02T11:05:56","slug":"dverni-magnet","status":"publish","type":"product","link":"https:\/\/www.brikol.sk\/cs\/produkt\/dverni-magnet\/","title":{"rendered":"Dve\u0159n\u00ed magnet"},"content":{"rendered":"<p style=\"font-weight: 400;\">Dve\u0159n\u00ed magnet v\u00e1s p\u0159ekvap\u00ed dostate\u010dnou silou a zajist\u00ed pevn\u00e9 zav\u0159en\u00ed.<\/p>\n<p>  Magnet jednodu\u0161e p\u0159ipevn\u011bte k r\u00e1mu pomoc\u00ed dvou \u0161roub\u016f. Na druhou stranu r\u00e1mu je nutn\u00e9 um\u00edstit kovov\u00fd protikus, aby se magnet m\u011bl kam p\u0159ipevnit. Jedn\u00e1 se o dostate\u010dn\u011b siln\u00fd obd\u00e9ln\u00edkov\u00fd magnet. Magnet lze nav\u00edc v\u00fd\u0161kov\u011b nastavit. Jeho polohu m\u016f\u017eete snadno nastavit.  <\/p>\n<p style=\"font-weight: 400;\">\n","protected":false},"excerpt":{"rendered":"<p>Magnet jednodu\u0161e p\u0159ipevn\u011bte k r\u00e1mu pomoc\u00ed dvou \u0161roub\u016f. Na druhou stranu r\u00e1mu je nutn\u00e9 um\u00edstit kovov\u00fd protikus, aby se magnet m\u011bl kam p\u0159ipevnit. Jedn\u00e1 se o dostate\u010dn\u011b siln\u00fd obd\u00e9ln\u00edkov\u00fd magnet. Magnet lze nav\u00edc v\u00fd\u0161kov\u011b nastavit. Jeho polohu m\u016f\u017eete snadno nastavit.<\/p>\n","protected":false},"featured_media":17672,"comment_status":"open","ping_status":"closed","template":"","meta":[],"product_cat":[130,143],"product_tag":[],"_links":{"self":[{"href":"https:\/\/www.brikol.sk\/cs\/wp-json\/wp\/v2\/product\/17827"}],"collection":[{"href":"https:\/\/www.brikol.sk\/cs\/wp-json\/wp\/v2\/product"}],"about":[{"href":"https:\/\/www.brikol.sk\/cs\/wp-json\/wp\/v2\/types\/product"}],"replies":[{"embeddable":true,"href":"https:\/\/www.brikol.sk\/cs\/wp-json\/wp\/v2\/comments?post=17827"}],"wp:featuredmedia":[{"embeddable":true,"href":"https:\/\/www.brikol.sk\/cs\/wp-json\/wp\/v2\/media\/17672"}],"wp:attachment":[{"href":"https:\/\/www.brikol.sk\/cs\/wp-json\/wp\/v2\/media?parent=17827"}],"wp:term":[{"taxonomy":"product_cat","embeddable":true,"href":"https:\/\/www.brikol.sk\/cs\/wp-json\/wp\/v2\/product_cat?post=17827"},{"taxonomy":"product_tag","embeddable":true,"href":"https:\/\/www.brikol.sk\/cs\/wp-json\/wp\/v2\/product_tag?post=17827"}],"curies":[{"name":"wp","href":"https:\/\/api.w.org\/{rel}","templated":true}]}}