{"id":17830,"date":"2024-01-18T09:00:43","date_gmt":"2024-01-18T08:00:43","guid":{"rendered":"https:\/\/www.brikol.sk\/produkt\/ovladani-bowdenovych-zaluzii-kus\/"},"modified":"2024-10-02T13:08:18","modified_gmt":"2024-10-02T11:08:18","slug":"ovladani-bowdenovych-zaluzii-kus","status":"publish","type":"product","link":"https:\/\/www.brikol.sk\/cs\/produkt\/ovladani-bowdenovych-zaluzii-kus\/","title":{"rendered":"Ovl\u00e1d\u00e1n\u00ed bowdenov\u00fdch \u017ealuzi\u00ed \/ kus"},"content":{"rendered":"<p>Ovl\u00e1dac\u00ed bowden \u017ealuzie je spojen\u00ed mezi okem uvnit\u0159 \u017ealuzie a t\u00e1hlem vn\u011b \u017ealuzie. Na jedn\u00e9 stran\u011b je kovov\u00fd otvor, kter\u00fd se montuje na t\u0159men, na druh\u00e9 stran\u011b je konec pro mont\u00e1\u017e ty\u010de.  &nbsp;<\/p>\n","protected":false},"excerpt":{"rendered":"<p>Ovl\u00e1dac\u00ed bowden \u017ealuzie je spojen\u00ed mezi okem uvnit\u0159 \u017ealuzie a t\u00e1hlem vn\u011b \u017ealuzie. Na jedn\u00e9 stran\u011b je kovov\u00fd otvor, kter\u00fd se montuje na t\u0159men, na druh\u00e9 stran\u011b je konec pro mont\u00e1\u017e ty\u010de.  &nbsp;<\/p>\n<p>&nbsp;<\/p>\n","protected":false},"featured_media":17617,"comment_status":"open","ping_status":"closed","template":"","meta":[],"product_cat":[132,133],"product_tag":[],"_links":{"self":[{"href":"https:\/\/www.brikol.sk\/cs\/wp-json\/wp\/v2\/product\/17830"}],"collection":[{"href":"https:\/\/www.brikol.sk\/cs\/wp-json\/wp\/v2\/product"}],"about":[{"href":"https:\/\/www.brikol.sk\/cs\/wp-json\/wp\/v2\/types\/product"}],"replies":[{"embeddable":true,"href":"https:\/\/www.brikol.sk\/cs\/wp-json\/wp\/v2\/comments?post=17830"}],"wp:featuredmedia":[{"embeddable":true,"href":"https:\/\/www.brikol.sk\/cs\/wp-json\/wp\/v2\/media\/17617"}],"wp:attachment":[{"href":"https:\/\/www.brikol.sk\/cs\/wp-json\/wp\/v2\/media?parent=17830"}],"wp:term":[{"taxonomy":"product_cat","embeddable":true,"href":"https:\/\/www.brikol.sk\/cs\/wp-json\/wp\/v2\/product_cat?post=17830"},{"taxonomy":"product_tag","embeddable":true,"href":"https:\/\/www.brikol.sk\/cs\/wp-json\/wp\/v2\/product_tag?post=17830"}],"curies":[{"name":"wp","href":"https:\/\/api.w.org\/{rel}","templated":true}]}}