{"id":17831,"date":"2024-01-17T09:28:29","date_gmt":"2024-01-17T08:28:29","guid":{"rendered":"https:\/\/www.brikol.sk\/produkt\/nahradni-prevodovka-maco-kus\/"},"modified":"2026-01-13T11:20:18","modified_gmt":"2026-01-13T10:20:18","slug":"nahradni-prevodovka-maco-kus","status":"publish","type":"product","link":"https:\/\/www.brikol.sk\/cs\/produkt\/nahradni-prevodovka-maco-kus\/","title":{"rendered":"N\u00e1hradn\u00ed p\u0159evodovka MACO \/ kus"},"content":{"rendered":"<p><strong>N\u00e1hradn\u00ed p\u0159evodovka MACO<\/strong><\/p>\n<p>Pokud je mechanismus rozbit\u00fd nebo opot\u0159ebovan\u00fd, tak\u017ee nelze zav\u0159\u00edt nebo otev\u0159\u00edt rukoje\u0165, nebo pokud se po mnoha letech pou\u017e\u00edv\u00e1n\u00ed p\u0159evr\u00e1t\u00ed. Ide\u00e1ln\u00edm \u0159e\u0161en\u00edm je vym\u011bnit pouze jeden d\u00edl. Nen\u00ed nutn\u00e9 m\u011bnit cel\u00e9 kov\u00e1n\u00ed okna, ale sta\u010d\u00ed vym\u011bnit p\u0159evodovku.<\/p>\n<p>N\u00e1hradn\u00ed p\u0159evodovka MACO &#8211; ide\u00e1ln\u00ed pro opravu v\u0161ech kolejnic p\u0159evodovky MACO.<\/p>\n<p>&nbsp;<\/p>\n<p>&nbsp;<\/p>\n<p>&nbsp;<\/p>\n<p>&nbsp;<\/p>\n","protected":false},"excerpt":{"rendered":"<p>N\u00e1hradn\u00ed p\u0159evodovka MACO je ide\u00e1ln\u00ed pro opravu v\u0161ech kolejnic p\u0159evodovek MACO, u kter\u00fdch do\u0161lo k po\u0161kozen\u00ed nebo opot\u0159eben\u00ed mechanismu b\u011bhem dlouholet\u00e9ho pou\u017e\u00edv\u00e1n\u00ed. V d\u016fsledku tohoto opot\u0159eben\u00ed p\u0159estala b\u00fdt okenn\u00ed klika funk\u010dn\u00ed.<\/p>\n","protected":false},"featured_media":17597,"comment_status":"open","ping_status":"closed","template":"","meta":[],"product_cat":[136,146],"product_tag":[],"_links":{"self":[{"href":"https:\/\/www.brikol.sk\/cs\/wp-json\/wp\/v2\/product\/17831"}],"collection":[{"href":"https:\/\/www.brikol.sk\/cs\/wp-json\/wp\/v2\/product"}],"about":[{"href":"https:\/\/www.brikol.sk\/cs\/wp-json\/wp\/v2\/types\/product"}],"replies":[{"embeddable":true,"href":"https:\/\/www.brikol.sk\/cs\/wp-json\/wp\/v2\/comments?post=17831"}],"wp:featuredmedia":[{"embeddable":true,"href":"https:\/\/www.brikol.sk\/cs\/wp-json\/wp\/v2\/media\/17597"}],"wp:attachment":[{"href":"https:\/\/www.brikol.sk\/cs\/wp-json\/wp\/v2\/media?parent=17831"}],"wp:term":[{"taxonomy":"product_cat","embeddable":true,"href":"https:\/\/www.brikol.sk\/cs\/wp-json\/wp\/v2\/product_cat?post=17831"},{"taxonomy":"product_tag","embeddable":true,"href":"https:\/\/www.brikol.sk\/cs\/wp-json\/wp\/v2\/product_tag?post=17831"}],"curies":[{"name":"wp","href":"https:\/\/api.w.org\/{rel}","templated":true}]}}