{"id":17832,"date":"2024-01-16T14:39:37","date_gmt":"2024-01-16T13:39:37","guid":{"rendered":"https:\/\/www.brikol.sk\/produkt\/alpen-spiralovy-vrtak-sprint-master-din338rn-25-kus\/"},"modified":"2026-01-13T11:21:04","modified_gmt":"2026-01-13T10:21:04","slug":"alpen-spiralovy-vrtak-sprint-master-din338rn-25-kus","status":"publish","type":"product","link":"https:\/\/www.brikol.sk\/cs\/produkt\/alpen-spiralovy-vrtak-sprint-master-din338rn-25-kus\/","title":{"rendered":"Alpen Spir\u00e1lov\u00fd vrt\u00e1k Sprint Master DIN338RN 2,5 \/ kus"},"content":{"rendered":"<p>Vrt\u00e1k HSS byl vyvinut pro vrt\u00e1n\u00ed p\u0159esn\u00fdch kruhov\u00fdch otvor\u016f do v\u0161ech materi\u00e1l\u016f s b\u011b\u017enou pevnost\u00ed. Pou\u017e\u00edv\u00e1 se k vrt\u00e1n\u00ed do \u017eeleza, mosazi, slitin , ne\u017eelezn\u00fdch kov\u016f, legovan\u00e9 a nelegovan\u00e9 oceli, d\u0159eva a plast\u016f. V souladu s normou DIN 338, \u0161roubov\u00e1k typu RN, standardn\u011b v prav\u00e9m proveden\u00ed.<\/p>\n<p>118\u00b0 \u010depel se zlep\u0161en\u00fdm vrtac\u00edm v\u00fdkonem<\/p>\n<ul>\n<li><strong>Pr\u016fm\u011br:<\/strong> 2,5 mm<\/li>\n<li><strong>\u00dahel hrotu<\/strong>: 118\u00b0<\/li>\n<li><strong>Standardn\u00ed: <\/strong> Din338<\/li>\n<li><strong>Pou\u017eit\u00ed: <\/strong> \u017eelezo, mosaz, ne\u017eelezn\u00e9 kovy, d\u0159evo, plast&#8230;<\/li>\n<li><b>Materi\u00e1l: <\/b> HSS<\/li>\n<\/ul>\n","protected":false},"excerpt":{"rendered":"<p>Vrt\u00e1k HSS byl vyvinut pro vrt\u00e1n\u00ed p\u0159esn\u00fdch kruhov\u00fdch otvor\u016f do v\u0161ech materi\u00e1l\u016f s b\u011b\u017enou pevnost\u00ed. Pou\u017e\u00edv\u00e1 se k vrt\u00e1n\u00ed do \u017eeleza, mosazi, slitin , ne\u017eelezn\u00fdch kov\u016f, legovan\u00e9 a nelegovan\u00e9 oceli, d\u0159eva a plast\u016f.<\/p>\n<p>118\u00b0 \u010depel se zlep\u0161en\u00fdm vrtac\u00edm v\u00fdkonem.<\/p>\n","protected":false},"featured_media":17582,"comment_status":"open","ping_status":"closed","template":"","meta":[],"product_cat":[132,136,220],"product_tag":[],"_links":{"self":[{"href":"https:\/\/www.brikol.sk\/cs\/wp-json\/wp\/v2\/product\/17832"}],"collection":[{"href":"https:\/\/www.brikol.sk\/cs\/wp-json\/wp\/v2\/product"}],"about":[{"href":"https:\/\/www.brikol.sk\/cs\/wp-json\/wp\/v2\/types\/product"}],"replies":[{"embeddable":true,"href":"https:\/\/www.brikol.sk\/cs\/wp-json\/wp\/v2\/comments?post=17832"}],"wp:featuredmedia":[{"embeddable":true,"href":"https:\/\/www.brikol.sk\/cs\/wp-json\/wp\/v2\/media\/17582"}],"wp:attachment":[{"href":"https:\/\/www.brikol.sk\/cs\/wp-json\/wp\/v2\/media?parent=17832"}],"wp:term":[{"taxonomy":"product_cat","embeddable":true,"href":"https:\/\/www.brikol.sk\/cs\/wp-json\/wp\/v2\/product_cat?post=17832"},{"taxonomy":"product_tag","embeddable":true,"href":"https:\/\/www.brikol.sk\/cs\/wp-json\/wp\/v2\/product_tag?post=17832"}],"curies":[{"name":"wp","href":"https:\/\/api.w.org\/{rel}","templated":true}]}}