{"id":17833,"date":"2023-11-30T09:10:32","date_gmt":"2023-11-30T08:10:32","guid":{"rendered":"https:\/\/www.brikol.sk\/produkt\/vzornik-lamel-zaluzii-sada\/"},"modified":"2023-11-30T09:10:32","modified_gmt":"2023-11-30T08:10:32","slug":"vzornik-lamel-zaluzii-sada","status":"publish","type":"product","link":"https:\/\/www.brikol.sk\/cs\/produkt\/vzornik-lamel-zaluzii-sada\/","title":{"rendered":"Vzorn\u00edk lamel \u017ealuzi\u00ed \/ sada"},"content":{"rendered":"<p><strong>Vzorn\u00edk lamel \u017ealuzi\u00ed<\/strong><\/p>\n<p>Vzorov\u00fd se\u0161it obsahuje lamely horizont\u00e1ln\u00edch \u017ealuzi\u00ed ISOLINE.<\/p>\n<p>Skl\u00e1d\u00e1 se z 83 r\u016fzn\u00fdch vzor\u016f lamel v r\u016fzn\u00fdch barv\u00e1ch od klasick\u00fdch b\u00edl\u00fdch a st\u0159\u00edbrn\u00fdch lamel a\u017e po oran\u017eov\u00e9, \u017elut\u00e9 a dokonce \u010dern\u00e9 lamely. Stejn\u011b tak ve vzorn\u00edku najdete i vzorky lamel \u017ealuzi\u00ed s dekorem d\u0159eva. Hladk\u00e9 lamely, ale tak\u00e9 vzorovan\u00fd a nerovn\u00fd povrch. Na v\u00fdb\u011br je velk\u00e9 mno\u017estv\u00ed barev, proto doporu\u010dujeme objednat vzorn\u00edk \u017ealuzi\u00ed p\u0159\u00edmo k v\u00e1m dom\u016f.<\/p>\n<p>Vn\u00edm\u00e1n\u00ed barev je subjektivn\u00ed, a proto se barevn\u00e9 t\u00f3ny nejl\u00e9pe ur\u010duj\u00ed podle vzorn\u00edk\u016f. Pokud si vyberete barvu sv\u00e9 budouc\u00ed \u017ealuzie podle vzorn\u00edku lamel, budete m\u00edt jasnou p\u0159edstavu o v\u00fdb\u011bru a v\u00fdsledn\u00e9m barevn\u00e9m odst\u00ednu lamel \u017ealuzie. Vzorn\u00edk lze um\u00edstit k oknu v pohodl\u00ed domova, abyste mohli sladit barvu lamel s barvou va\u0161eho interi\u00e9ru. Z\u00e1rove\u0148 uvid\u00edte odst\u00edny lamel p\u0159\u00edmo na sv\u011btle, kdy mohou vypadat jinak, ne\u017e kdy\u017e je vid\u00edte pouze na obr\u00e1zku. Zvolte si design lamel podle sv\u00fdch p\u0159edstav.<\/p>\n<p>Podle na\u0161ich podm\u00ednek n\u00e1m m\u016f\u017eete vzorkovn\u00edk do 14 kalend\u00e1\u0159n\u00edch dn\u016f vr\u00e1tit a z\u00edskat zp\u011bt plnou \u010d\u00e1stku v\u010detn\u011b po\u0161tovn\u00e9ho (po\u0161tovn\u00e9 zp\u011bt je na z\u00e1kazn\u00edkovi, proto doporu\u010dujeme zaslat vzorkovn\u00edk doporu\u010den\u00fdm dopisem 2. t\u0159\u00eddy, co\u017e je nejlevn\u011bj\u0161\u00ed zp\u016fsob vr\u00e1cen\u00ed). P\u0159i vr\u00e1cen\u00ed vzorku v\u00e1s po\u017e\u00e1d\u00e1me o sd\u011blen\u00ed \u010d\u00edsla \u00fa\u010dtu, na kter\u00fd m\u00e1me pen\u00edze zaslat.<\/p>\n<p>&nbsp;<\/p>\n","protected":false},"excerpt":{"rendered":"<p>Z\u00e1sobn\u00edk na vzorky obsahuje lamely horizont\u00e1ln\u00edch \u017ealuzi\u00ed Isoline.<\/p>\n<p>Podle na\u0161ich podm\u00ednek n\u00e1m m\u016f\u017eete vzorkovn\u00edk do 14 kalend\u00e1\u0159n\u00edch dn\u016f vr\u00e1tit a z\u00edskat zp\u011bt plnou \u010d\u00e1stku v\u010detn\u011b po\u0161tovn\u00e9ho (po\u0161tovn\u00e9 zp\u011bt je na z\u00e1kazn\u00edkovi, proto doporu\u010dujeme zaslat vzorkovn\u00edk doporu\u010den\u00fdm dopisem 2. t\u0159\u00eddy, co\u017e je nejlevn\u011bj\u0161\u00ed zp\u016fsob vr\u00e1cen\u00ed). P\u0159i vr\u00e1cen\u00ed vzorku v\u00e1s po\u017e\u00e1d\u00e1me o sd\u011blen\u00ed \u010d\u00edsla \u00fa\u010dtu, na kter\u00fd m\u00e1me pen\u00edze zaslat.<\/p>\n","protected":false},"featured_media":17407,"comment_status":"open","ping_status":"closed","template":"","meta":[],"product_cat":[134],"product_tag":[],"_links":{"self":[{"href":"https:\/\/www.brikol.sk\/cs\/wp-json\/wp\/v2\/product\/17833"}],"collection":[{"href":"https:\/\/www.brikol.sk\/cs\/wp-json\/wp\/v2\/product"}],"about":[{"href":"https:\/\/www.brikol.sk\/cs\/wp-json\/wp\/v2\/types\/product"}],"replies":[{"embeddable":true,"href":"https:\/\/www.brikol.sk\/cs\/wp-json\/wp\/v2\/comments?post=17833"}],"wp:featuredmedia":[{"embeddable":true,"href":"https:\/\/www.brikol.sk\/cs\/wp-json\/wp\/v2\/media\/17407"}],"wp:attachment":[{"href":"https:\/\/www.brikol.sk\/cs\/wp-json\/wp\/v2\/media?parent=17833"}],"wp:term":[{"taxonomy":"product_cat","embeddable":true,"href":"https:\/\/www.brikol.sk\/cs\/wp-json\/wp\/v2\/product_cat?post=17833"},{"taxonomy":"product_tag","embeddable":true,"href":"https:\/\/www.brikol.sk\/cs\/wp-json\/wp\/v2\/product_tag?post=17833"}],"curies":[{"name":"wp","href":"https:\/\/api.w.org\/{rel}","templated":true}]}}