{"id":17878,"date":"2023-10-09T14:21:09","date_gmt":"2023-10-09T12:21:09","guid":{"rendered":"https:\/\/www.brikol.sk\/produkt\/samolepici-tesneni-m\/"},"modified":"2026-01-12T14:28:30","modified_gmt":"2026-01-12T13:28:30","slug":"samolepici-tesneni-m","status":"publish","type":"product","link":"https:\/\/www.brikol.sk\/cs\/produkt\/samolepici-tesneni-m\/","title":{"rendered":"Samolepic\u00ed t\u011bsn\u011bn\u00ed \/ m"},"content":{"rendered":"<p>Samolepic\u00ed t\u011bsn\u011bn\u00ed Je va\u0161e p\u016fvodn\u00ed t\u011bsn\u011bn\u00ed oken nebo dve\u0159\u00ed star\u00e9, praskl\u00e9 nebo po\u0161kozen\u00e9? V\u00fdm\u011bna je rychl\u00e1 a snadn\u00e1 d\u00edky samolepic\u00edmu t\u011bsn\u011bn\u00ed. P\u00e1sku lze podle pot\u0159eby zkr\u00e1tit. D\u00edky sv\u00e9 univerz\u00e1ln\u00ed konstrukci se hod\u00ed pro v\u0161echny typy dve\u0159\u00ed. P\u00e1ska chr\u00e1n\u00ed dve\u0159e a okna p\u0159ed prudk\u00fdm n\u00e1razem, ut\u011bs\u0148uje sp\u00e1ry, zabra\u0148uje \u00faniku vody a sni\u017euje hluk. Samolepic\u00ed pry\u017eov\u00e9 t\u011bsn\u011bn\u00ed EPDM poskytuje vynikaj\u00edc\u00ed t\u011bsnic\u00ed vlastnosti. T\u011bsn\u011bn\u00ed oken a dve\u0159\u00ed jsou pota\u017eena vrstvou velmi siln\u00e9ho lepidla (p\u0159\u00edrodn\u00ed kau\u010duk), nav\u00edc vyztu\u017een\u00e9ho sklen\u011bn\u00fdmi vl\u00e1kny. Tato okenn\u00ed a dve\u0159n\u00ed t\u011bsn\u011bn\u00ed jsou ide\u00e1ln\u00ed pro ut\u011bsn\u011bn\u00ed oken a dve\u0159\u00ed, chr\u00e1n\u00ed p\u0159ed tepeln\u00fdmi ztr\u00e1tami, hlukem a prachem. Jak instalovat t\u011bsn\u011bn\u00ed na okna a dve\u0159e :<\/p>\n<ul>\n<li>p\u0159ed lepen\u00edm t\u011bsn\u011bn\u00ed povrch odmast\u011bte.<\/li>\n<li>postupn\u011b odstra\u0148te ochrannou p\u00e1sku<\/li>\n<li>dob\u0159e p\u0159itla\u010dte t\u011bsn\u011bn\u00ed k povrchu<\/li>\n<li>lepidlo p\u0159i teplot\u00e1ch nad +5 \u00b0C<\/li>\n<\/ul>\n<p>Barva: b\u00edl\u00e1, \u010dern\u00e1, hn\u011bd\u00e1<\/p>\n","protected":false},"excerpt":{"rendered":"<p>Gumov\u00e1 t\u011bsn\u011bn\u00ed oken a dve\u0159\u00ed. Samolepic\u00ed t\u011bsn\u011bn\u00ed oken a dve\u0159\u00ed je ide\u00e1ln\u00ed pro ut\u011bsn\u011bn\u00ed vn\u011bj\u0161\u00edch a vnit\u0159n\u00edch dve\u0159\u00ed. Samolepic\u00ed pry\u017eov\u00e9 t\u011bsn\u011bn\u00ed EPDM poskytuje vynikaj\u00edc\u00ed t\u011bsnic\u00ed vlastnosti. Samolepic\u00ed t\u011bsn\u011bn\u00ed pro okna a dve\u0159e jsou pota\u017eena vrstvou velmi siln\u00e9ho lepidla (lepic\u00ed pry\u017ee) dodate\u010dn\u011b vyztu\u017een\u00e9ho sklen\u011bn\u00fdmi vl\u00e1kny. Samolepic\u00ed okenn\u00ed a dve\u0159n\u00ed t\u011bsn\u011bn\u00ed je ide\u00e1ln\u00ed pro ut\u011bsn\u011bn\u00ed oken a dve\u0159\u00ed, kter\u00e9 chr\u00e1n\u00ed p\u0159ed tepeln\u00fdmi ztr\u00e1tami, hlukem a prachem.<\/p>\n","protected":false},"featured_media":17207,"comment_status":"open","ping_status":"closed","template":"","meta":[],"product_cat":[135],"product_tag":[],"_links":{"self":[{"href":"https:\/\/www.brikol.sk\/cs\/wp-json\/wp\/v2\/product\/17878"}],"collection":[{"href":"https:\/\/www.brikol.sk\/cs\/wp-json\/wp\/v2\/product"}],"about":[{"href":"https:\/\/www.brikol.sk\/cs\/wp-json\/wp\/v2\/types\/product"}],"replies":[{"embeddable":true,"href":"https:\/\/www.brikol.sk\/cs\/wp-json\/wp\/v2\/comments?post=17878"}],"wp:featuredmedia":[{"embeddable":true,"href":"https:\/\/www.brikol.sk\/cs\/wp-json\/wp\/v2\/media\/17207"}],"wp:attachment":[{"href":"https:\/\/www.brikol.sk\/cs\/wp-json\/wp\/v2\/media?parent=17878"}],"wp:term":[{"taxonomy":"product_cat","embeddable":true,"href":"https:\/\/www.brikol.sk\/cs\/wp-json\/wp\/v2\/product_cat?post=17878"},{"taxonomy":"product_tag","embeddable":true,"href":"https:\/\/www.brikol.sk\/cs\/wp-json\/wp\/v2\/product_tag?post=17878"}],"curies":[{"name":"wp","href":"https:\/\/api.w.org\/{rel}","templated":true}]}}