{"id":17890,"date":"2018-01-17T17:46:36","date_gmt":"2018-01-17T16:46:36","guid":{"rendered":"https:\/\/www.brikol.sk\/produkt\/zakladni-cast-isoline-bila-par\/"},"modified":"2018-01-17T17:46:36","modified_gmt":"2018-01-17T16:46:36","slug":"zakladni-cast-isoline-bila-par","status":"publish","type":"product","link":"https:\/\/www.brikol.sk\/cs\/produkt\/zakladni-cast-isoline-bila-par\/","title":{"rendered":"Z\u00e1kladn\u00ed \u010d\u00e1st isoline b\u00edl\u00e1 \/ p\u00e1r"},"content":{"rendered":"<p><strong>Z\u00e1kladn\u00ed \u010d\u00e1st isoline b\u00edl\u00e1<\/strong><\/p>\n<p>Pro \u017ealuzie od v\u00fdrobce Lamelland, Kasko, Parapety BB, Miba en.<\/p>\n<p>Z\u00e1kladn\u00ed \u010d\u00e1st izolinie slou\u017e\u00ed k upevn\u011bn\u00ed samotn\u00e9 \u017ealuzie k okenn\u00edmu k\u0159\u00eddlu. Nach\u00e1z\u00ed se v horn\u00edm nosn\u00edku \u017ealuzie skryt\u00e9m pod bo\u010dn\u00edm krytem. Stejn\u011b tak je k dispozici <a href=\"https:\/\/www.brikol.sk\/produkt\/vedenie-retiazky-pre-isoline\/\">\u0159et\u00edzkov\u00e9 veden\u00ed<\/a>, kter\u00fdm proch\u00e1z\u00ed kuli\u010dkov\u00e1 \u0161\u0148\u016fra pro ovl\u00e1d\u00e1n\u00ed cel\u00e9 \u017ealuzie a \u017ealuziov\u00e9ho <a href=\"https:\/\/www.brikol.sk\/produkt\/silon-zilka-zaluzie\/\">silonu<\/a>. Hedv\u00e1b\u00ed se upevn\u00ed u z\u00e1kladny a pot\u00e9 se nat\u00e1hne po cel\u00e9 d\u00e9lce. Z\u00e1rove\u0148 je d\u016fle\u017eit\u00fd, proto\u017ee dr\u017e\u00ed kuli\u010dkov\u00fd \u0159et\u011bz a silon.<\/p>\n<p>V\u00fdm\u011bna z\u00e1kladn\u00edho d\u00edlu Isoline pro \u017ealuzie nen\u00ed obt\u00ed\u017en\u00e1.<\/p>\n<p><strong>Postup<\/strong><\/p>\n<ol>\n<li>Sklopte bo\u010dn\u00ed kryty \u017ealuzi\u00ed<\/li>\n<li>Pomoc\u00ed \u0161roubov\u00e1ku vy\u0161roubujte \u0161rouby, kter\u00e9 dr\u017e\u00ed \u017ealuzii, a pot\u00e9 \u017ealuzii odklopte z okenn\u00edho k\u0159\u00eddla a polo\u017ete ji na parapetn\u00ed desku.<\/li>\n<li>Odstra\u0148te silon ze star\u00e9ho z\u00e1kladn\u00edho d\u00edlu (pokud je to strana s ovl\u00e1d\u00e1n\u00edm \u017ealuzie, odstra\u0148te tak\u00e9 vodic\u00ed \u0159et\u011bz).<\/li>\n<li>Odstra\u0148te star\u00fd d\u00edl a nahra\u010fte jej nov\u00fdm.<\/li>\n<li>Znovu navl\u00e9kn\u011bte silon (pokud je to strana s ovl\u00e1d\u00e1n\u00edm \u017ealuzie, um\u00edst\u011bte vod\u00edtko \u0159et\u011bzu na stejn\u00e9 m\u00edsto).<\/li>\n<li>Zasu\u0148te nov\u00fd z\u00e1kladn\u00ed d\u00edl do nosn\u00edku a p\u0159i\u0161roubujte jej zp\u011bt na okenn\u00ed k\u0159\u00eddlo.<\/li>\n<li>Ut\u00e1hn\u011bte m\u011bch tak, aby nez\u016fstal voln\u00fd.<\/li>\n<li>Nasazen\u00ed bo\u010dn\u00edch kryt\u016f<\/li>\n<\/ol>\n<p>P\u0159i v\u00fdm\u011bn\u011b z\u00e1kladny doporu\u010dujeme zkontrolovat kvalitu silonu. V p\u0159\u00edpad\u011b oslaben\u00ed nebo opot\u0159eben\u00ed je lep\u0161\u00ed silon vym\u011bnit, a pokud m\u00e1te slo\u017eenou \u017ealuzii, m\u016f\u017eete to ud\u011blat najednou.<\/p>\n","protected":false},"excerpt":{"rendered":"<p>Z\u00e1kladn\u00ed \u010d\u00e1st horizont\u00e1ln\u00edch \u017ealuzi\u00ed pro \u017ealuzie od v\u00fdrobce Lamelland, Kasko, Parapety BB, Miba en<\/p>\n","protected":false},"featured_media":21059,"comment_status":"closed","ping_status":"closed","template":"","meta":[],"product_cat":[132,137],"product_tag":[],"_links":{"self":[{"href":"https:\/\/www.brikol.sk\/cs\/wp-json\/wp\/v2\/product\/17890"}],"collection":[{"href":"https:\/\/www.brikol.sk\/cs\/wp-json\/wp\/v2\/product"}],"about":[{"href":"https:\/\/www.brikol.sk\/cs\/wp-json\/wp\/v2\/types\/product"}],"replies":[{"embeddable":true,"href":"https:\/\/www.brikol.sk\/cs\/wp-json\/wp\/v2\/comments?post=17890"}],"wp:featuredmedia":[{"embeddable":true,"href":"https:\/\/www.brikol.sk\/cs\/wp-json\/wp\/v2\/media\/21059"}],"wp:attachment":[{"href":"https:\/\/www.brikol.sk\/cs\/wp-json\/wp\/v2\/media?parent=17890"}],"wp:term":[{"taxonomy":"product_cat","embeddable":true,"href":"https:\/\/www.brikol.sk\/cs\/wp-json\/wp\/v2\/product_cat?post=17890"},{"taxonomy":"product_tag","embeddable":true,"href":"https:\/\/www.brikol.sk\/cs\/wp-json\/wp\/v2\/product_tag?post=17890"}],"curies":[{"name":"wp","href":"https:\/\/api.w.org\/{rel}","templated":true}]}}