{"id":17892,"date":"2024-01-12T10:52:38","date_gmt":"2024-01-12T09:52:38","guid":{"rendered":"https:\/\/www.brikol.sk\/produkt\/samozaviraci-zaves-pro-paravanove-dvere-kus\/"},"modified":"2024-10-02T13:19:41","modified_gmt":"2024-10-02T11:19:41","slug":"samozaviraci-zaves-pro-paravanove-dvere-kus","status":"publish","type":"product","link":"https:\/\/www.brikol.sk\/cs\/produkt\/samozaviraci-zaves-pro-paravanove-dvere-kus\/","title":{"rendered":"Samozav\u00edrac\u00ed z\u00e1v\u011bs pro parav\u00e1nov\u00e9 dve\u0159e \/ kus"},"content":{"rendered":"<h2><strong>Samozav\u00edrac\u00ed plastov\u00fd z\u00e1v\u011bs pro parav\u00e1nov\u00e9 dve\u0159e<\/strong><\/h2>\n<p>  Samozav\u00edrac\u00ed z\u00e1v\u011bs pro parav\u00e1nov\u00e9 dve\u0159e ur\u010den\u00fd pro parav\u00e1nov\u00e9 dve\u0159e z profilu 40&#215;20 nebo 50&#215;20. Nastaviteln\u00e1 p\u0159\u00edtla\u010dn\u00e1 s\u00edla z\u00e1v\u011bsu. Nastavuje se ot\u00e1\u010den\u00edm pru\u017einy. Obvykle se na jedny parav\u00e1nov\u00e9 dve\u0159e pou\u017e\u00edvaj\u00ed dva samozav\u00edrac\u00ed panty a jeden oby\u010dejn\u00fd pant, ale v\u0161echny t\u0159i panty m\u016f\u017eete vym\u011bnit za samozav\u00edrac\u00ed. Z\u00e1v\u011bs mus\u00ed b\u00fdt po mont\u00e1\u017ei napnut, tj. pru\u017eina se mus\u00ed ot\u00e1\u010det. Funkci samo\u010dinn\u00e9ho zav\u00edr\u00e1n\u00ed lze zapnout a vypnout, pokud je nutn\u00e9 nechat s\u00ed\u0165ov\u00e9 dve\u0159e v otev\u0159en\u00e9 poloze. Funkci samo\u010dinn\u00e9ho zav\u00edr\u00e1n\u00ed vypnete jednoduch\u00fdm zatla\u010den\u00edm nebo vyta\u017een\u00edm spodn\u00edho \u0161roubu. <strong>Zatla\u010den\u00ed<\/strong> &#8211; dve\u0159e se samy zav\u0159ou <strong>Vyta\u017een\u00ed<\/strong> &#8211; dve\u0159e z\u016fstanou otev\u0159en\u00e9.  <strong>Pozor! Po uvoln\u011bn\u00ed pru\u017einy je t\u0159eba z\u00e1v\u011bs znovu napnout \u0161roubov\u00e1kem a teprve pot\u00e9 \u0161roub zatla\u010dit.<\/strong><\/p>\n<p><span style=\"text-decoration: underline;\"><strong>Jak zjistit, zda jsou panty lev\u00e9 nebo prav\u00e9?  <\/strong><\/span>  Postavte se p\u0159ed s\u00ed\u0165ov\u00e9 dve\u0159e tak, aby sm\u011br otev\u00edr\u00e1n\u00ed sm\u011b\u0159oval k v\u00e1m. Pokud m\u00e1te panty na prav\u00e9 stran\u011b, jsou prav\u00e9, a pokud na lev\u00e9 stran\u011b, m\u00e1te lev\u00e9 panty.  <span style=\"font-size: 105%;\"><strong><span style=\"color: #ed1c24;\">Z\u00e1v\u011bsy v\u0161ak lze na dve\u0159e namontovat univerz\u00e1ln\u011b bez ohledu na to, zda jsou prav\u00e9 nebo lev\u00e9, p\u0159i\u0161roubovan\u00e9 dol\u016f nebo nahoru. Zachov\u00e1na je i funkce z\u00e1v\u011bs\u016f.<\/span><\/strong><\/span>  Z\u00e1v\u011bsy lze vybrat podle barvy r\u00e1mu dve\u0159\u00ed. Barevn\u00e9 proveden\u00ed:  <\/p>\n<ul>\n<li>B\u00edl\u00e1<\/li>\n<li>Zlat\u00fd dub<\/li>\n<li>Sv\u011btle hn\u011bd\u00e1<\/li>\n<li>Tmav\u011b hn\u011bd\u00e1<\/li>\n<\/ul>\n<p>  Pokud je s\u00ed\u0165ka na dve\u0159\u00edch po\u0161kozen\u00e1, nab\u00edz\u00edme tak\u00e9 <a href=\"https:\/\/www.brikol.sk\/produkt\/nahradna-sietovina-pre-sietky-proti-hmyzu-100-cm-meter\/\">n\u00e1hradn\u00ed s\u00ed\u0165ku<\/a> a t\u011bsn\u011bn\u00ed z\u00e1mku.<\/p>\n","protected":false},"excerpt":{"rendered":"<h2><strong>Samozav\u00edrac\u00ed plastov\u00fd z\u00e1v\u011bs pro parav\u00e1nov\u00e9 dve\u0159e<\/strong><\/h2>\n<p>  Ur\u010deno pro parav\u00e1nov\u00e9 dve\u0159e z profilu 40&#215;20 nebo 50&#215;20. Nastaviteln\u00e1 p\u0159\u00edtla\u010dn\u00e1 s\u00edla z\u00e1v\u011bsu. Po mont\u00e1\u017ei je t\u0159eba z\u00e1v\u011bs napnout, tj. pooto\u010dit pru\u017einou. Funkci samo\u010dinn\u00e9ho zav\u00edr\u00e1n\u00ed lze zapnout a vypnout.  <span style=\"font-size: 105%;\"><strong><span style=\"color: #ed1c24;\">Z\u00e1v\u011bsy v\u0161ak lze na dve\u0159e namontovat univerz\u00e1ln\u011b bez ohledu na to, zda jsou prav\u00e9 nebo lev\u00e9, p\u0159i\u0161roubovan\u00e9 dol\u016f nebo nahoru. Jejich funkce z\u016fstane zachov\u00e1na.<\/span><\/strong><\/span><\/p>\n","protected":false},"featured_media":17547,"comment_status":"open","ping_status":"closed","template":"","meta":[],"product_cat":[130,143],"product_tag":[],"_links":{"self":[{"href":"https:\/\/www.brikol.sk\/cs\/wp-json\/wp\/v2\/product\/17892"}],"collection":[{"href":"https:\/\/www.brikol.sk\/cs\/wp-json\/wp\/v2\/product"}],"about":[{"href":"https:\/\/www.brikol.sk\/cs\/wp-json\/wp\/v2\/types\/product"}],"replies":[{"embeddable":true,"href":"https:\/\/www.brikol.sk\/cs\/wp-json\/wp\/v2\/comments?post=17892"}],"wp:featuredmedia":[{"embeddable":true,"href":"https:\/\/www.brikol.sk\/cs\/wp-json\/wp\/v2\/media\/17547"}],"wp:attachment":[{"href":"https:\/\/www.brikol.sk\/cs\/wp-json\/wp\/v2\/media?parent=17892"}],"wp:term":[{"taxonomy":"product_cat","embeddable":true,"href":"https:\/\/www.brikol.sk\/cs\/wp-json\/wp\/v2\/product_cat?post=17892"},{"taxonomy":"product_tag","embeddable":true,"href":"https:\/\/www.brikol.sk\/cs\/wp-json\/wp\/v2\/product_tag?post=17892"}],"curies":[{"name":"wp","href":"https:\/\/api.w.org\/{rel}","templated":true}]}}