{"id":17901,"date":"2024-01-08T13:19:53","date_gmt":"2024-01-08T12:19:53","guid":{"rendered":"https:\/\/www.brikol.sk\/produkt\/zakladni-dil-isoline-prim-par\/"},"modified":"2024-10-02T13:20:22","modified_gmt":"2024-10-02T11:20:22","slug":"zakladni-dil-isoline-prim-par","status":"publish","type":"product","link":"https:\/\/www.brikol.sk\/cs\/produkt\/zakladni-dil-isoline-prim-par\/","title":{"rendered":"Z\u00e1kladn\u00ed d\u00edl ISOLINE PRIM \/ p\u00e1r"},"content":{"rendered":"<p><span style=\"font-size: 110%;\"><strong>Z\u00e1kladn\u00ed d\u00edl ISOLINE PRIM<\/strong><\/span><\/p>\n<ul>\n<li><span lang=\"sk\">veden\u00ed \u0159et\u011bzu (strana \u017ealuzie)<\/span><\/li>\n<li>se nasazuje na horn\u00ed profil \u017ealuzie z obou stran.<\/li>\n<li><span lang=\"sk\">kompatibiln\u00ed pouze se \u017ealuziemi <strong>Kasko &#8211; Prim <\/strong>&#8211; jedn\u00e1 se o \u017ealuzie se zak\u0159iven\u00fdm horn\u00edm profilem.  <\/span><\/li>\n<\/ul>\n<p>&nbsp;<\/p>\n","protected":false},"excerpt":{"rendered":"<ul>\n<li><span lang=\"sk\">veden\u00ed \u0159et\u011bzu (strana \u017ealuzie)<\/span><\/li>\n<li>se na horn\u00ed profil \u017ealuzie nasazuje z obou stran. Z jedn\u00e9 strany vede kuli\u010dkov\u00e1 \u0161\u0148\u016fra k ovl\u00e1d\u00e1n\u00ed lamel \u017ealuzie.<\/li>\n<li><span lang=\"sk\">kompatibiln\u00ed pouze se \u017ealuziemi <strong>Kasko &#8211; Prim <\/strong>&#8211; jedn\u00e1 se o \u017ealuzie se zak\u0159iven\u00fdm horn\u00edm profilem.  <\/span><\/li>\n<\/ul>\n","protected":false},"featured_media":17507,"comment_status":"open","ping_status":"closed","template":"","meta":[],"product_cat":[132,137],"product_tag":[],"_links":{"self":[{"href":"https:\/\/www.brikol.sk\/cs\/wp-json\/wp\/v2\/product\/17901"}],"collection":[{"href":"https:\/\/www.brikol.sk\/cs\/wp-json\/wp\/v2\/product"}],"about":[{"href":"https:\/\/www.brikol.sk\/cs\/wp-json\/wp\/v2\/types\/product"}],"replies":[{"embeddable":true,"href":"https:\/\/www.brikol.sk\/cs\/wp-json\/wp\/v2\/comments?post=17901"}],"wp:featuredmedia":[{"embeddable":true,"href":"https:\/\/www.brikol.sk\/cs\/wp-json\/wp\/v2\/media\/17507"}],"wp:attachment":[{"href":"https:\/\/www.brikol.sk\/cs\/wp-json\/wp\/v2\/media?parent=17901"}],"wp:term":[{"taxonomy":"product_cat","embeddable":true,"href":"https:\/\/www.brikol.sk\/cs\/wp-json\/wp\/v2\/product_cat?post=17901"},{"taxonomy":"product_tag","embeddable":true,"href":"https:\/\/www.brikol.sk\/cs\/wp-json\/wp\/v2\/product_tag?post=17901"}],"curies":[{"name":"wp","href":"https:\/\/api.w.org\/{rel}","templated":true}]}}