{"id":17903,"date":"2023-12-18T13:41:57","date_gmt":"2023-12-18T12:41:57","guid":{"rendered":"https:\/\/www.brikol.sk\/produkt\/sterka-na-glazovani-bohle-ks\/"},"modified":"2026-01-13T11:22:37","modified_gmt":"2026-01-13T10:22:37","slug":"sterka-na-glazovani-bohle-ks","status":"publish","type":"product","link":"https:\/\/www.brikol.sk\/cs\/produkt\/sterka-na-glazovani-bohle-ks\/","title":{"rendered":"St\u011brka na glazov\u00e1n\u00ed BOHLE \/ ks"},"content":{"rendered":"<p><span class=\"Y2IQFc\" lang=\"sk\">Profesion\u00e1ln\u00ed st\u011brka na glazov\u00e1n\u00ed BOHLE v <strong>kvalitn\u00edm posypu<\/strong>.<\/span><\/p>\n<ul>\n<li class=\"tw-data-text tw-text-large tw-ta\" dir=\"ltr\" data-placeholder=\"P\u0159eklad\"><span class=\"Y2IQFc\" lang=\"sk\">pou\u017e\u00edvan\u00e9 mont\u00e9ry oken nebo zaskl\u00edva\u010di <\/span><\/li>\n<li class=\"tw-data-text tw-text-large tw-ta\" dir=\"ltr\" data-placeholder=\"P\u0159eklad\"><span class=\"Y2IQFc\" lang=\"sk\">pou\u017e\u00edv\u00e1 se k <strong>vyzvednut\u00ed<\/strong> izola\u010dn\u00edho skla \/ b\u0159emen a n\u00e1sledn\u00e9mu podlo\u017een\u00ed <a href=\"https:\/\/www.brikol.sk\/produkt\/podlozka-pod-hst-portal\/\">distan\u010dn\u00edmi podlo\u017ekami.<\/a><\/span><\/li>\n<\/ul>\n<p><span style=\"font-size: 75%;\">Zbo\u017e\u00ed je v extern\u00edm skladu a m\u016f\u017ee b\u00fdt odesl\u00e1no b\u011bhem 2 &#8211; 3 pracovn\u00edch dn\u016f.<\/span><\/p>\n","protected":false},"excerpt":{"rendered":"<p><span class=\"Y2IQFc\" lang=\"sk\">Profesion\u00e1ln\u00ed st\u011brka na glazov\u00e1n\u00ed v <strong>kvalitn\u00edm posypu<\/strong>.<\/span><\/p>\n<ul>\n<li class=\"tw-data-text tw-text-large tw-ta\" dir=\"ltr\" data-placeholder=\"P\u0159eklad\"><span class=\"Y2IQFc\" lang=\"sk\">pou\u017e\u00edvan\u00e9 mont\u00e9ry oken nebo zaskl\u00edva\u010di <\/span><\/li>\n<li class=\"tw-data-text tw-text-large tw-ta\" dir=\"ltr\" data-placeholder=\"P\u0159eklad\"><span class=\"Y2IQFc\" lang=\"sk\">pou\u017e\u00edv\u00e1 se k <strong>vyzvednut\u00ed<\/strong> izola\u010dn\u00edho skla \/ b\u0159emen a n\u00e1sledn\u00e9mu podlo\u017een\u00ed distan\u010dn\u00edmi podlo\u017ekami.<\/span><\/li>\n<\/ul>\n","protected":false},"featured_media":17447,"comment_status":"open","ping_status":"closed","template":"","meta":[],"product_cat":[136,220,129],"product_tag":[],"_links":{"self":[{"href":"https:\/\/www.brikol.sk\/cs\/wp-json\/wp\/v2\/product\/17903"}],"collection":[{"href":"https:\/\/www.brikol.sk\/cs\/wp-json\/wp\/v2\/product"}],"about":[{"href":"https:\/\/www.brikol.sk\/cs\/wp-json\/wp\/v2\/types\/product"}],"replies":[{"embeddable":true,"href":"https:\/\/www.brikol.sk\/cs\/wp-json\/wp\/v2\/comments?post=17903"}],"wp:featuredmedia":[{"embeddable":true,"href":"https:\/\/www.brikol.sk\/cs\/wp-json\/wp\/v2\/media\/17447"}],"wp:attachment":[{"href":"https:\/\/www.brikol.sk\/cs\/wp-json\/wp\/v2\/media?parent=17903"}],"wp:term":[{"taxonomy":"product_cat","embeddable":true,"href":"https:\/\/www.brikol.sk\/cs\/wp-json\/wp\/v2\/product_cat?post=17903"},{"taxonomy":"product_tag","embeddable":true,"href":"https:\/\/www.brikol.sk\/cs\/wp-json\/wp\/v2\/product_tag?post=17903"}],"curies":[{"name":"wp","href":"https:\/\/api.w.org\/{rel}","templated":true}]}}