{"id":17904,"date":"2023-11-30T10:41:07","date_gmt":"2023-11-30T09:41:07","guid":{"rendered":"https:\/\/www.brikol.sk\/produkt\/nuzky-pro-sikme-rezy-ks\/"},"modified":"2026-01-13T11:23:13","modified_gmt":"2026-01-13T10:23:13","slug":"nuzky-pro-sikme-rezy-ks","status":"publish","type":"product","link":"https:\/\/www.brikol.sk\/cs\/produkt\/nuzky-pro-sikme-rezy-ks\/","title":{"rendered":"N\u016f\u017eky pro \u0161ikm\u00e9 \u0159ezy \/ ks"},"content":{"rendered":"<p>Pro \u0159ez\u00e1n\u00ed plastov\u00fdch, pry\u017eov\u00fdch a m\u011bkk\u00fdch d\u0159ev\u011bn\u00fdch profil\u016f bez jejich deformace, tak\u00e9 pro ploch\u00e9 kabely do \u0161\u00ed\u0159ky 56 mm.<\/p>\n<p>Vym\u011bniteln\u00e9 upevn\u011bn\u00ed b\u0159itu s \u00fahlov\u00fdm dorazem pro \u0159ezy pod \u00fahlem 45\u00b0 a zna\u010dkami pro \u0159ezy pod \u00fahly 60\u00b0, 75\u00b0 a 90\u00b0.<\/p>\n<p>S otev\u00edrac\u00ed pru\u017einou a uzamykac\u00ed z\u00e1padkou.<\/p>\n<p>T\u011blo n\u00e1stroje:<\/p>\n<p>speci\u00e1ln\u00ed n\u00e1strojov\u00e1 ocel, v\u00e1lcovan\u00e1, kalen\u00e1 v oleji.<\/p>\n<p>\u010depel: standardn\u00ed lichob\u011b\u017en\u00edkov\u00e1 \u010depel, vym\u011bniteln\u00e1.<\/p>\n","protected":false},"excerpt":{"rendered":"<p>Pro \u0159ez\u00e1n\u00ed plastov\u00fdch, pry\u017eov\u00fdch a m\u011bkk\u00fdch d\u0159ev\u011bn\u00fdch profil\u016f bez jejich deformace, tak\u00e9 pro ploch\u00e9 kabely do \u0161\u00ed\u0159ky 56 mm.<\/p>\n<p>Vym\u011bniteln\u00e9 upevn\u011bn\u00ed b\u0159itu s \u00fahlov\u00fdm dorazem pro \u0159ezy pod \u00fahlem 45\u00b0 a zna\u010dkami pro \u0159ezy pod \u00fahly 60\u00b0, 75\u00b0 a 90\u00b0.<\/p>\n<p>S otev\u00edrac\u00ed pru\u017einou a uzamykac\u00ed z\u00e1padkou.<\/p>\n<p><span style=\"text-decoration: underline;\">T\u011blo n\u00e1stroje:<\/span> speci\u00e1ln\u00ed n\u00e1strojov\u00e1 ocel, v\u00e1lcovan\u00e1, kalen\u00e1 v oleji.<\/p>\n<p><span style=\"text-decoration: underline;\">\u010cepel:<\/span> standardn\u00ed lichob\u011b\u017en\u00edkov\u00e1 \u010depel, vym\u011bniteln\u00e1.<\/p>\n","protected":false},"featured_media":17412,"comment_status":"open","ping_status":"closed","template":"","meta":[],"product_cat":[135,136],"product_tag":[],"_links":{"self":[{"href":"https:\/\/www.brikol.sk\/cs\/wp-json\/wp\/v2\/product\/17904"}],"collection":[{"href":"https:\/\/www.brikol.sk\/cs\/wp-json\/wp\/v2\/product"}],"about":[{"href":"https:\/\/www.brikol.sk\/cs\/wp-json\/wp\/v2\/types\/product"}],"replies":[{"embeddable":true,"href":"https:\/\/www.brikol.sk\/cs\/wp-json\/wp\/v2\/comments?post=17904"}],"wp:featuredmedia":[{"embeddable":true,"href":"https:\/\/www.brikol.sk\/cs\/wp-json\/wp\/v2\/media\/17412"}],"wp:attachment":[{"href":"https:\/\/www.brikol.sk\/cs\/wp-json\/wp\/v2\/media?parent=17904"}],"wp:term":[{"taxonomy":"product_cat","embeddable":true,"href":"https:\/\/www.brikol.sk\/cs\/wp-json\/wp\/v2\/product_cat?post=17904"},{"taxonomy":"product_tag","embeddable":true,"href":"https:\/\/www.brikol.sk\/cs\/wp-json\/wp\/v2\/product_tag?post=17904"}],"curies":[{"name":"wp","href":"https:\/\/api.w.org\/{rel}","templated":true}]}}