{"id":17905,"date":"2023-11-23T09:23:14","date_gmt":"2023-11-23T08:23:14","guid":{"rendered":"https:\/\/www.brikol.sk\/produkt\/isoline-kulova-snura-retizek-konektor-ks\/"},"modified":"2024-10-02T13:24:44","modified_gmt":"2024-10-02T11:24:44","slug":"isoline-kulova-snura-retizek-konektor-ks","status":"publish","type":"product","link":"https:\/\/www.brikol.sk\/cs\/produkt\/isoline-kulova-snura-retizek-konektor-ks\/","title":{"rendered":"ISOLINE kulov\u00e1 \u0161\u0148\u016fra (\u0159et\u00edzek) konektor \/ ks"},"content":{"rendered":"<p><strong>Kulov\u00e1 \u0161\u0148\u016frov\u00e1 spojka ISOLINE<\/strong> je univerz\u00e1ln\u00ed spojka, kter\u00e1 je ur\u010dena pro v\u0161echny typy vodorovn\u00fdch v\u00ed\u0159ivek s <a href=\"https:\/\/www.brikol.sk\/produkt\/gulickova-snura-retiazka-na-zaluzie-nahradne-diely-na-zaluzie\/\">pr\u016fm\u011brem \u0159et\u011bzu 3,2 mm.<\/a> Upevn\u011bn\u00ed \u0159et\u011bzu v kulov\u00e9 \u0161\u0148\u016frov\u00e9 spojce ISOLINE je snadn\u00e9.<br \/>\nVezmete jeden konec kulov\u00e9 \u0161\u0148\u016fry, posledn\u00ed kuli\u010dku zasunete do dr\u00e1\u017eky uprost\u0159ed spojky.  Zopakujte postup s druh\u00fdm koncem kuli\u010dkov\u00e9 \u0161\u0148\u016fry. Zatla\u010dte posledn\u00ed kuli\u010dku uprost\u0159ed spojky do dr\u00e1\u017eky. Spojka zajist\u00ed, abyste mohli se \u017ealuziemi op\u011bt manipulovat, a to tak, \u017ee ovl\u00e1d\u00e1te kuli\u010dkovou \u0161\u0148\u016fru k ovl\u00e1d\u00e1n\u00ed \u017ealuzi\u00ed.<br \/>\nM\u016f\u017eete si vybrat z r\u016fzn\u00fdch barevn\u00fdch proveden\u00ed spojek:   <\/p>\n<ul>\n<li>B\u00edl\u00e1<\/li>\n<li>Sv\u011btle hn\u011bd\u00e1<\/li>\n<li>Tmav\u011b hn\u011bd\u00e1<\/li>\n<li>Grey<\/li>\n<li>Pr\u016fsvitn\u00e9<\/li>\n<\/ul>\n<p>  Pr\u016fsvitn\u00e1 barva spojky je barva, kter\u00e1 se hod\u00ed k jak\u00e9koli barv\u011b kuli\u010dkov\u00e9 \u0161\u0148\u016fry a plastov\u00fdch dopl\u0148k\u016f na \u017ealuzi\u00edch.  &nbsp;<\/p>\n<p>&nbsp;<\/p>\n<div class=\"tab tab-1\">\n<div class=\"text\">\n<p>&nbsp;<\/p>\n<\/div>\n<\/div>\n","protected":false},"excerpt":{"rendered":"<p>Univerz\u00e1ln\u00ed spojka ur\u010den\u00e1 pro horizont\u00e1ln\u00ed \u017ealuzie ovl\u00e1dan\u00e9 pomoc\u00ed <span style=\"text-decoration: underline;\"><strong>\u0159et\u00edzkem o pr\u016fm\u011bru 3,2 mm.<\/strong><\/span><\/p>\n","protected":false},"featured_media":17297,"comment_status":"open","ping_status":"closed","template":"","meta":[],"product_cat":[132,140,137,138,139,133,141],"product_tag":[],"_links":{"self":[{"href":"https:\/\/www.brikol.sk\/cs\/wp-json\/wp\/v2\/product\/17905"}],"collection":[{"href":"https:\/\/www.brikol.sk\/cs\/wp-json\/wp\/v2\/product"}],"about":[{"href":"https:\/\/www.brikol.sk\/cs\/wp-json\/wp\/v2\/types\/product"}],"replies":[{"embeddable":true,"href":"https:\/\/www.brikol.sk\/cs\/wp-json\/wp\/v2\/comments?post=17905"}],"wp:featuredmedia":[{"embeddable":true,"href":"https:\/\/www.brikol.sk\/cs\/wp-json\/wp\/v2\/media\/17297"}],"wp:attachment":[{"href":"https:\/\/www.brikol.sk\/cs\/wp-json\/wp\/v2\/media?parent=17905"}],"wp:term":[{"taxonomy":"product_cat","embeddable":true,"href":"https:\/\/www.brikol.sk\/cs\/wp-json\/wp\/v2\/product_cat?post=17905"},{"taxonomy":"product_tag","embeddable":true,"href":"https:\/\/www.brikol.sk\/cs\/wp-json\/wp\/v2\/product_tag?post=17905"}],"curies":[{"name":"wp","href":"https:\/\/api.w.org\/{rel}","templated":true}]}}