{"id":17913,"date":"2020-04-02T11:19:02","date_gmt":"2020-04-02T09:19:02","guid":{"rendered":"https:\/\/www.brikol.sk\/produkt\/zakladni-dil-isotra-1-par\/"},"modified":"2020-04-02T11:19:02","modified_gmt":"2020-04-02T09:19:02","slug":"zakladni-dil-isotra-1-par","status":"publish","type":"product","link":"https:\/\/www.brikol.sk\/cs\/produkt\/zakladni-dil-isotra-1-par\/","title":{"rendered":"Z\u00e1kladn\u00ed d\u00edl isotra 1 \/ p\u00e1r"},"content":{"rendered":"<p><strong>Z\u00e1kladn\u00ed \u010d\u00e1st izotry<\/strong><\/p>\n<p>Z\u00e1kladn\u00ed d\u00edl ur\u010den\u00fd pro \u017ealuzie od v\u00fdrobce ISOTRA.<\/p>\n<p>V\u010detn\u011b vod\u00edtka \u0159et\u011bzu a kuli\u010dkov\u00e9ho kola \u0159et\u011bzu. Ovl\u00e1dac\u00ed h\u0159\u00eddel m\u00e1 tvar zkr\u00e1cen\u00e9ho kruhu.<\/p>\n","protected":false},"excerpt":{"rendered":"<p>Z\u00e1kladn\u00ed d\u00edl je ur\u010den pro \u017ealuzie od v\u00fdrobce ISOTRA, z\u00e1kladn\u00ed d\u00edl je v\u010detn\u011b veden\u00ed \u0159et\u011bzu spolu s kuli\u010dkov\u00fdm \u0159et\u011bzov\u00fdm kolem. Ovl\u00e1dac\u00ed h\u0159\u00eddel m\u00e1 tvar zkr\u00e1cen\u00e9ho kruhu.<\/p>\n","protected":false},"featured_media":14172,"comment_status":"open","ping_status":"closed","template":"","meta":[],"product_cat":[132,138],"product_tag":[],"_links":{"self":[{"href":"https:\/\/www.brikol.sk\/cs\/wp-json\/wp\/v2\/product\/17913"}],"collection":[{"href":"https:\/\/www.brikol.sk\/cs\/wp-json\/wp\/v2\/product"}],"about":[{"href":"https:\/\/www.brikol.sk\/cs\/wp-json\/wp\/v2\/types\/product"}],"replies":[{"embeddable":true,"href":"https:\/\/www.brikol.sk\/cs\/wp-json\/wp\/v2\/comments?post=17913"}],"wp:featuredmedia":[{"embeddable":true,"href":"https:\/\/www.brikol.sk\/cs\/wp-json\/wp\/v2\/media\/14172"}],"wp:attachment":[{"href":"https:\/\/www.brikol.sk\/cs\/wp-json\/wp\/v2\/media?parent=17913"}],"wp:term":[{"taxonomy":"product_cat","embeddable":true,"href":"https:\/\/www.brikol.sk\/cs\/wp-json\/wp\/v2\/product_cat?post=17913"},{"taxonomy":"product_tag","embeddable":true,"href":"https:\/\/www.brikol.sk\/cs\/wp-json\/wp\/v2\/product_tag?post=17913"}],"curies":[{"name":"wp","href":"https:\/\/api.w.org\/{rel}","templated":true}]}}