{"id":17925,"date":"2023-11-23T14:12:51","date_gmt":"2023-11-23T13:12:51","guid":{"rendered":"https:\/\/www.brikol.sk\/produkt\/snura-pro-vnejsi-rolety-m\/"},"modified":"2023-11-23T14:12:51","modified_gmt":"2023-11-23T13:12:51","slug":"snura-pro-vnejsi-rolety-m","status":"publish","type":"product","link":"https:\/\/www.brikol.sk\/cs\/produkt\/snura-pro-vnejsi-rolety-m\/","title":{"rendered":"\u0160\u0148\u016fra pro vn\u011bj\u0161\u00ed rolety \/ m"},"content":{"rendered":"<div class=\"p-short-description\" data-testid=\"productCardShortDescr\">\n<p><strong>\u0160\u0148\u016fra pro vn\u011bj\u0161\u00ed rolety<\/strong><\/p>\n<p>Roletov\u00e1 \u0161\u0148\u016fra je b\u00edle \u017e\u00edhan\u00e1, p\u0159i manipulaci se roleta nav\u00edj\u00ed do nav\u00edjec\u00edho stroje.<\/p>\n<p>pr\u016fm\u011br \u0161\u0148\u016fry 4,3 mm<\/p>\n<p><strong>Zbo\u017e\u00ed se dod\u00e1v\u00e1 na standardn\u00edch m\u011b\u0159idlech.<\/strong><\/p>\n<p><strong> <\/strong><\/p>\n<\/div>\n","protected":false},"excerpt":{"rendered":"<p>Roletov\u00e1 \u0161\u0148\u016fra je b\u00edle \u017e\u00edhan\u00e1, p\u0159i manipulaci se roleta nav\u00edj\u00ed do nav\u00edjec\u00edho stroje.<\/p>\n<p>pr\u016fm\u011br \u0161\u0148\u016fry 4,3 mm<\/p>\n<p><strong>Zbo\u017e\u00ed se dod\u00e1v\u00e1 na standardn\u00edch m\u011b\u0159idlech.<\/strong><\/p>\n<p><strong>V objedn\u00e1vkov\u00e9m ko\u0161\u00edku se zobrazuje po\u010det objednan\u00fdch metr\u016f.<\/strong><\/p>\n","protected":false},"featured_media":17392,"comment_status":"open","ping_status":"closed","template":"","meta":[],"product_cat":[142,68],"product_tag":[],"_links":{"self":[{"href":"https:\/\/www.brikol.sk\/cs\/wp-json\/wp\/v2\/product\/17925"}],"collection":[{"href":"https:\/\/www.brikol.sk\/cs\/wp-json\/wp\/v2\/product"}],"about":[{"href":"https:\/\/www.brikol.sk\/cs\/wp-json\/wp\/v2\/types\/product"}],"replies":[{"embeddable":true,"href":"https:\/\/www.brikol.sk\/cs\/wp-json\/wp\/v2\/comments?post=17925"}],"wp:featuredmedia":[{"embeddable":true,"href":"https:\/\/www.brikol.sk\/cs\/wp-json\/wp\/v2\/media\/17392"}],"wp:attachment":[{"href":"https:\/\/www.brikol.sk\/cs\/wp-json\/wp\/v2\/media?parent=17925"}],"wp:term":[{"taxonomy":"product_cat","embeddable":true,"href":"https:\/\/www.brikol.sk\/cs\/wp-json\/wp\/v2\/product_cat?post=17925"},{"taxonomy":"product_tag","embeddable":true,"href":"https:\/\/www.brikol.sk\/cs\/wp-json\/wp\/v2\/product_tag?post=17925"}],"curies":[{"name":"wp","href":"https:\/\/api.w.org\/{rel}","templated":true}]}}