{"id":17927,"date":"2023-09-25T14:24:50","date_gmt":"2023-09-25T12:24:50","guid":{"rendered":"https:\/\/www.brikol.sk\/produkt\/kolik-pro-vedeni-silonu\/"},"modified":"2024-03-25T14:09:10","modified_gmt":"2024-03-25T13:09:10","slug":"kolik-pro-vedeni-silonu","status":"publish","type":"product","link":"https:\/\/www.brikol.sk\/cs\/produkt\/kolik-pro-vedeni-silonu\/","title":{"rendered":"Kol\u00edk pro veden\u00ed silonu"},"content":{"rendered":"<p><strong>Kol\u00edk pro veden\u00ed silonu<\/strong><\/p>\n<p>Upev\u0148ovac\u00ed v\u00e1lec s mal\u00fdm \u0161roubem pro zaji\u0161t\u011bn\u00ed a napnut\u00ed bo\u010dn\u00edho <a href=\"https:\/\/www.brikol.sk\/produkt\/silon-zilka-zaluzie\/\">vodic\u00edho silonu<\/a> nebo ocelov\u00e9ho lana.<\/p>\n<p>&nbsp;<\/p>\n","protected":false},"excerpt":{"rendered":"<p>Upev\u0148ovac\u00ed v\u00e1lec s mal\u00fdm \u0161roubem pro zaji\u0161t\u011bn\u00ed a napnut\u00ed bo\u010dn\u00edho vodic\u00edho silonu nebo ocelov\u00e9ho lana.<\/p>\n","protected":false},"featured_media":17974,"comment_status":"open","ping_status":"closed","template":"","meta":[],"product_cat":[132,133,141],"product_tag":[],"_links":{"self":[{"href":"https:\/\/www.brikol.sk\/cs\/wp-json\/wp\/v2\/product\/17927"}],"collection":[{"href":"https:\/\/www.brikol.sk\/cs\/wp-json\/wp\/v2\/product"}],"about":[{"href":"https:\/\/www.brikol.sk\/cs\/wp-json\/wp\/v2\/types\/product"}],"replies":[{"embeddable":true,"href":"https:\/\/www.brikol.sk\/cs\/wp-json\/wp\/v2\/comments?post=17927"}],"wp:featuredmedia":[{"embeddable":true,"href":"https:\/\/www.brikol.sk\/cs\/wp-json\/wp\/v2\/media\/17974"}],"wp:attachment":[{"href":"https:\/\/www.brikol.sk\/cs\/wp-json\/wp\/v2\/media?parent=17927"}],"wp:term":[{"taxonomy":"product_cat","embeddable":true,"href":"https:\/\/www.brikol.sk\/cs\/wp-json\/wp\/v2\/product_cat?post=17927"},{"taxonomy":"product_tag","embeddable":true,"href":"https:\/\/www.brikol.sk\/cs\/wp-json\/wp\/v2\/product_tag?post=17927"}],"curies":[{"name":"wp","href":"https:\/\/api.w.org\/{rel}","templated":true}]}}