{"id":17929,"date":"2023-09-22T13:58:32","date_gmt":"2023-09-22T11:58:32","guid":{"rendered":"https:\/\/www.brikol.sk\/produkt\/rukojet-ball-hoppe-liverpool\/"},"modified":"2026-01-13T11:29:26","modified_gmt":"2026-01-13T10:29:26","slug":"rukojet-ball-hoppe-liverpool","status":"publish","type":"product","link":"https:\/\/www.brikol.sk\/cs\/produkt\/rukojet-ball-hoppe-liverpool\/","title":{"rendered":"Rukoje\u0165 &#8211; Ball Hoppe Liverpool"},"content":{"rendered":"<p><strong>Rukoje\u0165 &#8211; Ball Hoppe Liverpool<\/strong><\/p>\n<p>Vysoce kvalitn\u00ed bezpe\u010dnostn\u00ed kov\u00e1n\u00ed HOPPE Liverpool s \u00fazk\u00fdm \u0161t\u00edtem.<\/p>\n<p>Mont\u00e1\u017en\u00ed sada je sou\u010d\u00e1st\u00ed balen\u00ed.<\/p>\n<ul>\n<li>Rozte\u010d: 92 mm (mezi rukojet\u00ed a vlo\u017ekou)<\/li>\n<li>Pro tlou\u0161\u0165ku dve\u0159\u00ed: 67-72 mm<\/li>\n<li>Materi\u00e1l: Hlin\u00edk<\/li>\n<li>Rozm\u011br \u010dtverce: 8 mm<\/li>\n<\/ul>\n","protected":false},"excerpt":{"rendered":"<p>Vysoce kvalitn\u00ed bezpe\u010dnostn\u00ed kov\u00e1n\u00ed HOPPE Liverpool s \u00fazk\u00fdm \u0161t\u00edtem.<\/p>\n<p>Mont\u00e1\u017en\u00ed sada je sou\u010d\u00e1st\u00ed balen\u00ed.<\/p>\n","protected":false},"featured_media":17057,"comment_status":"open","ping_status":"closed","template":"","meta":[],"product_cat":[136,128,223],"product_tag":[],"_links":{"self":[{"href":"https:\/\/www.brikol.sk\/cs\/wp-json\/wp\/v2\/product\/17929"}],"collection":[{"href":"https:\/\/www.brikol.sk\/cs\/wp-json\/wp\/v2\/product"}],"about":[{"href":"https:\/\/www.brikol.sk\/cs\/wp-json\/wp\/v2\/types\/product"}],"replies":[{"embeddable":true,"href":"https:\/\/www.brikol.sk\/cs\/wp-json\/wp\/v2\/comments?post=17929"}],"wp:featuredmedia":[{"embeddable":true,"href":"https:\/\/www.brikol.sk\/cs\/wp-json\/wp\/v2\/media\/17057"}],"wp:attachment":[{"href":"https:\/\/www.brikol.sk\/cs\/wp-json\/wp\/v2\/media?parent=17929"}],"wp:term":[{"taxonomy":"product_cat","embeddable":true,"href":"https:\/\/www.brikol.sk\/cs\/wp-json\/wp\/v2\/product_cat?post=17929"},{"taxonomy":"product_tag","embeddable":true,"href":"https:\/\/www.brikol.sk\/cs\/wp-json\/wp\/v2\/product_tag?post=17929"}],"curies":[{"name":"wp","href":"https:\/\/api.w.org\/{rel}","templated":true}]}}