{"id":17934,"date":"2023-09-13T14:29:56","date_gmt":"2023-09-13T12:29:56","guid":{"rendered":"https:\/\/www.brikol.sk\/produkt\/rohova-sit\/"},"modified":"2024-10-02T13:28:58","modified_gmt":"2024-10-02T11:28:58","slug":"rohova-sit","status":"publish","type":"product","link":"https:\/\/www.brikol.sk\/cs\/produkt\/rohova-sit\/","title":{"rendered":"Rohov\u00e1 s\u00ed\u0165"},"content":{"rendered":"<p><strong>Rohov\u00e1 s\u00ed\u0165<\/strong> Rohov\u00e1 s\u00ed\u0165 slou\u017e\u00ed ke spojen\u00ed r\u00e1mu s\u00edt\u011b proti hmyzu pro profil 25 x 10 mm s lemem. V b\u00edl\u00e9, sv\u011btle hn\u011bd\u00e9 nebo tmav\u011b hn\u011bd\u00e9 barv\u011b<\/p>\n","protected":false},"excerpt":{"rendered":"<p>Rohov\u00fd d\u00edl slou\u017e\u00ed ke spojen\u00ed r\u00e1mu s\u00edt\u011b proti hmyzu pro profil 25 x 10 mm s lemem.<\/p>\n","protected":false},"featured_media":16977,"comment_status":"open","ping_status":"closed","template":"","meta":[],"product_cat":[130,143],"product_tag":[],"_links":{"self":[{"href":"https:\/\/www.brikol.sk\/cs\/wp-json\/wp\/v2\/product\/17934"}],"collection":[{"href":"https:\/\/www.brikol.sk\/cs\/wp-json\/wp\/v2\/product"}],"about":[{"href":"https:\/\/www.brikol.sk\/cs\/wp-json\/wp\/v2\/types\/product"}],"replies":[{"embeddable":true,"href":"https:\/\/www.brikol.sk\/cs\/wp-json\/wp\/v2\/comments?post=17934"}],"wp:featuredmedia":[{"embeddable":true,"href":"https:\/\/www.brikol.sk\/cs\/wp-json\/wp\/v2\/media\/16977"}],"wp:attachment":[{"href":"https:\/\/www.brikol.sk\/cs\/wp-json\/wp\/v2\/media?parent=17934"}],"wp:term":[{"taxonomy":"product_cat","embeddable":true,"href":"https:\/\/www.brikol.sk\/cs\/wp-json\/wp\/v2\/product_cat?post=17934"},{"taxonomy":"product_tag","embeddable":true,"href":"https:\/\/www.brikol.sk\/cs\/wp-json\/wp\/v2\/product_tag?post=17934"}],"curies":[{"name":"wp","href":"https:\/\/api.w.org\/{rel}","templated":true}]}}