{"id":17940,"date":"2023-09-13T13:23:01","date_gmt":"2023-09-13T11:23:01","guid":{"rendered":"https:\/\/www.brikol.sk\/produkt\/kovova-rukojet-drzadlo-ks\/"},"modified":"2026-01-13T11:30:47","modified_gmt":"2026-01-13T10:30:47","slug":"kovova-rukojet-drzadlo-ks","status":"publish","type":"product","link":"https:\/\/www.brikol.sk\/cs\/produkt\/kovova-rukojet-drzadlo-ks\/","title":{"rendered":"Kovov\u00e1 rukoje\u0165 (dr\u017eadlo) \/ ks"},"content":{"rendered":"<p><strong>Kovov\u00e9 madlo pro s\u00ed\u0165ov\u00e9 dve\u0159e<\/strong> Kovov\u00e9 vn\u011bj\u0161\u00ed madlo pro otev\u00edr\u00e1n\u00ed s\u00ed\u0165ov\u00fdch dve\u0159\u00ed proti hmyzu. Mont\u00e1\u017en\u00ed \u0161rouby jsou sou\u010d\u00e1st\u00ed dod\u00e1vky. Rukoje\u0165 lze tak\u00e9 p\u0159ipevnit pomoc\u00ed <a href=\"https:\/\/www.brikol.sk\/produkt\/nit-trhaci-al-4x6mm-ks\/\">n\u00fdt\u016f<\/a> (n\u00fdty nejsou sou\u010d\u00e1st\u00ed dod\u00e1vky).<\/p>\n","protected":false},"excerpt":{"rendered":"<p>Kovov\u00e1 vn\u011bj\u0161\u00ed rukoje\u0165 pro otev\u00edr\u00e1n\u00ed dv\u00ed\u0159ek s\u00edt\u011b proti hmyzu. Mont\u00e1\u017en\u00ed \u0161rouby jsou sou\u010d\u00e1st\u00ed balen\u00ed. Rukoje\u0165 lze tak\u00e9 p\u0159ipevnit pomoc\u00ed n\u00fdt\u016f.<\/p>\n","protected":false},"featured_media":16927,"comment_status":"closed","ping_status":"closed","template":"","meta":[],"product_cat":[130,143,145,126,146,147,128,218],"product_tag":[],"_links":{"self":[{"href":"https:\/\/www.brikol.sk\/cs\/wp-json\/wp\/v2\/product\/17940"}],"collection":[{"href":"https:\/\/www.brikol.sk\/cs\/wp-json\/wp\/v2\/product"}],"about":[{"href":"https:\/\/www.brikol.sk\/cs\/wp-json\/wp\/v2\/types\/product"}],"replies":[{"embeddable":true,"href":"https:\/\/www.brikol.sk\/cs\/wp-json\/wp\/v2\/comments?post=17940"}],"wp:featuredmedia":[{"embeddable":true,"href":"https:\/\/www.brikol.sk\/cs\/wp-json\/wp\/v2\/media\/16927"}],"wp:attachment":[{"href":"https:\/\/www.brikol.sk\/cs\/wp-json\/wp\/v2\/media?parent=17940"}],"wp:term":[{"taxonomy":"product_cat","embeddable":true,"href":"https:\/\/www.brikol.sk\/cs\/wp-json\/wp\/v2\/product_cat?post=17940"},{"taxonomy":"product_tag","embeddable":true,"href":"https:\/\/www.brikol.sk\/cs\/wp-json\/wp\/v2\/product_tag?post=17940"}],"curies":[{"name":"wp","href":"https:\/\/api.w.org\/{rel}","templated":true}]}}