{"id":17943,"date":"2018-01-17T17:46:41","date_gmt":"2018-01-17T16:46:41","guid":{"rendered":"https:\/\/www.brikol.sk\/produkt\/kovove-balkonove-zabradli-ruznych-barev-madlo-ks\/"},"modified":"2026-01-13T14:10:05","modified_gmt":"2026-01-13T13:10:05","slug":"balkonove-madylko-uchytka","status":"publish","type":"product","link":"https:\/\/www.brikol.sk\/cs\/produkt\/balkonove-madylko-uchytka\/","title":{"rendered":"Kovov\u00e9 balkonov\u00e9 mad\u00fdlko \u2013 r\u016fzn\u00e9 barvy (\u00fachytka) \/ ks"},"content":{"rendered":"<p data-path-to-node=\"8\">Univerz\u00e1ln\u00ed balkonov\u00e9 mad\u00fdlko ur\u010den\u00e9 pro mont\u00e1\u017e z exteri\u00e9rov\u00e9 strany plastov\u00fdch, hlin\u00edkov\u00fdch i d\u0159ev\u011bn\u00fdch dve\u0159\u00ed. Tato \u00fachytka slou\u017e\u00ed k pohodln\u00e9mu p\u0159ita\u017een\u00ed a p\u0159iv\u0159en\u00ed k\u0159\u00eddla za sebou p\u0159i odchodu na balkon, lod\u017eii nebo terasu. Konstrukce z odoln\u00e9ho materi\u00e1lu zaru\u010duje dlouhou \u017eivotnost a st\u00e1lost i p\u0159i vystaven\u00ed nep\u0159\u00edzniv\u00fdm pov\u011btrnostn\u00edm vliv\u016fm.<\/p>\n<p data-path-to-node=\"9\">Instalace je rychl\u00e1 a jednoduch\u00e1, p\u0159i\u010dem\u017e mad\u00fdlko d\u00edky sv\u00e9mu ergonomick\u00e9mu tvaru zaji\u0161\u0165uje bezpe\u010dn\u00fd \u00fachop. Ide\u00e1ln\u00ed dopln\u011bk pro ka\u017edodenn\u00ed pou\u017e\u00edv\u00e1n\u00ed, kter\u00fd zvy\u0161uje komfort ovl\u00e1d\u00e1n\u00ed va\u0161eho balkonov\u00e9ho syst\u00e9mu.<\/p>\n","protected":false},"excerpt":{"rendered":"<p data-path-to-node=\"8\">Univerz\u00e1ln\u00ed balkonov\u00e9 mad\u00fdlko ur\u010den\u00e9 pro mont\u00e1\u017e z exteri\u00e9rov\u00e9 strany plastov\u00fdch, hlin\u00edkov\u00fdch i d\u0159ev\u011bn\u00fdch dve\u0159\u00ed. Tato \u00fachytka slou\u017e\u00ed k pohodln\u00e9mu p\u0159ita\u017een\u00ed a p\u0159iv\u0159en\u00ed k\u0159\u00eddla za sebou p\u0159i odchodu na balkon, lod\u017eii nebo terasu. Konstrukce z odoln\u00e9ho materi\u00e1lu zaru\u010duje dlouhou \u017eivotnost a st\u00e1lost i p\u0159i vystaven\u00ed nep\u0159\u00edzniv\u00fdm pov\u011btrnostn\u00edm vliv\u016fm.<\/p>\n<p data-path-to-node=\"9\">Instalace je rychl\u00e1 a jednoduch\u00e1, p\u0159i\u010dem\u017e mad\u00fdlko d\u00edky sv\u00e9mu ergonomick\u00e9mu tvaru zaji\u0161\u0165uje bezpe\u010dn\u00fd \u00fachop. Ide\u00e1ln\u00ed dopln\u011bk pro ka\u017edodenn\u00ed pou\u017e\u00edv\u00e1n\u00ed, kter\u00fd zvy\u0161uje komfort ovl\u00e1d\u00e1n\u00ed va\u0161eho balkonov\u00e9ho syst\u00e9mu.<\/p>\n","protected":false},"featured_media":15547,"comment_status":"closed","ping_status":"closed","template":"","meta":[],"product_cat":[222,128,218],"product_tag":[],"_links":{"self":[{"href":"https:\/\/www.brikol.sk\/cs\/wp-json\/wp\/v2\/product\/17943"}],"collection":[{"href":"https:\/\/www.brikol.sk\/cs\/wp-json\/wp\/v2\/product"}],"about":[{"href":"https:\/\/www.brikol.sk\/cs\/wp-json\/wp\/v2\/types\/product"}],"replies":[{"embeddable":true,"href":"https:\/\/www.brikol.sk\/cs\/wp-json\/wp\/v2\/comments?post=17943"}],"wp:featuredmedia":[{"embeddable":true,"href":"https:\/\/www.brikol.sk\/cs\/wp-json\/wp\/v2\/media\/15547"}],"wp:attachment":[{"href":"https:\/\/www.brikol.sk\/cs\/wp-json\/wp\/v2\/media?parent=17943"}],"wp:term":[{"taxonomy":"product_cat","embeddable":true,"href":"https:\/\/www.brikol.sk\/cs\/wp-json\/wp\/v2\/product_cat?post=17943"},{"taxonomy":"product_tag","embeddable":true,"href":"https:\/\/www.brikol.sk\/cs\/wp-json\/wp\/v2\/product_tag?post=17943"}],"curies":[{"name":"wp","href":"https:\/\/api.w.org\/{rel}","templated":true}]}}