{"id":17956,"date":"2021-03-16T11:51:46","date_gmt":"2021-03-16T10:51:46","guid":{"rendered":"https:\/\/www.brikol.sk\/produkt\/kovove-balkonove-zabradli-zaoblene-madlo-ks\/"},"modified":"2026-01-13T12:53:20","modified_gmt":"2026-01-13T11:53:20","slug":"kovove-balkonove-zabradli-zaoblene-madlo-ks","status":"publish","type":"product","link":"https:\/\/www.brikol.sk\/cs\/produkt\/kovove-balkonove-zabradli-zaoblene-madlo-ks\/","title":{"rendered":"Zaoblen\u00e1 balkonov\u00e1 klika (madlo ) \/ ks"},"content":{"rendered":"<p><strong>Zaoblen\u00e1 balkonov\u00e1 klika (madlo<\/strong> ) pro plastov\u00e1, hlin\u00edkov\u00e1 a d\u0159ev\u011bn\u00e1 okna.<\/p>\n<p>Balkonov\u00e9 z\u00e1bradl\u00ed &#8211; je ur\u010deno k mont\u00e1\u017ei zven\u010d\u00ed, abyste za sebou mohli balkon snadno zav\u0159\u00edt.<\/p>\n<p>Rukoje\u0165 z kovu s povrchovou \u00fapravou pr\u00e1\u0161kovou barvou ral.<\/p>\n<p>Mont\u00e1\u017e pomoc\u00ed \u0161roub\u016f (sou\u010d\u00e1st dod\u00e1vky)<\/p>\n<p>Barevn\u00e9 proveden\u00ed:<\/p>\n<ul>\n<li>B\u00edl\u00e1<\/li>\n<li>Bronz<\/li>\n<li>Titan<\/li>\n<li>Antracit<\/li>\n<\/ul>\n","protected":false},"excerpt":{"rendered":"<p>Balkonov\u00e1 klika pro plastov\u00e1, hlin\u00edkov\u00e1 a d\u0159ev\u011bn\u00e1 okna. Balkonov\u00e9 z\u00e1bradl\u00ed je ur\u010deno k mont\u00e1\u017ei zven\u010d\u00ed, abyste mohli balkon za sebou zav\u0159\u00edt.<\/p>\n","protected":false},"featured_media":11817,"comment_status":"closed","ping_status":"closed","template":"","meta":[],"product_cat":[222,128,218],"product_tag":[],"_links":{"self":[{"href":"https:\/\/www.brikol.sk\/cs\/wp-json\/wp\/v2\/product\/17956"}],"collection":[{"href":"https:\/\/www.brikol.sk\/cs\/wp-json\/wp\/v2\/product"}],"about":[{"href":"https:\/\/www.brikol.sk\/cs\/wp-json\/wp\/v2\/types\/product"}],"replies":[{"embeddable":true,"href":"https:\/\/www.brikol.sk\/cs\/wp-json\/wp\/v2\/comments?post=17956"}],"wp:featuredmedia":[{"embeddable":true,"href":"https:\/\/www.brikol.sk\/cs\/wp-json\/wp\/v2\/media\/11817"}],"wp:attachment":[{"href":"https:\/\/www.brikol.sk\/cs\/wp-json\/wp\/v2\/media?parent=17956"}],"wp:term":[{"taxonomy":"product_cat","embeddable":true,"href":"https:\/\/www.brikol.sk\/cs\/wp-json\/wp\/v2\/product_cat?post=17956"},{"taxonomy":"product_tag","embeddable":true,"href":"https:\/\/www.brikol.sk\/cs\/wp-json\/wp\/v2\/product_tag?post=17956"}],"curies":[{"name":"wp","href":"https:\/\/api.w.org\/{rel}","templated":true}]}}