{"id":17963,"date":"2018-01-17T17:46:47","date_gmt":"2018-01-17T16:46:47","guid":{"rendered":"https:\/\/www.brikol.sk\/produkt\/okenni-klika-atlanta-ks\/"},"modified":"2026-01-13T14:02:31","modified_gmt":"2026-01-13T13:02:31","slug":"okenni-klika-atlanta-ks","status":"publish","type":"product","link":"https:\/\/www.brikol.sk\/cs\/produkt\/okenni-klika-atlanta-ks\/","title":{"rendered":"Okenn\u00ed klika ATLANTA \/ ks"},"content":{"rendered":"<p><strong>Okenn\u00ed klika Hoppe Atlanta Secustic<br \/>\n<\/strong><\/p>\n<p>Vysoce kvalitn\u00ed univerz\u00e1ln\u00ed okenn\u00ed klika Hoppe Atlanta Secustic ur\u010den\u00e1 pro plastov\u00e1, hlin\u00edkov\u00e1 a d\u0159ev\u011bn\u00e1 okna. Velikost \u010dtverce je 45\/7 mm. Rukoje\u0165 je chr\u00e1n\u011bna patentovan\u00fdm blokovac\u00edm mechanismem, kter\u00fd zabra\u0148uje manipulaci s rukojet\u00ed zven\u010d\u00ed pomoc\u00ed kov\u00e1n\u00ed.<\/p>\n<p>Okenn\u00ed klika Hoppe Atlanta Secustik spl\u0148uje po\u017eadavky normy AhS RAL-RG607\/13. P\u0159i oto\u010den\u00ed kliky Secustik\u00ae o 180\u00b0 ze zav\u0159en\u00e9 polohy do sklopn\u00e9 polohy se uzamykac\u00ed mechanismus se sly\u0161iteln\u00fdm cvaknut\u00edm zasune do speci\u00e1ln\u00edch dr\u00e1\u017eek &#8211; to znamen\u00e1 sly\u0161itelnou v\u00fdhodu v zabezpe\u010den\u00ed va\u0161ich oken.<\/p>\n<p><strong>TECHNICK\u00c9 INFORMACE:<\/strong><br \/>\nOto\u010dn\u00fd uz\u00e1v\u011br s pln\u00fdm p\u0159ekryt\u00edm upev\u0148ovac\u00edch \u0161roub\u016f, plastov\u00e1 rozeta s 10mm nosn\u00fdmi mont\u00e1\u017en\u00edmi oky, pln\u00fd \u010dtverec 7mm dlouh\u00fd 32-42mm, aretace s p\u0159esn\u00fdm nastaven\u00edm polohy 45 stup\u0148\u016f, s upev\u0148ovac\u00edmi \u0161rouby M5.<\/p>\n<p>Barevn\u00e9 proveden\u00ed :<\/p>\n<ul>\n<li>B\u00edl\u00e1<\/li>\n<li>Tmav\u011b hn\u011bd\u00e1<\/li>\n<li>Bronz<\/li>\n<\/ul>\n<p>Snadn\u00e1 v\u00fdm\u011bna star\u00e9 rukojeti za novou. K v\u00fdm\u011bn\u011b pot\u0159ebujete pouze \u0161roubov\u00e1k.<\/p>\n<p><span style=\"color: #ff0000;\"><strong>Pokyny pro v\u00fdm\u011bnu rukojeti<\/strong><\/span><\/p>\n<p><a href=\"https:\/\/www.brikol.sk\/wp-content\/uploads\/2023\/03\/Vymena-okennej-klucky.pdf\">V\u00fdm\u011bna okenn\u00edch klik <\/a><\/p>\n<ol>\n<li>oto\u010dte rukoje\u0165 star\u00e9 kliky do vodorovn\u00e9 polohy (poloha otev\u0159en\u00e9ho okna).<\/li>\n<li>oto\u010dte horn\u00edm v\u00ed\u010dkem na rukojeti ( dv\u011bma prsty nahoru a dol\u016f v\u00ed\u010dko trochu nadzvedn\u011bte a oto\u010dte j\u00edm.<br \/>\ndo vodorovn\u00e9 polohy, \u010d\u00edm\u017e se odkryj\u00ed \u0161rouby).<\/li>\n<li>oto\u010dte \u0161rouby \u0161roubov\u00e1kem a vyjm\u011bte starou kliku z okenn\u00edho k\u0159\u00eddla.<\/li>\n<li>nov\u00e1 klika se nejprve vodorovn\u011b oto\u010d\u00ed v ruce a pot\u00e9 se zasune do otvor\u016f v okenn\u00edm k\u0159\u00eddle.<\/li>\n<li>za\u0161roubujte \u0161rouby a zakryjte je krytkou.<\/li>\n<\/ol>\n","protected":false},"excerpt":{"rendered":"<p>Vysoce kvalitn\u00ed univerz\u00e1ln\u00ed klika Hoppe Atlanta Secustic ur\u010den\u00e1 pro plastov\u00e1, hlin\u00edkov\u00e1 a d\u0159ev\u011bn\u00e1 okna. Velikost \u010dtverce je 45\/7 mm. Rukoje\u0165 je chr\u00e1n\u011bna patentovan\u00fdm blokovac\u00edm mechanismem, kter\u00fd zabra\u0148uje manipulaci s rukojet\u00ed zven\u010d\u00ed pomoc\u00ed kov\u00e1n\u00ed.<\/p>\n<p>&nbsp;<\/p>\n<p>&nbsp;<\/p>\n","protected":false},"featured_media":15232,"comment_status":"closed","ping_status":"closed","template":"","meta":[],"product_cat":[128,224],"product_tag":[],"_links":{"self":[{"href":"https:\/\/www.brikol.sk\/cs\/wp-json\/wp\/v2\/product\/17963"}],"collection":[{"href":"https:\/\/www.brikol.sk\/cs\/wp-json\/wp\/v2\/product"}],"about":[{"href":"https:\/\/www.brikol.sk\/cs\/wp-json\/wp\/v2\/types\/product"}],"replies":[{"embeddable":true,"href":"https:\/\/www.brikol.sk\/cs\/wp-json\/wp\/v2\/comments?post=17963"}],"wp:featuredmedia":[{"embeddable":true,"href":"https:\/\/www.brikol.sk\/cs\/wp-json\/wp\/v2\/media\/15232"}],"wp:attachment":[{"href":"https:\/\/www.brikol.sk\/cs\/wp-json\/wp\/v2\/media?parent=17963"}],"wp:term":[{"taxonomy":"product_cat","embeddable":true,"href":"https:\/\/www.brikol.sk\/cs\/wp-json\/wp\/v2\/product_cat?post=17963"},{"taxonomy":"product_tag","embeddable":true,"href":"https:\/\/www.brikol.sk\/cs\/wp-json\/wp\/v2\/product_tag?post=17963"}],"curies":[{"name":"wp","href":"https:\/\/api.w.org\/{rel}","templated":true}]}}