{"id":17967,"date":"2018-03-25T19:25:39","date_gmt":"2018-03-25T17:25:39","guid":{"rendered":"https:\/\/www.brikol.sk\/produkt\/okenni-klika-ks\/"},"modified":"2026-01-13T14:01:27","modified_gmt":"2026-01-13T13:01:27","slug":"okenni-klika-ks","status":"publish","type":"product","link":"https:\/\/www.brikol.sk\/cs\/produkt\/okenni-klika-ks\/","title":{"rendered":"Okenn\u00ed klika \/ ks"},"content":{"rendered":"<p><strong>Okenn\u00ed klika<\/strong><\/p>\n<p>Univerz\u00e1ln\u00ed okenn\u00ed klika ur\u010den\u00e1 pro plastov\u00e1, d\u0159ev\u011bn\u00e1 a hlin\u00edkov\u00e1 okna. Velikost \u010dtverce je 35 mm na d\u00e9lku a 7 mm na \u0161\u00ed\u0159ku.<\/p>\n<p><strong>TECHNICK\u00c9 INFORMACE:<\/strong><br \/>\nOto\u010dn\u00e1 krytka s pln\u00fdm p\u0159ekryt\u00edm upev\u0148ovac\u00edch \u0161roub\u016f, pln\u00fd \u010dtverec 7 mm dlouh\u00fd 35 mm.<\/p>\n<p>Barevn\u00e9 proveden\u00ed :<\/p>\n<ul>\n<li>B\u00edl\u00e1<\/li>\n<li>Tmav\u011b hn\u011bd\u00e1<\/li>\n<li>Bronz<\/li>\n<li>Zlat\u00fd dub<\/li>\n<li>Antracit<\/li>\n<\/ul>\n<p>Snadn\u00e1 v\u00fdm\u011bna star\u00e9 rukojeti za novou. K v\u00fdm\u011bn\u011b pot\u0159ebujete pouze \u0161roubov\u00e1k.<\/p>\n<p><span style=\"color: #ff0000;\"><strong>Pokyny pro v\u00fdm\u011bnu rukojeti<\/strong><\/span><\/p>\n<p><a href=\"https:\/\/www.brikol.sk\/wp-content\/uploads\/2023\/03\/Vymena-okennej-klucky.pdf\">V\u00fdm\u011bna okenn\u00edch klik<\/a><\/p>\n<ol>\n<li>oto\u010dte rukoje\u0165 star\u00e9 kliky do vodorovn\u00e9 polohy (poloha otev\u0159en\u00e9ho okna).<\/li>\n<li>oto\u010dte horn\u00edm v\u00ed\u010dkem na rukojeti ( dv\u011bma prsty nahoru a dol\u016f v\u00ed\u010dko trochu nadzvedn\u011bte a oto\u010dte j\u00edm.<br \/>\ndo vodorovn\u00e9 polohy, \u010d\u00edm\u017e se odkryj\u00ed \u0161rouby).<\/li>\n<li>oto\u010dte \u0161rouby \u0161roubov\u00e1kem a vyjm\u011bte starou kliku z okenn\u00edho k\u0159\u00eddla.<\/li>\n<li>nov\u00e1 klika se nejprve vodorovn\u011b oto\u010d\u00ed v ruce a pot\u00e9 se zasune do otvor\u016f v okenn\u00edm k\u0159\u00eddle.<\/li>\n<li>za\u0161roubujte \u0161rouby a zakryjte je krytkou.<\/li>\n<\/ol>\n","protected":false},"excerpt":{"rendered":"<p>Univerz\u00e1ln\u00ed klika ur\u010den\u00e1 pro plastov\u00e1, d\u0159ev\u011bn\u00e1 a hlin\u00edkov\u00e1 okna. Rozm\u011br \u010dtverce je 35 mm na d\u00e9lku a 7 mm na \u0161\u00ed\u0159ku.<\/p>\n<p>&nbsp;<\/p>\n","protected":false},"featured_media":15927,"comment_status":"open","ping_status":"closed","template":"","meta":[],"product_cat":[128,224],"product_tag":[],"_links":{"self":[{"href":"https:\/\/www.brikol.sk\/cs\/wp-json\/wp\/v2\/product\/17967"}],"collection":[{"href":"https:\/\/www.brikol.sk\/cs\/wp-json\/wp\/v2\/product"}],"about":[{"href":"https:\/\/www.brikol.sk\/cs\/wp-json\/wp\/v2\/types\/product"}],"replies":[{"embeddable":true,"href":"https:\/\/www.brikol.sk\/cs\/wp-json\/wp\/v2\/comments?post=17967"}],"wp:featuredmedia":[{"embeddable":true,"href":"https:\/\/www.brikol.sk\/cs\/wp-json\/wp\/v2\/media\/15927"}],"wp:attachment":[{"href":"https:\/\/www.brikol.sk\/cs\/wp-json\/wp\/v2\/media?parent=17967"}],"wp:term":[{"taxonomy":"product_cat","embeddable":true,"href":"https:\/\/www.brikol.sk\/cs\/wp-json\/wp\/v2\/product_cat?post=17967"},{"taxonomy":"product_tag","embeddable":true,"href":"https:\/\/www.brikol.sk\/cs\/wp-json\/wp\/v2\/product_tag?post=17967"}],"curies":[{"name":"wp","href":"https:\/\/api.w.org\/{rel}","templated":true}]}}