{"id":17995,"date":"2023-11-23T14:03:05","date_gmt":"2023-11-23T13:03:05","guid":{"rendered":"https:\/\/www.brikol.sk\/produkt\/navijeci-stroj-na-vnejsi-rolety-ks\/"},"modified":"2023-11-23T14:03:05","modified_gmt":"2023-11-23T13:03:05","slug":"navijeci-stroj-na-vnejsi-rolety-ks","status":"publish","type":"product","link":"https:\/\/www.brikol.sk\/cs\/produkt\/navijeci-stroj-na-vnejsi-rolety-ks\/","title":{"rendered":"Nav\u00edjec\u00ed stroj na vn\u011bj\u0161\u00ed rolety \/ ks"},"content":{"rendered":"<h1>Nav\u00edjec\u00ed stroj pro vn\u011bj\u0161\u00ed rolety<\/h1>\n<p>&#8211; plastov\u00fd kufr s plastov\u00fdmi oto\u010dn\u00fdmi rukoje\u0165mi<\/p>\n<p>&#8211; pouzdro bez viditeln\u00fdch \u0161roub\u016f<\/p>\n<p>&#8211; univerz\u00e1ln\u00ed &#8211; vhodn\u00e9 pro kulatou i plochou \u0161\u0148\u016fru (s korkem &#8211; viz posledn\u00ed detailn\u00ed fotografie)<\/p>\n<p>&#8211; Samo\u010dinn\u00e1 brzda &#8211; automaticky uzamkne \u0161\u0148\u016fru\/p\u00e1sku ve zvolen\u00e9 poloze.<\/p>\n<p>rozm\u011bry pouzdra: 12,8 x 12,8 cm; tlou\u0161\u0165ka: 2,2 cm; rozte\u010d: 15,2 cm<\/p>\n<p><strong>\u0160\u0148\u016fra<\/strong> nen\u00ed sou\u010d\u00e1st\u00ed nav\u00edjec\u00edho stroje.<\/p>\n","protected":false},"excerpt":{"rendered":"<p>Navij\u00e1k pro vn\u011bj\u0161\u00ed plastov\u00e9 a hlin\u00edkov\u00e9 rolety.<\/p>\n<p>Plastov\u00e9 rukojeti.<\/p>\n<p>Univerz\u00e1ln\u00ed &#8211; pro plochou i kulatou \u0161\u0148\u016fru.<\/p>\n","protected":false},"featured_media":17362,"comment_status":"open","ping_status":"closed","template":"","meta":[],"product_cat":[142,68],"product_tag":[],"_links":{"self":[{"href":"https:\/\/www.brikol.sk\/cs\/wp-json\/wp\/v2\/product\/17995"}],"collection":[{"href":"https:\/\/www.brikol.sk\/cs\/wp-json\/wp\/v2\/product"}],"about":[{"href":"https:\/\/www.brikol.sk\/cs\/wp-json\/wp\/v2\/types\/product"}],"replies":[{"embeddable":true,"href":"https:\/\/www.brikol.sk\/cs\/wp-json\/wp\/v2\/comments?post=17995"}],"wp:featuredmedia":[{"embeddable":true,"href":"https:\/\/www.brikol.sk\/cs\/wp-json\/wp\/v2\/media\/17362"}],"wp:attachment":[{"href":"https:\/\/www.brikol.sk\/cs\/wp-json\/wp\/v2\/media?parent=17995"}],"wp:term":[{"taxonomy":"product_cat","embeddable":true,"href":"https:\/\/www.brikol.sk\/cs\/wp-json\/wp\/v2\/product_cat?post=17995"},{"taxonomy":"product_tag","embeddable":true,"href":"https:\/\/www.brikol.sk\/cs\/wp-json\/wp\/v2\/product_tag?post=17995"}],"curies":[{"name":"wp","href":"https:\/\/api.w.org\/{rel}","templated":true}]}}