{"id":17999,"date":"2023-10-25T19:01:06","date_gmt":"2023-10-25T17:01:06","guid":{"rendered":"https:\/\/www.brikol.sk\/produkt\/otocny-hacek-drzak-na-sit-proti-hmyzu-ks\/"},"modified":"2023-10-25T19:01:06","modified_gmt":"2023-10-25T17:01:06","slug":"otocny-hacek-drzak-na-sit-proti-hmyzu-ks","status":"publish","type":"product","link":"https:\/\/www.brikol.sk\/cs\/produkt\/otocny-hacek-drzak-na-sit-proti-hmyzu-ks\/","title":{"rendered":"Oto\u010dn\u00fd h\u00e1\u010dek (dr\u017e\u00e1k) na s\u00ed\u0165 proti hmyzu \/ks"},"content":{"rendered":"<div id=\"otocny-hacik\">\n<p><strong>Oto\u010dn\u00fd h\u00e1\u010dek (dr\u017e\u00e1k)<\/strong> moskyti\u00e9ry slou\u017e\u00ed k upevn\u011bn\u00ed pevn\u00e9 moskyti\u00e9ry na okenn\u00ed r\u00e1m.<\/p>\n<p>H\u00e1\u010dek je p\u0159ip\u00e1jen k hlin\u00edkov\u00e9mu r\u00e1mu s\u00edt\u011b proti hmyzu. Dr\u017e\u00e1k se zav\u00edr\u00e1 oto\u010den\u00edm za <span style=\"text-decoration: underline;\"><strong><a href=\"https:\/\/www.brikol.sk\/kategoria\/tesnenia-na-okna\/\">t\u011bsn\u011bn\u00ed r\u00e1mu<\/a><\/strong><\/span> plastov\u00e9ho okna (zevnit\u0159).<\/p>\n<p>H\u00e1k se pou\u017e\u00edv\u00e1 na r\u016fzn\u00fdch profilech, proto uv\u00e1d\u00edme skute\u010dnou v\u00fd\u0161ku dr\u017e\u00e1ku.<\/p>\n<p>Doporu\u010dujeme zakoupit dr\u017e\u00e1k <span style=\"text-decoration: underline;\"><strong><a href=\"https:\/\/www.brikol.sk\/produkt\/nit-trhaci-al-4x6mm-ks\/\">n\u00fdty.<\/a><\/strong><\/span><\/p>\n<p><span style=\"text-decoration: underline;\"><strong>Pokyny pro m\u00ed\u0159en\u00ed<\/strong><\/span><\/p>\n<p><span style=\"color: #ed1c24;\"><a style=\"color: #ed1c24;\" href=\"https:\/\/www.brikol.sk\/wp-content\/uploads\/2023\/02\/Navod-na-zameranie-vysky-otocneho-drziaka.pdf\">Pokyny pro m\u011b\u0159en\u00ed v\u00fd\u0161ky oto\u010dn\u00e9ho dr\u017e\u00e1ku<\/a><\/span><\/p>\n<div class=\"oSioSc\">\n<div id=\"tw-target\">\n<div id=\"kAz1tf\" class=\"g9WsWb\">\n<div id=\"tw-target-text-container\" class=\"tw-ta-container hide-focus-ring tw-nfl\" tabindex=\"0\">\n<p class=\"tw-data-text tw-text-large XcVN5d tw-ta\" dir=\"ltr\" data-placeholder=\"P\u0159eklad\">\n<\/div>\n<\/div>\n<\/div>\n<\/div>\n<\/div>\n","protected":false},"excerpt":{"rendered":"<p><strong>Oto\u010dn\u00fd h\u00e1k (dr\u017e\u00e1k)<\/strong> s\u00edt\u011b proti hmyzu slou\u017e\u00ed k upevn\u011bn\u00ed pevn\u00e9 s\u00edt\u011b proti hmyzu na okenn\u00ed r\u00e1m.<\/p>\n<p>H\u00e1\u010dek je p\u0159ip\u00e1jen k hlin\u00edkov\u00e9mu r\u00e1mu s\u00edt\u011b proti hmyzu. Dr\u017e\u00e1k se zav\u00edr\u00e1 oto\u010den\u00edm za <strong><a href=\"https:\/\/www.brikol.sk\/kategoria\/tesnenia-na-okna\/\">t\u011bsn\u011bn\u00ed r\u00e1mu<\/a><\/strong> plastov\u00e9ho okna (zevnit\u0159).<\/p>\n<p>H\u00e1k se pou\u017e\u00edv\u00e1 na r\u016fzn\u00fdch profilech, proto uv\u00e1d\u00edme skute\u010dnou v\u00fd\u0161ku dr\u017e\u00e1ku.<\/p>\n<p>Doporu\u010dujeme zakoupit dr\u017e\u00e1k <strong><a href=\"https:\/\/www.brikol.sk\/produkt\/nit-trhaci-al-4x6mm-ks\/\">n\u00fdty.<\/a><\/strong><\/p>\n<p>&nbsp;<\/p>\n","protected":false},"featured_media":17252,"comment_status":"open","ping_status":"closed","template":"","meta":[],"product_cat":[130,143],"product_tag":[],"_links":{"self":[{"href":"https:\/\/www.brikol.sk\/cs\/wp-json\/wp\/v2\/product\/17999"}],"collection":[{"href":"https:\/\/www.brikol.sk\/cs\/wp-json\/wp\/v2\/product"}],"about":[{"href":"https:\/\/www.brikol.sk\/cs\/wp-json\/wp\/v2\/types\/product"}],"replies":[{"embeddable":true,"href":"https:\/\/www.brikol.sk\/cs\/wp-json\/wp\/v2\/comments?post=17999"}],"wp:featuredmedia":[{"embeddable":true,"href":"https:\/\/www.brikol.sk\/cs\/wp-json\/wp\/v2\/media\/17252"}],"wp:attachment":[{"href":"https:\/\/www.brikol.sk\/cs\/wp-json\/wp\/v2\/media?parent=17999"}],"wp:term":[{"taxonomy":"product_cat","embeddable":true,"href":"https:\/\/www.brikol.sk\/cs\/wp-json\/wp\/v2\/product_cat?post=17999"},{"taxonomy":"product_tag","embeddable":true,"href":"https:\/\/www.brikol.sk\/cs\/wp-json\/wp\/v2\/product_tag?post=17999"}],"curies":[{"name":"wp","href":"https:\/\/api.w.org\/{rel}","templated":true}]}}