{"id":18010,"date":"2023-09-08T09:48:37","date_gmt":"2023-09-08T07:48:37","guid":{"rendered":"https:\/\/www.brikol.sk\/produkt\/kovovy-drzak-zaluzii-25x25-ks\/"},"modified":"2024-10-02T13:31:40","modified_gmt":"2024-10-02T11:31:40","slug":"kovovy-drzak-zaluzii-25x25-ks","status":"publish","type":"product","link":"https:\/\/www.brikol.sk\/cs\/produkt\/kovovy-drzak-zaluzii-25x25-ks\/","title":{"rendered":"Kovov\u00fd dr\u017e\u00e1k \u017ealuzi\u00ed 25&#215;25 \/ ks"},"content":{"rendered":"<p>Kovov\u00fd dr\u017e\u00e1k \u017ealuzi\u00ed 25&#215;25 &#8211; otev\u00edrateln\u00fd, slou\u017e\u00ed k upevn\u011bn\u00ed star\u0161\u00edch typ\u016f \u017ealuzi\u00ed ovl\u00e1dan\u00fdch \u0161\u0148\u016frkou a h\u016flkou. Na horn\u00ed stran\u011b se nach\u00e1z\u00ed p\u00e1kov\u00fd mechanismus, kter\u00fd fixuje horn\u00ed profil \u017ealuzie.<\/p>\n","protected":false},"excerpt":{"rendered":"<p>Kovov\u00fd dr\u017e\u00e1k interi\u00e9rov\u00fdch \u017ealuzi\u00ed &#8211; otev\u00edrateln\u00fd, slou\u017e\u00ed k upevn\u011bn\u00ed star\u0161\u00edch typ\u016f \u017ealuzi\u00ed, kter\u00e9 se ovl\u00e1daj\u00ed pomoc\u00ed \u0161\u0148\u016frky a h\u016flky. Na horn\u00ed stran\u011b se nach\u00e1z\u00ed p\u00e1kov\u00fd mechanismus, kter\u00fd fixuje horn\u00ed profil \u017ealuzie.<\/p>\n","protected":false},"featured_media":16892,"comment_status":"open","ping_status":"closed","template":"","meta":[],"product_cat":[132,133],"product_tag":[],"_links":{"self":[{"href":"https:\/\/www.brikol.sk\/cs\/wp-json\/wp\/v2\/product\/18010"}],"collection":[{"href":"https:\/\/www.brikol.sk\/cs\/wp-json\/wp\/v2\/product"}],"about":[{"href":"https:\/\/www.brikol.sk\/cs\/wp-json\/wp\/v2\/types\/product"}],"replies":[{"embeddable":true,"href":"https:\/\/www.brikol.sk\/cs\/wp-json\/wp\/v2\/comments?post=18010"}],"wp:featuredmedia":[{"embeddable":true,"href":"https:\/\/www.brikol.sk\/cs\/wp-json\/wp\/v2\/media\/16892"}],"wp:attachment":[{"href":"https:\/\/www.brikol.sk\/cs\/wp-json\/wp\/v2\/media?parent=18010"}],"wp:term":[{"taxonomy":"product_cat","embeddable":true,"href":"https:\/\/www.brikol.sk\/cs\/wp-json\/wp\/v2\/product_cat?post=18010"},{"taxonomy":"product_tag","embeddable":true,"href":"https:\/\/www.brikol.sk\/cs\/wp-json\/wp\/v2\/product_tag?post=18010"}],"curies":[{"name":"wp","href":"https:\/\/api.w.org\/{rel}","templated":true}]}}