{"id":18011,"date":"2023-09-08T09:32:38","date_gmt":"2023-09-08T07:32:38","guid":{"rendered":"https:\/\/www.brikol.sk\/produkt\/distancni-podlozka-pod-zaluzie-isotra-par\/"},"modified":"2023-09-08T09:32:38","modified_gmt":"2023-09-08T07:32:38","slug":"distancni-podlozka-pod-zaluzie-isotra-par","status":"publish","type":"product","link":"https:\/\/www.brikol.sk\/cs\/produkt\/distancni-podlozka-pod-zaluzie-isotra-par\/","title":{"rendered":"Distan\u010dn\u00ed podlo\u017eka pod \u017ealuzie ISOTRA \/ p\u00e1r"},"content":{"rendered":"<p><strong>B\u00edl\u00e1 distan\u010dn\u00ed podlo\u017eka ISOTRA<\/strong><\/p>\n<p>Podlo\u017eka se pou\u017e\u00edv\u00e1 pro okna s \u00fazk\u00fdmi zaskl\u00edvac\u00edmi li\u0161tami. Zakl\u00e1d\u00e1 se z okraje \u017ealuzie na obou stran\u00e1ch mezi oknem a \u017ealuzi\u00ed. \u00dakolem podlo\u017eky je odd\u00e1lit \u017ealuzii od okna tak, aby bylo mo\u017en\u00e9 lamely \u017ealuzie ot\u00e1\u010det a manipulovat s nimi bez probl\u00e9m\u016f a bez t\u0159en\u00ed o sklo.<\/p>\n<p>Kompatibiln\u00ed se<a href=\"https:\/\/www.brikol.sk\/produkt\/zakladna-cast-isotra\/\"> z\u00e1kladn\u00ed \u010d\u00e1st\u00ed ISOTRA<\/a><\/p>\n<p>Podlo\u017eky prod\u00e1v\u00e1me v p\u00e1rech<\/p>\n<p>&nbsp;<\/p>\n","protected":false},"excerpt":{"rendered":"<p>B\u00edl\u00fd distan\u010dn\u00ed r\u00e1me\u010dek pro \u017ealuzie ISOTRA. Podlo\u017eka se pou\u017e\u00edv\u00e1 u oken s \u00fazk\u00fdmi zaskl\u00edvac\u00edmi li\u0161tami, aby bylo mo\u017en\u00e9 lamely \u017ealuzie ot\u00e1\u010det a zajistit jejich funk\u010dnost.<\/p>\n","protected":false},"featured_media":16877,"comment_status":"open","ping_status":"closed","template":"","meta":[],"product_cat":[132,138],"product_tag":[],"_links":{"self":[{"href":"https:\/\/www.brikol.sk\/cs\/wp-json\/wp\/v2\/product\/18011"}],"collection":[{"href":"https:\/\/www.brikol.sk\/cs\/wp-json\/wp\/v2\/product"}],"about":[{"href":"https:\/\/www.brikol.sk\/cs\/wp-json\/wp\/v2\/types\/product"}],"replies":[{"embeddable":true,"href":"https:\/\/www.brikol.sk\/cs\/wp-json\/wp\/v2\/comments?post=18011"}],"wp:featuredmedia":[{"embeddable":true,"href":"https:\/\/www.brikol.sk\/cs\/wp-json\/wp\/v2\/media\/16877"}],"wp:attachment":[{"href":"https:\/\/www.brikol.sk\/cs\/wp-json\/wp\/v2\/media?parent=18011"}],"wp:term":[{"taxonomy":"product_cat","embeddable":true,"href":"https:\/\/www.brikol.sk\/cs\/wp-json\/wp\/v2\/product_cat?post=18011"},{"taxonomy":"product_tag","embeddable":true,"href":"https:\/\/www.brikol.sk\/cs\/wp-json\/wp\/v2\/product_tag?post=18011"}],"curies":[{"name":"wp","href":"https:\/\/api.w.org\/{rel}","templated":true}]}}