{"id":18012,"date":"2023-09-08T08:57:04","date_gmt":"2023-09-08T06:57:04","guid":{"rendered":"https:\/\/www.brikol.sk\/produkt\/uhel-upevneni\/"},"modified":"2023-09-08T08:57:04","modified_gmt":"2023-09-08T06:57:04","slug":"uhel-upevneni","status":"publish","type":"product","link":"https:\/\/www.brikol.sk\/cs\/produkt\/uhel-upevneni\/","title":{"rendered":"\u00dahel upevn\u011bn\u00ed"},"content":{"rendered":"<p>Upev\u0148ovac\u00ed \u00faheln\u00edk se pou\u017e\u00edv\u00e1 k upevn\u011bn\u00ed vodic\u00edho silonu u vnit\u0159n\u00edch \u017ealuzi\u00ed nebo \u017ealuzi\u00ed instalovan\u00fdch v sloupkov\u00e9m okn\u011b.<a href=\"https:\/\/www.brikol.sk\/produkt\/kolik-pre-vodiaci-silon\/\"> \u010cep pro<\/a> vodic\u00ed silon nen\u00ed sou\u010d\u00e1st\u00ed dod\u00e1vky.<\/p>\n<p>&nbsp;<\/p>\n","protected":false},"excerpt":{"rendered":"<p>Upev\u0148ovac\u00ed \u00faheln\u00edk se pou\u017e\u00edv\u00e1 k upevn\u011bn\u00ed vodic\u00edho silonu u vnit\u0159n\u00edch \u017ealuzi\u00ed nebo \u017ealuzi\u00ed instalovan\u00fdch v sloupkov\u00e9m okn\u011b.<\/p>\n","protected":false},"featured_media":16847,"comment_status":"open","ping_status":"closed","template":"","meta":[],"product_cat":[132,133,141],"product_tag":[],"_links":{"self":[{"href":"https:\/\/www.brikol.sk\/cs\/wp-json\/wp\/v2\/product\/18012"}],"collection":[{"href":"https:\/\/www.brikol.sk\/cs\/wp-json\/wp\/v2\/product"}],"about":[{"href":"https:\/\/www.brikol.sk\/cs\/wp-json\/wp\/v2\/types\/product"}],"replies":[{"embeddable":true,"href":"https:\/\/www.brikol.sk\/cs\/wp-json\/wp\/v2\/comments?post=18012"}],"wp:featuredmedia":[{"embeddable":true,"href":"https:\/\/www.brikol.sk\/cs\/wp-json\/wp\/v2\/media\/16847"}],"wp:attachment":[{"href":"https:\/\/www.brikol.sk\/cs\/wp-json\/wp\/v2\/media?parent=18012"}],"wp:term":[{"taxonomy":"product_cat","embeddable":true,"href":"https:\/\/www.brikol.sk\/cs\/wp-json\/wp\/v2\/product_cat?post=18012"},{"taxonomy":"product_tag","embeddable":true,"href":"https:\/\/www.brikol.sk\/cs\/wp-json\/wp\/v2\/product_tag?post=18012"}],"curies":[{"name":"wp","href":"https:\/\/api.w.org\/{rel}","templated":true}]}}