{"id":18013,"date":"2023-09-07T14:06:17","date_gmt":"2023-09-07T12:06:17","guid":{"rendered":"https:\/\/www.brikol.sk\/produkt\/upevnovaci-uhel-otevreny\/"},"modified":"2024-10-17T09:55:54","modified_gmt":"2024-10-17T07:55:54","slug":"upevnovaci-uhel-otevreny","status":"publish","type":"product","link":"https:\/\/www.brikol.sk\/cs\/produkt\/upevnovaci-uhel-otevreny\/","title":{"rendered":"Upev\u0148ovac\u00ed \u00fahel &#8211; otev\u0159en\u00fd"},"content":{"rendered":"<p>Upev\u0148ovac\u00ed \u00faheln\u00edk &#8211; otev\u0159en\u00fd slou\u017e\u00ed k upevn\u011bn\u00ed vodic\u00edho silonu pro vnit\u0159n\u00ed \u017ealuzie nebo rolety instalovan\u00e9 do sloupkov\u00e9ho okna. \u00daheln\u00edk se p\u0159i\u0161roubuje do spodn\u00ed \u010d\u00e1sti okna vlevo nebo vpravo a silon se upevn\u00ed do lamely pomoc\u00ed \u0161neku.<a href=\"https:\/\/www.brikol.sk\/produkt\/kolik-pre-vodiaci-silon\/\">\u010cep<\/a><a href=\"https:\/\/www.brikol.sk\/produkt\/kolik-pre-vodiaci-silon\/\">pro<\/a> vodic\u00ed silon nen\u00ed sou\u010d\u00e1st\u00ed balen\u00ed.<\/p>\n","protected":false},"excerpt":{"rendered":"<p>Upev\u0148ovac\u00ed \u00faheln\u00edk &#8211; otev\u0159en\u00fd se pou\u017e\u00edv\u00e1 k upevn\u011bn\u00ed vodic\u00edho silonu pro vnit\u0159n\u00ed \u017ealuzie nebo rolety instalovan\u00e9 do sloupkov\u00e9ho okna. \u00daheln\u00edk se p\u0159i\u0161roubuje do spodn\u00ed \u010d\u00e1sti okna vlevo nebo vpravo a silon se upevn\u00ed do lamely pomoc\u00ed \u0161neku.<\/p>\n","protected":false},"featured_media":16837,"comment_status":"open","ping_status":"closed","template":"","meta":[],"product_cat":[132,133,141],"product_tag":[],"_links":{"self":[{"href":"https:\/\/www.brikol.sk\/cs\/wp-json\/wp\/v2\/product\/18013"}],"collection":[{"href":"https:\/\/www.brikol.sk\/cs\/wp-json\/wp\/v2\/product"}],"about":[{"href":"https:\/\/www.brikol.sk\/cs\/wp-json\/wp\/v2\/types\/product"}],"replies":[{"embeddable":true,"href":"https:\/\/www.brikol.sk\/cs\/wp-json\/wp\/v2\/comments?post=18013"}],"wp:featuredmedia":[{"embeddable":true,"href":"https:\/\/www.brikol.sk\/cs\/wp-json\/wp\/v2\/media\/16837"}],"wp:attachment":[{"href":"https:\/\/www.brikol.sk\/cs\/wp-json\/wp\/v2\/media?parent=18013"}],"wp:term":[{"taxonomy":"product_cat","embeddable":true,"href":"https:\/\/www.brikol.sk\/cs\/wp-json\/wp\/v2\/product_cat?post=18013"},{"taxonomy":"product_tag","embeddable":true,"href":"https:\/\/www.brikol.sk\/cs\/wp-json\/wp\/v2\/product_tag?post=18013"}],"curies":[{"name":"wp","href":"https:\/\/api.w.org\/{rel}","templated":true}]}}