{"id":18014,"date":"2023-09-07T10:57:50","date_gmt":"2023-09-07T08:57:50","guid":{"rendered":"https:\/\/www.brikol.sk\/produkt\/upevnovaci-drzak-kabelu\/"},"modified":"2026-01-13T11:32:40","modified_gmt":"2026-01-13T10:32:40","slug":"upevnovaci-drzak-kabelu","status":"publish","type":"product","link":"https:\/\/www.brikol.sk\/cs\/produkt\/upevnovaci-drzak-kabelu\/","title":{"rendered":"Upev\u0148ovac\u00ed dr\u017e\u00e1k silonu"},"content":{"rendered":"<p>Plastov\u00fd dr\u017e\u00e1k slou\u017e\u00edc\u00ed k upevn\u011bn\u00ed upev\u0148ovac\u00edho lana. <a href=\"https:\/\/www.brikol.sk\/produkt\/kolik-pre-vodiaci-silon\/\">\u010cep pro<\/a> vodic\u00ed m\u011bch nen\u00ed sou\u010d\u00e1st\u00ed dod\u00e1vky.<\/p>\n","protected":false},"excerpt":{"rendered":"<p>Plastov\u00fd dr\u017e\u00e1k slou\u017e\u00edc\u00ed k upevn\u011bn\u00ed upev\u0148ovac\u00edho lana.<\/p>\n","protected":false},"featured_media":17277,"comment_status":"open","ping_status":"closed","template":"","meta":[],"product_cat":[132,133,141],"product_tag":[],"_links":{"self":[{"href":"https:\/\/www.brikol.sk\/cs\/wp-json\/wp\/v2\/product\/18014"}],"collection":[{"href":"https:\/\/www.brikol.sk\/cs\/wp-json\/wp\/v2\/product"}],"about":[{"href":"https:\/\/www.brikol.sk\/cs\/wp-json\/wp\/v2\/types\/product"}],"replies":[{"embeddable":true,"href":"https:\/\/www.brikol.sk\/cs\/wp-json\/wp\/v2\/comments?post=18014"}],"wp:featuredmedia":[{"embeddable":true,"href":"https:\/\/www.brikol.sk\/cs\/wp-json\/wp\/v2\/media\/17277"}],"wp:attachment":[{"href":"https:\/\/www.brikol.sk\/cs\/wp-json\/wp\/v2\/media?parent=18014"}],"wp:term":[{"taxonomy":"product_cat","embeddable":true,"href":"https:\/\/www.brikol.sk\/cs\/wp-json\/wp\/v2\/product_cat?post=18014"},{"taxonomy":"product_tag","embeddable":true,"href":"https:\/\/www.brikol.sk\/cs\/wp-json\/wp\/v2\/product_tag?post=18014"}],"curies":[{"name":"wp","href":"https:\/\/api.w.org\/{rel}","templated":true}]}}