{"id":18015,"date":"2023-09-06T13:37:24","date_gmt":"2023-09-06T11:37:24","guid":{"rendered":"https:\/\/www.brikol.sk\/produkt\/univerzalni-cistic-cosmo-cl-360-110\/"},"modified":"2026-01-13T11:33:05","modified_gmt":"2026-01-13T10:33:05","slug":"univerzalni-cistic-cosmo-cl-360-110","status":"publish","type":"product","link":"https:\/\/www.brikol.sk\/cs\/produkt\/univerzalni-cistic-cosmo-cl-360-110\/","title":{"rendered":"Univerz\u00e1ln\u00ed \u010disti\u010d COSMO CL-360.110"},"content":{"rendered":"<div class=\"content_section position-1\">\n<article id=\"Article_idm15103734866348742333009-48\">\n<div class=\"Article notab_br decoration-none\">\n<div class=\"article_indents\">\n<p class=\"article_indent align-left\">Aktivn\u00ed tenzidov\u00fd \u010disti\u010d na v\u0161echny povrchy ze d\u0159eva, plastu a hlin\u00edku, na okna, dve\u0159e a fas\u00e1dy.<\/p>\n<p class=\"article_indent align-left article-separator-horizontal_space1\"><strong>Vlastnosti produktu:<\/strong><br class=\"one-br\" \/>&#8211; intenzivn\u00ed a jemn\u00fd \u010distic\u00ed \u00fa\u010dinek <br class=\"one-br\" \/>&#8211; vynikaj\u00edc\u00ed \u010distic\u00ed \u00fa\u010dinek i p\u0159i \u0159ed\u011bn\u00ed vodou v pom\u011bru 1:3 a\u017e 1:5. <br class=\"one-br\" \/>&#8211; PH neutr\u00e1ln\u00ed <br class=\"one-br\" \/>&#8211; \u0161etrn\u00e9 k poko\u017ece<\/p>\n<p><span style=\"text-decoration: underline;\"><strong><span style=\"color: #ff0000; text-decoration: underline;\"><a style=\"color: #ff0000; text-decoration: underline;\" href=\"https:\/\/www.brikol.sk\/wp-content\/uploads\/2023\/09\/Postup-cistenia-jednotlivych-povrchov.pdf\">Postup \u010di\u0161t\u011bn\u00ed jednotliv\u00fdch povrch\u016f<\/a><\/span><\/strong><\/span><\/p>\n<p class=\"article_indent align-left\">\n<\/div>\n<\/div>\n<\/article>\n<\/div>\n","protected":false},"excerpt":{"rendered":"<p class=\"article_indent align-left\">Aktivn\u00ed tenzidov\u00fd \u010disti\u010d na v\u0161echny povrchy ze d\u0159eva, plastu a hlin\u00edku, na okna, dve\u0159e a fas\u00e1dy.<\/p>\n<p class=\"article_indent align-left article-separator-horizontal_space1\"><strong>Vlastnosti produktu:<\/strong><br class=\"one-br\" \/>&#8211; intenzivn\u00ed a jemn\u00fd \u010distic\u00ed \u00fa\u010dinek <br class=\"one-br\" \/>&#8211; vynikaj\u00edc\u00ed \u010distic\u00ed \u00fa\u010dinek i p\u0159i \u0159ed\u011bn\u00ed vodou v pom\u011bru 1:3 a\u017e 1:5. <br class=\"one-br\" \/>&#8211; PH neutr\u00e1ln\u00ed <br class=\"one-br\" \/>&#8211; \u0161etrn\u00e9 k poko\u017ece<\/p>\n","protected":false},"featured_media":16782,"comment_status":"open","ping_status":"closed","template":"","meta":[],"product_cat":[136,222],"product_tag":[],"_links":{"self":[{"href":"https:\/\/www.brikol.sk\/cs\/wp-json\/wp\/v2\/product\/18015"}],"collection":[{"href":"https:\/\/www.brikol.sk\/cs\/wp-json\/wp\/v2\/product"}],"about":[{"href":"https:\/\/www.brikol.sk\/cs\/wp-json\/wp\/v2\/types\/product"}],"replies":[{"embeddable":true,"href":"https:\/\/www.brikol.sk\/cs\/wp-json\/wp\/v2\/comments?post=18015"}],"wp:featuredmedia":[{"embeddable":true,"href":"https:\/\/www.brikol.sk\/cs\/wp-json\/wp\/v2\/media\/16782"}],"wp:attachment":[{"href":"https:\/\/www.brikol.sk\/cs\/wp-json\/wp\/v2\/media?parent=18015"}],"wp:term":[{"taxonomy":"product_cat","embeddable":true,"href":"https:\/\/www.brikol.sk\/cs\/wp-json\/wp\/v2\/product_cat?post=18015"},{"taxonomy":"product_tag","embeddable":true,"href":"https:\/\/www.brikol.sk\/cs\/wp-json\/wp\/v2\/product_tag?post=18015"}],"curies":[{"name":"wp","href":"https:\/\/api.w.org\/{rel}","templated":true}]}}