{"id":18016,"date":"2023-09-06T12:52:12","date_gmt":"2023-09-06T10:52:12","guid":{"rendered":"https:\/\/www.brikol.sk\/produkt\/dublinska-okenni-klika-s-klicem\/"},"modified":"2026-01-13T11:33:23","modified_gmt":"2026-01-13T10:33:23","slug":"dublinska-okenni-klika-s-klicem","status":"publish","type":"product","link":"https:\/\/www.brikol.sk\/cs\/produkt\/dublinska-okenni-klika-s-klicem\/","title":{"rendered":"Dublinsk\u00e1 okenn\u00ed klika s kl\u00ed\u010dem"},"content":{"rendered":"<div id=\"uzamykatelna-klucka-dublin\">\n<section class=\"Section-idm7428562688680579635647 Data type-3\">\n<div class=\"content_section position-0\">\n<article id=\"Article_idm746344613823497575215-5\">\n<div class=\"Article notab_br decoration-none\">\n<section class=\"Section-idm776875456355471448937 Data type-3\">\n<div class=\"content_section position-0\">\n<article id=\"Article_idm7802110029911158428258-7\">\n<div class=\"Article notab_br decoration-none\">\n<p>Uzamykateln\u00e1 Dublin klika je vhodn\u00fdm \u0159e\u0161en\u00edm pro mal\u00e9 d\u011bti a p\u0159i p\u00e9\u010di o star\u0161\u00ed osoby. <strong>P\u0159edch\u00e1zejte nebezpe\u010dn\u00fdm nehod\u00e1m a zvy\u0161te bezpe\u010dnost ve sv\u00e9 dom\u00e1cnosti<\/strong> pomoc\u00ed <strong>bezpe\u010dnostn\u00ed okenn\u00ed kliky se z\u00e1mkem.<\/strong> Okno m\u016f\u017eete uzamknout v zav\u0159en\u00e9 nebo vyklopen\u00e9 poloze a va\u0161e d\u00edt\u011b z okna nevypadne.<\/p>\n<p><strong>Slou\u017e\u00ed jako nejbezpe\u010dn\u011bj\u0161\u00ed d\u011btsk\u00e1 pojistka.<\/strong> M\u016f\u017eete je tak\u00e9 pou\u017e\u00edt jako bezpe\u010dnostn\u00ed za\u0159\u00edzen\u00ed proti ne\u017e\u00e1douc\u00edmu otev\u0159en\u00ed oken nebo balkonov\u00fdch dve\u0159\u00ed na chodb\u00e1ch, nap\u0159\u00edklad ve \u0161kol\u00e1ch, \u0161kolk\u00e1ch, ordinac\u00edch, domovech d\u016fchodc\u016f.<\/p>\n<p>Od t\u00e9to chv\u00edle se nemus\u00edte ob\u00e1vat, \u017ee by d\u00edt\u011b ve va\u0161\u00ed nep\u0159\u00edtomnosti otev\u0159elo okna nebo balkonov\u00e9 dve\u0159e a zp\u016fsobilo nep\u0159\u00edjemnou nehodu. <strong>Po zav\u0159en\u00ed okna sta\u010d\u00ed stisknout pojistku a okno se bezpe\u010dn\u011b zav\u0159e.<\/strong> Pro jeho op\u011btovn\u00e9 otev\u0159en\u00ed je nutn\u00e9 pou\u017e\u00edt kl\u00ed\u010d.<\/p>\n<ul class=\"article_indents type-disc\">\n<li class=\"article_indent align-left\">Rukoje\u0165 z hlin\u00edku<\/li>\n<li class=\"article_indent align-left\">D\u00e9lka v\u0159etena &#8211; 35 mm<\/li>\n<li class=\"article_indent align-left\">K dispozici ve verz\u00edch: 45 polohov\u00e1n\u00ed rukojeti<\/li>\n<li class=\"article_indent align-left\">Mont\u00e1\u017en\u00ed \u0161rouby dod\u00e1van\u00e9 s v\u00fdrobkem<\/li>\n<\/ul>\n<\/div>\n<\/article>\n<\/div>\n<\/section>\n<\/div>\n<\/article>\n<\/div>\n<\/section>\n<p><span style=\"color: #ff0000;\"><strong>Pokyny pro v\u00fdm\u011bnu rukojeti<\/strong><\/span><\/p>\n<p><a href=\"https:\/\/www.brikol.sk\/wp-content\/uploads\/2023\/03\/Vymena-okennej-klucky.pdf\">V\u00fdm\u011bna okenn\u00edch klik<\/a><\/p>\n<\/div>\n","protected":false},"excerpt":{"rendered":"<p>Uzamykateln\u00e1 Dublin klika je vhodn\u00fdm \u0159e\u0161en\u00edm pro mal\u00e9 d\u011bti a p\u0159i p\u00e9\u010di o star\u0161\u00ed osoby. P\u0159edch\u00e1zejte <strong>nebezpe\u010dn\u00fdm nehod\u00e1m a zvy\u0161te bezpe\u010dnost ve sv\u00e9 dom\u00e1cnosti<\/strong> pomoc\u00ed <strong>bezpe\u010dnostn\u00ed okenn\u00ed kliky se z\u00e1mkem&#8230;<a href=\"#uzamykatelna-klucka-dublin\"><span style=\"color: #0000ff;\">V\u00edce v popisu<\/span><\/a><\/strong><\/p>\n<p>&nbsp;<\/p>\n<p>&nbsp;<\/p>\n<p>&nbsp;<\/p>\n","protected":false},"featured_media":17002,"comment_status":"open","ping_status":"closed","template":"","meta":[],"product_cat":[68,153],"product_tag":[],"_links":{"self":[{"href":"https:\/\/www.brikol.sk\/cs\/wp-json\/wp\/v2\/product\/18016"}],"collection":[{"href":"https:\/\/www.brikol.sk\/cs\/wp-json\/wp\/v2\/product"}],"about":[{"href":"https:\/\/www.brikol.sk\/cs\/wp-json\/wp\/v2\/types\/product"}],"replies":[{"embeddable":true,"href":"https:\/\/www.brikol.sk\/cs\/wp-json\/wp\/v2\/comments?post=18016"}],"wp:featuredmedia":[{"embeddable":true,"href":"https:\/\/www.brikol.sk\/cs\/wp-json\/wp\/v2\/media\/17002"}],"wp:attachment":[{"href":"https:\/\/www.brikol.sk\/cs\/wp-json\/wp\/v2\/media?parent=18016"}],"wp:term":[{"taxonomy":"product_cat","embeddable":true,"href":"https:\/\/www.brikol.sk\/cs\/wp-json\/wp\/v2\/product_cat?post=18016"},{"taxonomy":"product_tag","embeddable":true,"href":"https:\/\/www.brikol.sk\/cs\/wp-json\/wp\/v2\/product_tag?post=18016"}],"curies":[{"name":"wp","href":"https:\/\/api.w.org\/{rel}","templated":true}]}}