{"id":18025,"date":"2023-09-06T11:08:53","date_gmt":"2023-09-06T09:08:53","guid":{"rendered":"https:\/\/www.brikol.sk\/produkt\/balkonove-madlo-psk\/"},"modified":"2026-01-13T11:34:30","modified_gmt":"2026-01-13T10:34:30","slug":"balkonove-madlo-psk","status":"publish","type":"product","link":"https:\/\/www.brikol.sk\/cs\/produkt\/balkonove-madlo-psk\/","title":{"rendered":"Balk\u00f3nov\u00e9 madlo PSK"},"content":{"rendered":"<section class=\"Section-idm7428562688680579635647 Data type-3\">\n<div class=\"content_section position-0\">\n<article id=\"Article_idm746344613823497575215-5\">\n<div class=\"Article notab_br decoration-none\">\n<ul class=\"article_indents type-disc\">\n<li class=\"article_indent align-left\">Rukoje\u0165 z hlin\u00edku<\/li>\n<li class=\"article_indent align-left\">\u010c\u00e1st t\u011bla a kryt z kovu<\/li>\n<li class=\"article_indent align-left\">Dv\u011b standardn\u00ed verze: 45\u00b0 a 90\u00b0 polohov\u00e1n\u00ed rukojeti<\/li>\n<li class=\"article_indent align-left\">Upev\u0148ovac\u00ed \u0161rouby dod\u00e1van\u00e9 s v\u00fdrobkem<\/li>\n<\/ul>\n<\/div>\n<\/article>\n<\/div>\n<\/section>\n<p><span style=\"color: #ff0000;\"><strong>Pokyny pro v\u00fdm\u011bnu rukojeti<\/strong><\/span><\/p>\n<p><a href=\"https:\/\/www.brikol.sk\/wp-content\/uploads\/2023\/03\/Vymena-okennej-klucky.pdf\">V\u00fdm\u011bna okenn\u00edch klik<\/a><\/p>\n","protected":false},"excerpt":{"rendered":"<p>Balkonov\u00e9 v\u00fdsuvn\u00e9 madlo. Rukoje\u0165 je vyrobena z hlin\u00edku. \u010c\u00e1st t\u011bla a kryt z kovu.<\/p>\n<p>Upev\u0148ovac\u00ed \u0161rouby dod\u00e1van\u00e9 s v\u00fdrobkem<\/p>\n<p>&nbsp;<\/p>\n","protected":false},"featured_media":16687,"comment_status":"open","ping_status":"closed","template":"","meta":[],"product_cat":[136,68,224],"product_tag":[],"_links":{"self":[{"href":"https:\/\/www.brikol.sk\/cs\/wp-json\/wp\/v2\/product\/18025"}],"collection":[{"href":"https:\/\/www.brikol.sk\/cs\/wp-json\/wp\/v2\/product"}],"about":[{"href":"https:\/\/www.brikol.sk\/cs\/wp-json\/wp\/v2\/types\/product"}],"replies":[{"embeddable":true,"href":"https:\/\/www.brikol.sk\/cs\/wp-json\/wp\/v2\/comments?post=18025"}],"wp:featuredmedia":[{"embeddable":true,"href":"https:\/\/www.brikol.sk\/cs\/wp-json\/wp\/v2\/media\/16687"}],"wp:attachment":[{"href":"https:\/\/www.brikol.sk\/cs\/wp-json\/wp\/v2\/media?parent=18025"}],"wp:term":[{"taxonomy":"product_cat","embeddable":true,"href":"https:\/\/www.brikol.sk\/cs\/wp-json\/wp\/v2\/product_cat?post=18025"},{"taxonomy":"product_tag","embeddable":true,"href":"https:\/\/www.brikol.sk\/cs\/wp-json\/wp\/v2\/product_tag?post=18025"}],"curies":[{"name":"wp","href":"https:\/\/api.w.org\/{rel}","templated":true}]}}