{"id":18036,"date":"2023-08-09T09:43:12","date_gmt":"2023-08-09T07:43:12","guid":{"rendered":"https:\/\/www.brikol.sk\/produkt\/tesnici-pryz-transparentni\/"},"modified":"2023-08-09T09:43:12","modified_gmt":"2023-08-09T07:43:12","slug":"tesnici-pryz-transparentni","status":"publish","type":"product","link":"https:\/\/www.brikol.sk\/cs\/produkt\/tesnici-pryz-transparentni\/","title":{"rendered":"T\u011bsnic\u00ed pry\u017e transparentn\u00ed"},"content":{"rendered":"<p>K p\u0159ipevn\u011bn\u00ed a napnut\u00ed s\u00ed\u0165oviny k r\u00e1mu s\u00edt\u011b proti hmyzu se pou\u017e\u00edv\u00e1 pojistn\u00e1 guma o pr\u016fm\u011bru 4 mm nebo 5,75 mm TRANSPARENTN\u00cd<\/p>\n","protected":false},"excerpt":{"rendered":"<p>Zaji\u0161\u0165ovac\u00ed guma slou\u017e\u00ed k upevn\u011bn\u00ed a napnut\u00ed s\u00ed\u0165oviny k r\u00e1mu s\u00edt\u011b proti hmyzu TRANSPARENTN\u00cd<\/p>\n","protected":false},"featured_media":16632,"comment_status":"open","ping_status":"closed","template":"","meta":[],"product_cat":[130,143],"product_tag":[],"_links":{"self":[{"href":"https:\/\/www.brikol.sk\/cs\/wp-json\/wp\/v2\/product\/18036"}],"collection":[{"href":"https:\/\/www.brikol.sk\/cs\/wp-json\/wp\/v2\/product"}],"about":[{"href":"https:\/\/www.brikol.sk\/cs\/wp-json\/wp\/v2\/types\/product"}],"replies":[{"embeddable":true,"href":"https:\/\/www.brikol.sk\/cs\/wp-json\/wp\/v2\/comments?post=18036"}],"wp:featuredmedia":[{"embeddable":true,"href":"https:\/\/www.brikol.sk\/cs\/wp-json\/wp\/v2\/media\/16632"}],"wp:attachment":[{"href":"https:\/\/www.brikol.sk\/cs\/wp-json\/wp\/v2\/media?parent=18036"}],"wp:term":[{"taxonomy":"product_cat","embeddable":true,"href":"https:\/\/www.brikol.sk\/cs\/wp-json\/wp\/v2\/product_cat?post=18036"},{"taxonomy":"product_tag","embeddable":true,"href":"https:\/\/www.brikol.sk\/cs\/wp-json\/wp\/v2\/product_tag?post=18036"}],"curies":[{"name":"wp","href":"https:\/\/api.w.org\/{rel}","templated":true}]}}