{"id":18039,"date":"2023-08-09T09:28:37","date_gmt":"2023-08-09T07:28:37","guid":{"rendered":"https:\/\/www.brikol.sk\/produkt\/okenni-sit-proti-hmyzu\/"},"modified":"2023-08-09T09:28:37","modified_gmt":"2023-08-09T07:28:37","slug":"okenni-sit-proti-hmyzu","status":"publish","type":"product","link":"https:\/\/www.brikol.sk\/cs\/produkt\/okenni-sit-proti-hmyzu\/","title":{"rendered":"Okenn\u00ed s\u00ed\u0165 proti hmyzu"},"content":{"rendered":"<p><strong>Ucho &#8211; rukoje\u0165 okenn\u00ed s\u00edt\u011b proti hmyzu<\/strong><\/p>\n<p>Rukoje\u0165 s\u00edt\u011b proti hmyzu slou\u017e\u00ed ke snadn\u00e9 manipulaci se s\u00edt\u00ed p\u0159i mont\u00e1\u017ei na okenn\u00ed r\u00e1m. Dr\u017e\u00e1k se vkl\u00e1d\u00e1 mezi s\u00ed\u0165 a stla\u010dovac\u00ed gumu s\u00edt\u011b.<\/p>\n<p>D\u00edky univerz\u00e1ln\u00ed <strong>pr\u016fsvitn\u00e9<\/strong> barv\u011b se hod\u00ed pro ka\u017edou barvu s\u00ed\u0165ov\u00e9ho r\u00e1mu.<\/p>\n<p><img loading=\"lazy\" class=\"alignnone size-medium wp-image-10201\" src=\"https:\/\/www.brikol.sk\/wp-content\/uploads\/2023\/08\/usko-sietky--320x400.jpg\" alt=\"\" width=\"320\" height=\"400\" srcset=\"https:\/\/www.brikol.sk\/wp-content\/uploads\/2023\/08\/usko-sietky--320x400.jpg 320w, https:\/\/www.brikol.sk\/wp-content\/uploads\/2023\/08\/usko-sietky--640x800.jpg 640w, https:\/\/www.brikol.sk\/wp-content\/uploads\/2023\/08\/usko-sietky--768x960.jpg 768w, https:\/\/www.brikol.sk\/wp-content\/uploads\/2023\/08\/usko-sietky--1229x1536.jpg 1229w, https:\/\/www.brikol.sk\/wp-content\/uploads\/2023\/08\/usko-sietky--1638x2048.jpg 1638w, https:\/\/www.brikol.sk\/wp-content\/uploads\/2023\/08\/usko-sietky--600x750.jpg 600w, https:\/\/www.brikol.sk\/wp-content\/uploads\/2023\/08\/usko-sietky-.jpg 1800w\" sizes=\"(max-width: 320px) 100vw, 320px\" \/><\/p>\n<p>&nbsp;<\/p>\n<p>&nbsp;<\/p>\n","protected":false},"excerpt":{"rendered":"<p><strong>Ucho &#8211; rukoje\u0165 okenn\u00ed s\u00edt\u011b proti hmyzu<\/strong><\/p>\n<p>Dr\u017e\u00e1k slou\u017e\u00ed ke snadn\u00e9 manipulaci se s\u00ed\u0165kou p\u0159i mont\u00e1\u017ei na okenn\u00ed r\u00e1m. Rukoje\u0165 se vkl\u00e1d\u00e1 mezi s\u00ed\u0165ovinu a p\u0159\u00edtla\u010dnou pry\u017e s\u00ed\u0165oviny.<\/p>\n<p>D\u00edky univerz\u00e1ln\u00ed pr\u016fsvitn\u00e9 barv\u011b se hod\u00ed pro ka\u017edou barvu s\u00ed\u0165ov\u00e9ho r\u00e1mu.<\/p>\n<p>&nbsp;<\/p>\n","protected":false},"featured_media":21300,"comment_status":"open","ping_status":"closed","template":"","meta":[],"product_cat":[130,143],"product_tag":[],"_links":{"self":[{"href":"https:\/\/www.brikol.sk\/cs\/wp-json\/wp\/v2\/product\/18039"}],"collection":[{"href":"https:\/\/www.brikol.sk\/cs\/wp-json\/wp\/v2\/product"}],"about":[{"href":"https:\/\/www.brikol.sk\/cs\/wp-json\/wp\/v2\/types\/product"}],"replies":[{"embeddable":true,"href":"https:\/\/www.brikol.sk\/cs\/wp-json\/wp\/v2\/comments?post=18039"}],"wp:featuredmedia":[{"embeddable":true,"href":"https:\/\/www.brikol.sk\/cs\/wp-json\/wp\/v2\/media\/21300"}],"wp:attachment":[{"href":"https:\/\/www.brikol.sk\/cs\/wp-json\/wp\/v2\/media?parent=18039"}],"wp:term":[{"taxonomy":"product_cat","embeddable":true,"href":"https:\/\/www.brikol.sk\/cs\/wp-json\/wp\/v2\/product_cat?post=18039"},{"taxonomy":"product_tag","embeddable":true,"href":"https:\/\/www.brikol.sk\/cs\/wp-json\/wp\/v2\/product_tag?post=18039"}],"curies":[{"name":"wp","href":"https:\/\/api.w.org\/{rel}","templated":true}]}}