{"id":18045,"date":"2023-08-08T09:45:38","date_gmt":"2023-08-08T07:45:38","guid":{"rendered":"https:\/\/www.brikol.sk\/produkt\/bocni-kryt-pro-horizontalni-zaluzie-climax-rondo-par\/"},"modified":"2025-08-14T20:40:13","modified_gmt":"2025-08-14T18:40:13","slug":"bocni-kryt-pro-horizontalni-zaluzie-climax-rondo-par","status":"publish","type":"product","link":"https:\/\/www.brikol.sk\/cs\/produkt\/bocni-kryt-pro-horizontalni-zaluzie-climax-rondo-par\/","title":{"rendered":"Bo\u010dn\u00ed kryt pro horizont\u00e1ln\u00ed \u017ealuzie Climax Rondo \/ p\u00e1r"},"content":{"rendered":"<p>Bo\u010dn\u00ed kryt pro horizont\u00e1ln\u00ed \u017ealuzie ur\u010den\u00fd pro \u017ealuzie od v\u00fdrobce Climax &#8211; Rondo.<\/p>\n","protected":false},"excerpt":{"rendered":"<p>Bo\u010dn\u00ed kryt pro horizont\u00e1ln\u00ed \u017ealuzie ur\u010den\u00fd pro \u017ealuzie od v\u00fdrobce Climax &#8211; Rondo<\/p>\n","protected":false},"featured_media":21088,"comment_status":"open","ping_status":"closed","template":"","meta":[],"product_cat":[132,140],"product_tag":[],"_links":{"self":[{"href":"https:\/\/www.brikol.sk\/cs\/wp-json\/wp\/v2\/product\/18045"}],"collection":[{"href":"https:\/\/www.brikol.sk\/cs\/wp-json\/wp\/v2\/product"}],"about":[{"href":"https:\/\/www.brikol.sk\/cs\/wp-json\/wp\/v2\/types\/product"}],"replies":[{"embeddable":true,"href":"https:\/\/www.brikol.sk\/cs\/wp-json\/wp\/v2\/comments?post=18045"}],"wp:featuredmedia":[{"embeddable":true,"href":"https:\/\/www.brikol.sk\/cs\/wp-json\/wp\/v2\/media\/21088"}],"wp:attachment":[{"href":"https:\/\/www.brikol.sk\/cs\/wp-json\/wp\/v2\/media?parent=18045"}],"wp:term":[{"taxonomy":"product_cat","embeddable":true,"href":"https:\/\/www.brikol.sk\/cs\/wp-json\/wp\/v2\/product_cat?post=18045"},{"taxonomy":"product_tag","embeddable":true,"href":"https:\/\/www.brikol.sk\/cs\/wp-json\/wp\/v2\/product_tag?post=18045"}],"curies":[{"name":"wp","href":"https:\/\/api.w.org\/{rel}","templated":true}]}}