{"id":18055,"date":"2023-08-01T10:32:16","date_gmt":"2023-08-01T08:32:16","guid":{"rendered":"https:\/\/www.brikol.sk\/produkt\/silonova-linka-pro-climax-ks\/"},"modified":"2023-08-01T10:32:16","modified_gmt":"2023-08-01T08:32:16","slug":"silonova-linka-pro-climax-ks","status":"publish","type":"product","link":"https:\/\/www.brikol.sk\/cs\/produkt\/silonova-linka-pro-climax-ks\/","title":{"rendered":"Silonov\u00e1 linka pro Climax \/ ks"},"content":{"rendered":"<p>\u0158ada Silon pro horn\u00ed nosn\u00edk Climax.<\/p>\n<p>Kabel\u00e1\u017e se nach\u00e1z\u00ed v horn\u00edm nosn\u00edku horizont\u00e1ln\u00ed \u017ealuzie. Chr\u00e1n\u00ed silon p\u0159ed ot\u011brem o kovovou \u010d\u00e1st nosn\u00edku.<\/p>\n","protected":false},"excerpt":{"rendered":"<p>\u0158ada Silon pro horn\u00ed nosn\u00edk Climax.<\/p>\n<p>Kabel\u00e1\u017e je um\u00edst\u011bna v horn\u00edm nosn\u00edku horizont\u00e1ln\u00ed \u017ealuzie. Chr\u00e1n\u00ed silon p\u0159ed ot\u011brem o kovovou \u010d\u00e1st nosn\u00edku.<\/p>\n<p>&nbsp;<\/p>\n","protected":false},"featured_media":16507,"comment_status":"open","ping_status":"closed","template":"","meta":[],"product_cat":[132,140],"product_tag":[],"_links":{"self":[{"href":"https:\/\/www.brikol.sk\/cs\/wp-json\/wp\/v2\/product\/18055"}],"collection":[{"href":"https:\/\/www.brikol.sk\/cs\/wp-json\/wp\/v2\/product"}],"about":[{"href":"https:\/\/www.brikol.sk\/cs\/wp-json\/wp\/v2\/types\/product"}],"replies":[{"embeddable":true,"href":"https:\/\/www.brikol.sk\/cs\/wp-json\/wp\/v2\/comments?post=18055"}],"wp:featuredmedia":[{"embeddable":true,"href":"https:\/\/www.brikol.sk\/cs\/wp-json\/wp\/v2\/media\/16507"}],"wp:attachment":[{"href":"https:\/\/www.brikol.sk\/cs\/wp-json\/wp\/v2\/media?parent=18055"}],"wp:term":[{"taxonomy":"product_cat","embeddable":true,"href":"https:\/\/www.brikol.sk\/cs\/wp-json\/wp\/v2\/product_cat?post=18055"},{"taxonomy":"product_tag","embeddable":true,"href":"https:\/\/www.brikol.sk\/cs\/wp-json\/wp\/v2\/product_tag?post=18055"}],"curies":[{"name":"wp","href":"https:\/\/api.w.org\/{rel}","templated":true}]}}