{"id":18056,"date":"2023-08-01T10:19:25","date_gmt":"2023-08-01T08:19:25","guid":{"rendered":"https:\/\/www.brikol.sk\/produkt\/zatka-spodniho-profilu-climax\/"},"modified":"2023-08-01T10:19:25","modified_gmt":"2023-08-01T08:19:25","slug":"zatka-spodniho-profilu-climax","status":"publish","type":"product","link":"https:\/\/www.brikol.sk\/cs\/produkt\/zatka-spodniho-profilu-climax\/","title":{"rendered":"Z\u00e1tka spodn\u00edho profilu Climax"},"content":{"rendered":"<p>Zar\u00e1\u017eka pro spodn\u00ed profil \u017ealuzi\u00ed Climax. Z\u00e1tka slou\u017e\u00ed k upevn\u011bn\u00ed \u017eeb\u0159\u00edku ve spodn\u00ed \u010d\u00e1sti.<\/p>\n","protected":false},"excerpt":{"rendered":"<p>Zar\u00e1\u017eka pro spodn\u00ed profil \u017ealuzi\u00ed Climax. Z\u00e1tka slou\u017e\u00ed k upevn\u011bn\u00ed \u017eeb\u0159\u00edku ve spodn\u00ed \u010d\u00e1sti.<\/p>\n","protected":false},"featured_media":16492,"comment_status":"closed","ping_status":"closed","template":"","meta":[],"product_cat":[132,140],"product_tag":[],"_links":{"self":[{"href":"https:\/\/www.brikol.sk\/cs\/wp-json\/wp\/v2\/product\/18056"}],"collection":[{"href":"https:\/\/www.brikol.sk\/cs\/wp-json\/wp\/v2\/product"}],"about":[{"href":"https:\/\/www.brikol.sk\/cs\/wp-json\/wp\/v2\/types\/product"}],"replies":[{"embeddable":true,"href":"https:\/\/www.brikol.sk\/cs\/wp-json\/wp\/v2\/comments?post=18056"}],"wp:featuredmedia":[{"embeddable":true,"href":"https:\/\/www.brikol.sk\/cs\/wp-json\/wp\/v2\/media\/16492"}],"wp:attachment":[{"href":"https:\/\/www.brikol.sk\/cs\/wp-json\/wp\/v2\/media?parent=18056"}],"wp:term":[{"taxonomy":"product_cat","embeddable":true,"href":"https:\/\/www.brikol.sk\/cs\/wp-json\/wp\/v2\/product_cat?post=18056"},{"taxonomy":"product_tag","embeddable":true,"href":"https:\/\/www.brikol.sk\/cs\/wp-json\/wp\/v2\/product_tag?post=18056"}],"curies":[{"name":"wp","href":"https:\/\/api.w.org\/{rel}","templated":true}]}}