{"id":18057,"date":"2023-08-01T09:23:29","date_gmt":"2023-08-01T07:23:29","guid":{"rendered":"https:\/\/www.brikol.sk\/produkt\/koncovy-uzaver-spodniho-profilu-climax-ks\/"},"modified":"2024-03-25T14:39:07","modified_gmt":"2024-03-25T13:39:07","slug":"koncovy-uzaver-spodniho-profilu-climax-ks","status":"publish","type":"product","link":"https:\/\/www.brikol.sk\/cs\/produkt\/koncovy-uzaver-spodniho-profilu-climax-ks\/","title":{"rendered":"Koncov\u00fd uz\u00e1v\u011br spodn\u00edho profilu Climax \/ ks"},"content":{"rendered":"<div id=\"koncovka-na-spodny-profil-pre-interierove-zaluzie-climax\">\n<p><strong>Koncov\u00fd uz\u00e1v\u011br spodn\u00edho profilu<\/strong> (li\u0161ty) pro vnit\u0159n\u00ed \u017ealuzie Climax je opat\u0159en o\u010dkem, kter\u00fdm se provl\u00e9k\u00e1 <strong><a href=\"https:\/\/www.brikol.sk\/produkt\/silon-zilka-zaluzie-2\/\">vodic\u00ed silon<\/a><\/strong> \u017ealuzie. \u00da\u010delem koncovky profilu climax sp.profile je zlep\u0161it veden\u00ed spodn\u00edho profilu p\u0159i manipulaci se \u017ealuzi\u00ed a zajistit tak plynul\u00e9 vysunut\u00ed a zasunut\u00ed \u017ealuzie.<\/p>\n<p>O\u010dko lze p\u0159em\u00edstit, sta\u010d\u00ed ho vysunout a um\u00edstit do jin\u00e9ho otvoru v koncovce. Plastov\u00fd konec spodn\u00edho profilu lze pou\u017e\u00edt na prav\u00e9 i lev\u00e9 stran\u011b \u017ealuzie.<\/p>\n<p>Barevn\u00e9 proveden\u00ed:<\/p>\n<ul>\n<li>B\u00edl\u00e1<\/li>\n<li>P\u0159ehledn\u011b<\/li>\n<li>Sv\u011btle hn\u011bd\u00e1<\/li>\n<li>Tmav\u011b hn\u011bd\u00e1<\/li>\n<li>Grey<\/li>\n<\/ul>\n<\/div>\n","protected":false},"excerpt":{"rendered":"<p><strong>Koncov\u00e1 krytka spodn\u00edho profilu<\/strong> (li\u0161ty) pro vnit\u0159n\u00ed \u017ealuzie Climax je opat\u0159ena o\u010dkem pro&#8230;<a href=\"#koncovka-na-spodny-profil-pre-interierove-zaluzie-climax\"><span style=\"color: #0000ff;\"><strong>V\u00edce v popisu<\/strong><\/span><\/a><\/p>\n","protected":false},"featured_media":16462,"comment_status":"open","ping_status":"closed","template":"","meta":[],"product_cat":[132,140],"product_tag":[],"_links":{"self":[{"href":"https:\/\/www.brikol.sk\/cs\/wp-json\/wp\/v2\/product\/18057"}],"collection":[{"href":"https:\/\/www.brikol.sk\/cs\/wp-json\/wp\/v2\/product"}],"about":[{"href":"https:\/\/www.brikol.sk\/cs\/wp-json\/wp\/v2\/types\/product"}],"replies":[{"embeddable":true,"href":"https:\/\/www.brikol.sk\/cs\/wp-json\/wp\/v2\/comments?post=18057"}],"wp:featuredmedia":[{"embeddable":true,"href":"https:\/\/www.brikol.sk\/cs\/wp-json\/wp\/v2\/media\/16462"}],"wp:attachment":[{"href":"https:\/\/www.brikol.sk\/cs\/wp-json\/wp\/v2\/media?parent=18057"}],"wp:term":[{"taxonomy":"product_cat","embeddable":true,"href":"https:\/\/www.brikol.sk\/cs\/wp-json\/wp\/v2\/product_cat?post=18057"},{"taxonomy":"product_tag","embeddable":true,"href":"https:\/\/www.brikol.sk\/cs\/wp-json\/wp\/v2\/product_tag?post=18057"}],"curies":[{"name":"wp","href":"https:\/\/api.w.org\/{rel}","templated":true}]}}