{"id":18063,"date":"2023-07-25T12:49:13","date_gmt":"2023-07-25T10:49:13","guid":{"rendered":"https:\/\/www.brikol.sk\/produkt\/textilni-paska-climax-koncovka-ks\/"},"modified":"2023-07-25T12:49:13","modified_gmt":"2023-07-25T10:49:13","slug":"textilni-paska-climax-koncovka-ks","status":"publish","type":"product","link":"https:\/\/www.brikol.sk\/cs\/produkt\/textilni-paska-climax-koncovka-ks\/","title":{"rendered":"Textiln\u00ed p\u00e1ska CLIMAX &#8211; koncovka \/ ks"},"content":{"rendered":"<p>Konec textiln\u00ed p\u00e1sky Climax je um\u00edst\u011bn na spodn\u00edm profilu \u017ealuzie. Jeho \u00fakolem je upevnit textiln\u00ed p\u00e1sku ve spodn\u00edm profilu horizont\u00e1ln\u00ed \u017ealuzie.<\/p>\n<p>Upevn\u011bn\u00ed se prov\u00e1d\u00ed pomoc\u00ed kovov\u00e9 z\u00e1tky (je sou\u010d\u00e1st\u00ed koncovky).<\/p>\n<p id=\"tw-target-text\" class=\"tw-data-text tw-text-large XcVN5d tw-ta\" dir=\"ltr\" data-placeholder=\"P\u0159eklad\">\n","protected":false},"excerpt":{"rendered":"<p>Konec textiln\u00ed p\u00e1sky Climax je um\u00edst\u011bn na spodn\u00edm profilu \u017ealuzie. Jeho \u00fakolem je upevnit textiln\u00ed p\u00e1sku ve spodn\u00edm profilu horizont\u00e1ln\u00ed \u017ealuzie.<\/p>\n","protected":false},"featured_media":16417,"comment_status":"open","ping_status":"closed","template":"","meta":[],"product_cat":[132,140],"product_tag":[],"_links":{"self":[{"href":"https:\/\/www.brikol.sk\/cs\/wp-json\/wp\/v2\/product\/18063"}],"collection":[{"href":"https:\/\/www.brikol.sk\/cs\/wp-json\/wp\/v2\/product"}],"about":[{"href":"https:\/\/www.brikol.sk\/cs\/wp-json\/wp\/v2\/types\/product"}],"replies":[{"embeddable":true,"href":"https:\/\/www.brikol.sk\/cs\/wp-json\/wp\/v2\/comments?post=18063"}],"wp:featuredmedia":[{"embeddable":true,"href":"https:\/\/www.brikol.sk\/cs\/wp-json\/wp\/v2\/media\/16417"}],"wp:attachment":[{"href":"https:\/\/www.brikol.sk\/cs\/wp-json\/wp\/v2\/media?parent=18063"}],"wp:term":[{"taxonomy":"product_cat","embeddable":true,"href":"https:\/\/www.brikol.sk\/cs\/wp-json\/wp\/v2\/product_cat?post=18063"},{"taxonomy":"product_tag","embeddable":true,"href":"https:\/\/www.brikol.sk\/cs\/wp-json\/wp\/v2\/product_tag?post=18063"}],"curies":[{"name":"wp","href":"https:\/\/api.w.org\/{rel}","templated":true}]}}