{"id":18069,"date":"2023-07-22T17:45:55","date_gmt":"2023-07-22T15:45:55","guid":{"rendered":"https:\/\/www.brikol.sk\/produkt\/fixacni-kolik-kalisek-ze-silikonu-climax-ks\/"},"modified":"2023-07-22T17:45:55","modified_gmt":"2023-07-22T15:45:55","slug":"fixacni-kolik-kalisek-ze-silikonu-climax-ks","status":"publish","type":"product","link":"https:\/\/www.brikol.sk\/cs\/produkt\/fixacni-kolik-kalisek-ze-silikonu-climax-ks\/","title":{"rendered":"Fixa\u010dn\u00ed kol\u00edk (kal\u00ed\u0161ek) ze silikonu Climax \/ ks"},"content":{"rendered":"<p><strong><span style=\"font-size: 115%;\">Upev\u0148ovac\u00ed kol\u00edk (kal\u00ed\u0161ek) pro silon Climax<\/span> <\/strong><\/p>\n<p>Upev\u0148ovac\u00ed kol\u00edk (kal\u00ed\u0161ek) ze silonu o pr\u016fm\u011bru 3 mm pro horizont\u00e1ln\u00ed \u017ealuzie slou\u017e\u00ed k upevn\u011bn\u00ed silonu (vodic\u00edho dr\u00e1tu) do otvoru na zaskl\u00edvac\u00ed li\u0161t\u011b plastov\u00e9ho nebo d\u0159ev\u011bn\u00e9ho okna.<\/p>\n<p>Pokud jsou tyto upev\u0148ovac\u00ed kol\u00edky k \u017ealuzi\u00edm po\u0161kozen\u00e9 a pot\u0159ebujete je vym\u011bnit, sta\u010d\u00ed si vybrat po\u017eadovan\u00fd po\u010det kus\u016f a barvu. Nab\u00edz\u00edme n\u011bkolik barevn\u00fdch proveden\u00ed kol\u00ed\u010dk\u016f:<\/p>\n<ul>\n<li>B\u00edl\u00e1<\/li>\n<li>sv\u011btle hn\u011bd\u00e1<\/li>\n<li>tmav\u011b hn\u011bd\u00e1<\/li>\n<li>\u0161ed\u00e1<\/li>\n<\/ul>\n<p>Do otvoru na vodic\u00ed li\u0161t\u011b se vlo\u017e\u00ed upev\u0148ovac\u00ed kol\u00edk (kal\u00ed\u0161ek) silikonu Climax. Pokud se jedn\u00e1 o nov\u00e9 okno a otvor tam je\u0161t\u011b nen\u00ed, mus\u00ed b\u00fdt vyvrt\u00e1n do zaskl\u00edvac\u00ed li\u0161ty. Pro tento typ upev\u0148ovac\u00edho kol\u00edku se pou\u017e\u00edv\u00e1 vrt\u00e1k o pr\u016fm\u011bru 3 mm.<\/p>\n<p>Pokud jsou v otvoru zbytky silonu, pokus\u00edme se je odstranit. Nejprve uvoln\u00edme vodic\u00ed silon sklopen\u00edm \u017ealuzi\u00ed na horn\u00edm nosn\u00edku. <strong><a href=\"https:\/\/www.brikol.sk\/produkt\/bocne-krytky-isoline-nahradne-diely-na-zaluzie\/\">bo\u010dn\u00ed krytky<\/a><\/strong> (obvykle se jen nacvaknou nebo jen nasunou). Na adrese <strong><a href=\"https:\/\/www.brikol.sk\/produkt\/zakladna-cast-isoline-nahradne-diely-na-zaluzie\/\">z\u00e1kladn\u00ed \u010d\u00e1st<\/a><\/strong> pod nimi povolit <strong><a href=\"https:\/\/www.brikol.sk\/produkt\/silon-zilka-zaluzie\/\">vodic\u00ed silon.<\/a><\/strong> Ov\u011b\u0159\u00edme jeho kvalitu, aby mohla b\u00fdt okam\u017eit\u011b provedena p\u0159\u00edpadn\u00e1 v\u00fdm\u011bna. Pot\u00e9 se upev\u0148ovac\u00ed kol\u00edk navl\u00e9kne na vodic\u00ed silon (lano) a na konci kol\u00edku se ud\u011bl\u00e1 uzel, kter\u00fd se pevn\u011b ut\u00e1hne. Vlo\u017ete ji do p\u0159ipraven\u00e9ho otvoru v okenn\u00ed li\u0161t\u011b a pot\u00e9 ji p\u0159ipevn\u011bte kol\u00edkem. Nakonec napn\u011bte vodic\u00ed m\u011bchy na horn\u00edm profilu z\u00e1kladn\u00ed \u010d\u00e1sti.<\/p>\n<p>&nbsp;<\/p>\n","protected":false},"excerpt":{"rendered":"<p><strong>Silonov\u00fd upev\u0148ovac\u00ed kol\u00edk 3 mm<\/strong> pro horizont\u00e1ln\u00ed \u017ealuzie se pou\u017e\u00edv\u00e1 k upevn\u011bn\u00ed silonu v otvoru vyvrtan\u00e9m do profilu plastov\u00e9ho nebo d\u0159ev\u011bn\u00e9ho okna.<\/p>\n","protected":false},"featured_media":17502,"comment_status":"closed","ping_status":"closed","template":"","meta":[],"product_cat":[132,140,137,138,139,133,141],"product_tag":[],"_links":{"self":[{"href":"https:\/\/www.brikol.sk\/cs\/wp-json\/wp\/v2\/product\/18069"}],"collection":[{"href":"https:\/\/www.brikol.sk\/cs\/wp-json\/wp\/v2\/product"}],"about":[{"href":"https:\/\/www.brikol.sk\/cs\/wp-json\/wp\/v2\/types\/product"}],"replies":[{"embeddable":true,"href":"https:\/\/www.brikol.sk\/cs\/wp-json\/wp\/v2\/comments?post=18069"}],"wp:featuredmedia":[{"embeddable":true,"href":"https:\/\/www.brikol.sk\/cs\/wp-json\/wp\/v2\/media\/17502"}],"wp:attachment":[{"href":"https:\/\/www.brikol.sk\/cs\/wp-json\/wp\/v2\/media?parent=18069"}],"wp:term":[{"taxonomy":"product_cat","embeddable":true,"href":"https:\/\/www.brikol.sk\/cs\/wp-json\/wp\/v2\/product_cat?post=18069"},{"taxonomy":"product_tag","embeddable":true,"href":"https:\/\/www.brikol.sk\/cs\/wp-json\/wp\/v2\/product_tag?post=18069"}],"curies":[{"name":"wp","href":"https:\/\/api.w.org\/{rel}","templated":true}]}}