{"id":18074,"date":"2023-07-22T17:18:21","date_gmt":"2023-07-22T15:18:21","guid":{"rendered":"https:\/\/www.brikol.sk\/produkt\/zakladni-dil-pro-idk-par\/"},"modified":"2023-07-22T17:18:21","modified_gmt":"2023-07-22T15:18:21","slug":"zakladni-dil-pro-idk-par","status":"publish","type":"product","link":"https:\/\/www.brikol.sk\/cs\/produkt\/zakladni-dil-pro-idk-par\/","title":{"rendered":"Z\u00e1kladn\u00ed d\u00edl pro IDK \/ p\u00e1r"},"content":{"rendered":"<p>Tento z\u00e1kladn\u00ed d\u00edl se pou\u017e\u00edv\u00e1 pouze pro \u017ealuzie<strong> Climax &#8211; IDK.<\/strong><\/p>\n<p>Vodic\u00ed li\u0161ty se zasouvaj\u00ed do horn\u00edho profilu \u017ealuzie ze stran, na jedn\u00e9 stran\u011b ( vpravo\/vlevo ) je veden \u0159et\u00edzek.<\/p>\n<p>&nbsp;<\/p>\n","protected":false},"excerpt":{"rendered":"<p>Z\u00e1kladn\u00ed \u010d\u00e1st pro IDK tato linka se pou\u017e\u00edv\u00e1 pouze pro <strong>Climax &#8211; IDK<\/strong> \u017ealuzie<\/p>\n","protected":false},"featured_media":16402,"comment_status":"open","ping_status":"closed","template":"","meta":[],"product_cat":[132,140],"product_tag":[],"_links":{"self":[{"href":"https:\/\/www.brikol.sk\/cs\/wp-json\/wp\/v2\/product\/18074"}],"collection":[{"href":"https:\/\/www.brikol.sk\/cs\/wp-json\/wp\/v2\/product"}],"about":[{"href":"https:\/\/www.brikol.sk\/cs\/wp-json\/wp\/v2\/types\/product"}],"replies":[{"embeddable":true,"href":"https:\/\/www.brikol.sk\/cs\/wp-json\/wp\/v2\/comments?post=18074"}],"wp:featuredmedia":[{"embeddable":true,"href":"https:\/\/www.brikol.sk\/cs\/wp-json\/wp\/v2\/media\/16402"}],"wp:attachment":[{"href":"https:\/\/www.brikol.sk\/cs\/wp-json\/wp\/v2\/media?parent=18074"}],"wp:term":[{"taxonomy":"product_cat","embeddable":true,"href":"https:\/\/www.brikol.sk\/cs\/wp-json\/wp\/v2\/product_cat?post=18074"},{"taxonomy":"product_tag","embeddable":true,"href":"https:\/\/www.brikol.sk\/cs\/wp-json\/wp\/v2\/product_tag?post=18074"}],"curies":[{"name":"wp","href":"https:\/\/api.w.org\/{rel}","templated":true}]}}