{"id":18078,"date":"2023-02-16T12:24:10","date_gmt":"2023-02-16T11:24:10","guid":{"rendered":"https:\/\/www.brikol.sk\/produkt\/bocni-krytky-isotra-isolite-plus-par\/"},"modified":"2023-02-16T12:24:10","modified_gmt":"2023-02-16T11:24:10","slug":"bocni-krytky-isotra-isolite-plus-par","status":"publish","type":"product","link":"https:\/\/www.brikol.sk\/cs\/produkt\/bocni-krytky-isotra-isolite-plus-par\/","title":{"rendered":"Bo\u010dn\u00ed krytky Isotra &#8211; Isolite Plus \/ p\u00e1r"},"content":{"rendered":"<p>Kryt \u017ealuzie Isotra &#8211; Isolite Plus se nasazuje bo\u010dn\u011b na kryc\u00ed li\u0161tu horn\u00edho profilu \u017ealuzi\u00ed Isotra Isolite Plus.<\/p>\n","protected":false},"excerpt":{"rendered":"<p>Kryt \u017ealuzie Isotra &#8211; Isolite Plus se nasazuje bo\u010dn\u011b na kryc\u00ed li\u0161tu horn\u00edho profilu \u017ealuzi\u00ed Isotra Isolite Plus.<\/p>\n","protected":false},"featured_media":14327,"comment_status":"open","ping_status":"closed","template":"","meta":[],"product_cat":[132,138],"product_tag":[],"_links":{"self":[{"href":"https:\/\/www.brikol.sk\/cs\/wp-json\/wp\/v2\/product\/18078"}],"collection":[{"href":"https:\/\/www.brikol.sk\/cs\/wp-json\/wp\/v2\/product"}],"about":[{"href":"https:\/\/www.brikol.sk\/cs\/wp-json\/wp\/v2\/types\/product"}],"replies":[{"embeddable":true,"href":"https:\/\/www.brikol.sk\/cs\/wp-json\/wp\/v2\/comments?post=18078"}],"wp:featuredmedia":[{"embeddable":true,"href":"https:\/\/www.brikol.sk\/cs\/wp-json\/wp\/v2\/media\/14327"}],"wp:attachment":[{"href":"https:\/\/www.brikol.sk\/cs\/wp-json\/wp\/v2\/media?parent=18078"}],"wp:term":[{"taxonomy":"product_cat","embeddable":true,"href":"https:\/\/www.brikol.sk\/cs\/wp-json\/wp\/v2\/product_cat?post=18078"},{"taxonomy":"product_tag","embeddable":true,"href":"https:\/\/www.brikol.sk\/cs\/wp-json\/wp\/v2\/product_tag?post=18078"}],"curies":[{"name":"wp","href":"https:\/\/api.w.org\/{rel}","templated":true}]}}