{"id":18082,"date":"2018-01-17T17:46:41","date_gmt":"2018-01-17T16:46:41","guid":{"rendered":"https:\/\/www.brikol.sk\/produkt\/kryty-pantu-maco-pro-plastova-okna-sada\/"},"modified":"2026-01-13T14:04:40","modified_gmt":"2026-01-13T13:04:40","slug":"kryty-pantu-maco-pro-plastova-okna-sada","status":"publish","type":"product","link":"https:\/\/www.brikol.sk\/cs\/produkt\/kryty-pantu-maco-pro-plastova-okna-sada\/","title":{"rendered":"Kryty pant\u016f MACO pro plastov\u00e1 okna \/ sada"},"content":{"rendered":"<p><strong>Kryty z\u00e1v\u011bs\u016f Maco<\/strong><\/p>\n<p>Sada krytek z\u00e1v\u011bs\u016f ur\u010den\u00fdch pro kov\u00e1n\u00ed MACO na plastov\u00fdch oknech. Kryty z\u00e1v\u011bs\u016f MACO &#8211; z plastu s dlouhou \u017eivotnost\u00ed.<\/p>\n<p>Mont\u00e1\u017e krytek z\u00e1v\u011bs\u016f je snadn\u00e1, sta\u010d\u00ed je nasadit na z\u00e1v\u011bsy.<\/p>\n<p>Rozm\u011br :<\/p>\n<ul>\n<li>horn\u00ed v\u00ed\u010dko pro lo\u017eisko r\u00e1mu &#8211; 80 mm, rozte\u010d 51 mm<\/li>\n<li>horn\u00ed uz\u00e1v\u011br \u00fahlu k\u0159\u00eddla &#8211; 52 mm<\/li>\n<li>spodn\u00ed v\u00ed\u010dko r\u00e1mov\u00e9 \u010d\u00e1sti &#8211; 72 mm<\/li>\n<li>V\u00ed\u010dko r\u00e1mu mal\u00e9 &#8211; 16 mm<\/li>\n<li>spodn\u00ed kryt k\u0159\u00eddla &#8211; 94 mmm<\/li>\n<\/ul>\n","protected":false},"excerpt":{"rendered":"<p>Sada krytek z\u00e1v\u011bs\u016f je ur\u010dena pro kov\u00e1n\u00ed MACO na plastov\u00fdch oknech. Kryty z\u00e1v\u011bs\u016f MACO jsou vyrobeny z plastu s dlouhou \u017eivotnost\u00ed. Krytky pant\u016f jsou ur\u010deny pro plastov\u00e1 okna a jejich instalace je snadn\u00e1, sta\u010d\u00ed je nasadit na panty.<\/p>\n","protected":false},"featured_media":15317,"comment_status":"closed","ping_status":"closed","template":"","meta":[],"product_cat":[136,221,146,222],"product_tag":[],"_links":{"self":[{"href":"https:\/\/www.brikol.sk\/cs\/wp-json\/wp\/v2\/product\/18082"}],"collection":[{"href":"https:\/\/www.brikol.sk\/cs\/wp-json\/wp\/v2\/product"}],"about":[{"href":"https:\/\/www.brikol.sk\/cs\/wp-json\/wp\/v2\/types\/product"}],"replies":[{"embeddable":true,"href":"https:\/\/www.brikol.sk\/cs\/wp-json\/wp\/v2\/comments?post=18082"}],"wp:featuredmedia":[{"embeddable":true,"href":"https:\/\/www.brikol.sk\/cs\/wp-json\/wp\/v2\/media\/15317"}],"wp:attachment":[{"href":"https:\/\/www.brikol.sk\/cs\/wp-json\/wp\/v2\/media?parent=18082"}],"wp:term":[{"taxonomy":"product_cat","embeddable":true,"href":"https:\/\/www.brikol.sk\/cs\/wp-json\/wp\/v2\/product_cat?post=18082"},{"taxonomy":"product_tag","embeddable":true,"href":"https:\/\/www.brikol.sk\/cs\/wp-json\/wp\/v2\/product_tag?post=18082"}],"curies":[{"name":"wp","href":"https:\/\/api.w.org\/{rel}","templated":true}]}}