{"id":18087,"date":"2023-05-12T10:18:58","date_gmt":"2023-05-12T08:18:58","guid":{"rendered":"https:\/\/www.brikol.sk\/produkt\/krytky-zavesu-maco-pro-drevena-okna-sada\/"},"modified":"2026-01-13T12:36:05","modified_gmt":"2026-01-13T11:36:05","slug":"krytky-zavesu-maco-pro-drevena-okna-sada","status":"publish","type":"product","link":"https:\/\/www.brikol.sk\/cs\/produkt\/krytky-zavesu-maco-pro-drevena-okna-sada\/","title":{"rendered":"Krytky z\u00e1v\u011bs\u016f MACO pro d\u0159ev\u011bn\u00e1 okna \/ sada"},"content":{"rendered":"<p><strong>Kryty z\u00e1v\u011bs\u016f MACO pro d\u0159ev\u011bn\u00e1 okna<\/strong><\/p>\n<p>Sada krytek z\u00e1v\u011bs\u016f ur\u010den\u00fdch pro kov\u00e1n\u00ed MACO na d\u0159ev\u011bn\u00fdch oknech.<\/p>\n<p>Kryty z\u00e1v\u011bs\u016f MACO z plastu s dlouhou \u017eivotnost\u00ed. Jsou ur\u010deny pro d\u0159ev\u011bn\u00e1 okna. Mont\u00e1\u017e krytek z\u00e1v\u011bs\u016f je snadn\u00e1, sta\u010d\u00ed je nasadit na z\u00e1v\u011bsy.<\/p>\n<p>Horn\u00ed v\u00ed\u010dko pro lo\u017eisko r\u00e1mu &#8211; 80 mm, rozte\u010d 51 mm<br \/>\nHorn\u00ed uz\u00e1v\u011br \u00fahlu k\u0159\u00eddla &#8211; 52 mm<br \/>\nSpodn\u00ed v\u00ed\u010dko r\u00e1mov\u00e9 \u010d\u00e1sti &#8211; 72 mm<br \/>\nKryt r\u00e1mu mal\u00fd &#8211; 17 mm<br \/>\nSpodn\u00ed kryt k\u0159\u00eddlov\u00e9 \u010d\u00e1sti -75 mm<\/p>\n","protected":false},"excerpt":{"rendered":"<p>Sada krytek z\u00e1v\u011bs\u016f pro d\u0159ev\u011bn\u00e1 okna je ur\u010dena pro kov\u00e1n\u00ed MACO. Instalace krytek z\u00e1v\u011bs\u016f je snadn\u00e1, krytky se pouze nasad\u00ed na z\u00e1v\u011bsy.<\/p>\n<p>&nbsp;<\/p>\n<p>&nbsp;<\/p>\n","protected":false},"featured_media":15902,"comment_status":"closed","ping_status":"closed","template":"","meta":[],"product_cat":[136,221,146,222],"product_tag":[],"_links":{"self":[{"href":"https:\/\/www.brikol.sk\/cs\/wp-json\/wp\/v2\/product\/18087"}],"collection":[{"href":"https:\/\/www.brikol.sk\/cs\/wp-json\/wp\/v2\/product"}],"about":[{"href":"https:\/\/www.brikol.sk\/cs\/wp-json\/wp\/v2\/types\/product"}],"replies":[{"embeddable":true,"href":"https:\/\/www.brikol.sk\/cs\/wp-json\/wp\/v2\/comments?post=18087"}],"wp:featuredmedia":[{"embeddable":true,"href":"https:\/\/www.brikol.sk\/cs\/wp-json\/wp\/v2\/media\/15902"}],"wp:attachment":[{"href":"https:\/\/www.brikol.sk\/cs\/wp-json\/wp\/v2\/media?parent=18087"}],"wp:term":[{"taxonomy":"product_cat","embeddable":true,"href":"https:\/\/www.brikol.sk\/cs\/wp-json\/wp\/v2\/product_cat?post=18087"},{"taxonomy":"product_tag","embeddable":true,"href":"https:\/\/www.brikol.sk\/cs\/wp-json\/wp\/v2\/product_tag?post=18087"}],"curies":[{"name":"wp","href":"https:\/\/api.w.org\/{rel}","templated":true}]}}