{"id":18104,"date":"2023-07-18T11:27:22","date_gmt":"2023-07-18T09:27:22","guid":{"rendered":"https:\/\/www.brikol.sk\/produkt\/nahradni-sitovina-pro-site-proti-hmyzu-100-cm-metr\/"},"modified":"2024-07-16T10:15:43","modified_gmt":"2024-07-16T08:15:43","slug":"nahradni-sitovina-pro-site-proti-hmyzu-100-cm-metr","status":"publish","type":"product","link":"https:\/\/www.brikol.sk\/cs\/produkt\/nahradni-sitovina-pro-site-proti-hmyzu-100-cm-metr\/","title":{"rendered":"N\u00e1hradn\u00ed s\u00ed\u0165ovina pro s\u00edt\u011b proti hmyzu 100 cm\/metr"},"content":{"rendered":"<div class=\"product-short-description\">\n<p><span style=\"font-size: 110%;\"><strong>N\u00e1hradn\u00ed s\u00ed\u0165ovina 100 cm<br \/>\n<\/strong><\/span><\/p>\n<p>N\u00e1hradn\u00ed s\u00edt\u011b pro okenn\u00ed a dve\u0159n\u00ed s\u00edt\u011b <strong>\u0161. 100 cm<\/strong> \/ za metr \/<\/p>\n<p>UV stabiln\u00ed s\u00ed\u0165 proti hmyzu &#8211; odoln\u00e1 proti pov\u011btrnostn\u00edm vliv\u016fm.<\/p>\n<p>St\u00e1l\u00fd barevn\u00fd odst\u00edn.<\/p>\n<p><strong>S\u00edt\u011b se dod\u00e1vaj\u00ed v d\u00e1vk\u00e1ch podle objednan\u00e9ho po\u010dtu metr\u016f.<\/strong><\/p>\n<div class=\"p-short-description\" data-testid=\"productCardShortDescr\">\n<p><span style=\"color: #ff0000;\">Maxim\u00e1ln\u00ed d\u00e9lka je neomezen\u00e1, ale nejdel\u0161\u00ed nerozd\u011blen\u00e9 vinut\u00ed je 30 m.<\/span><br \/>\n<span style=\"color: #ff0000;\">Objedn\u00e1vky del\u0161\u00ed ne\u017e 30 m budou rozd\u011bleny na 2 nebo v\u00edce \u010d\u00e1st\u00ed (nap\u0159. 40 m = 30 m + 10 m). P\u0159i objedn\u00e1v\u00e1n\u00ed nap\u0159. 4m, zad\u00e1n\u00ed \u010d\u00edsla ko\u0161e 4 &#8211; s\u00ed\u0165ovina m\u011b\u0159en\u00e1 CELKEM souvisle 4m.<br \/>\n<\/span><\/p>\n<p>Doporu\u010dujeme objednat <a href=\"https:\/\/www.brikol.sk\/produkt\/zaistovacia-guma-na-uchytenie-sietoviny-do-ramu-sietky-proti-hmyzu\/\">zaji\u0161\u0165ovac\u00ed gumi\u010dku pro<\/a> zaji\u0161t\u011bn\u00ed s\u00edt\u011b.<\/p>\n<\/div>\n<\/div>\n","protected":false},"excerpt":{"rendered":"<p>N\u00e1hradn\u00ed s\u00edt\u011b do oken a dve\u0159\u00ed <strong>\u0161\u00ed\u0159ka 100 cm<\/strong> \/ na metr\/<\/p>\n<p><strong>S\u00edt\u011b se dod\u00e1vaj\u00ed v d\u00e1vk\u00e1ch podle objednan\u00e9ho po\u010dtu metr\u016f.<\/strong><\/p>\n<div class=\"p-short-description\" data-testid=\"productCardShortDescr\">\n<p><span style=\"color: #ff0000;\">Maxim\u00e1ln\u00ed d\u00e9lka nen\u00ed omezena, ale nejdel\u0161\u00ed ned\u011blen\u00e1 c\u00edvka je 30 m.<\/span><br \/>\n<span style=\"color: #ff0000;\">Objedn\u00e1vky del\u0161\u00ed ne\u017e 30 m budou rozd\u011bleny na 2 nebo v\u00edce \u010d\u00e1st\u00ed (nap\u0159. 40 m = 30 m + 10 m). P\u0159i objedn\u00e1v\u00e1n\u00ed nap\u0159. 4 miliony a vlo\u017een\u00edm do ko\u0161\u00edku \u010d\u00edslo 4 z\u00edsk\u00e1te celkem 4 miliony.<br \/>\n<\/span><\/p>\n<\/div>\n","protected":false},"featured_media":25035,"comment_status":"open","ping_status":"closed","template":"","meta":[],"product_cat":[130,131],"product_tag":[],"_links":{"self":[{"href":"https:\/\/www.brikol.sk\/cs\/wp-json\/wp\/v2\/product\/18104"}],"collection":[{"href":"https:\/\/www.brikol.sk\/cs\/wp-json\/wp\/v2\/product"}],"about":[{"href":"https:\/\/www.brikol.sk\/cs\/wp-json\/wp\/v2\/types\/product"}],"replies":[{"embeddable":true,"href":"https:\/\/www.brikol.sk\/cs\/wp-json\/wp\/v2\/comments?post=18104"}],"wp:featuredmedia":[{"embeddable":true,"href":"https:\/\/www.brikol.sk\/cs\/wp-json\/wp\/v2\/media\/25035"}],"wp:attachment":[{"href":"https:\/\/www.brikol.sk\/cs\/wp-json\/wp\/v2\/media?parent=18104"}],"wp:term":[{"taxonomy":"product_cat","embeddable":true,"href":"https:\/\/www.brikol.sk\/cs\/wp-json\/wp\/v2\/product_cat?post=18104"},{"taxonomy":"product_tag","embeddable":true,"href":"https:\/\/www.brikol.sk\/cs\/wp-json\/wp\/v2\/product_tag?post=18104"}],"curies":[{"name":"wp","href":"https:\/\/api.w.org\/{rel}","templated":true}]}}