{"id":18107,"date":"2023-07-18T11:20:37","date_gmt":"2023-07-18T09:20:37","guid":{"rendered":"https:\/\/www.brikol.sk\/produkt\/nahradni-sitovina-pro-site-proti-hmyzu-60-cm-metr\/"},"modified":"2023-07-18T11:20:37","modified_gmt":"2023-07-18T09:20:37","slug":"nahradni-sitovina-pro-site-proti-hmyzu-60-cm-metr","status":"publish","type":"product","link":"https:\/\/www.brikol.sk\/cs\/produkt\/nahradni-sitovina-pro-site-proti-hmyzu-60-cm-metr\/","title":{"rendered":"N\u00e1hradn\u00ed s\u00ed\u0165ovina pro s\u00edt\u011b proti hmyzu 60 cm\/metr"},"content":{"rendered":"<div class=\"product-short-description\">\n<p>N\u00e1hradn\u00ed s\u00edt\u011b pro okenn\u00ed a dve\u0159n\u00ed s\u00edt\u011b <strong>\u0161. 60 cm<\/strong> \/ za metr \/<\/p>\n<p>UV stabiln\u00ed s\u00ed\u0165 proti hmyzu je odoln\u00e1 proti pov\u011btrnostn\u00edm vliv\u016fm.<\/p>\n<p>St\u00e1l\u00fd barevn\u00fd odst\u00edn.<\/p>\n<p><strong>S\u00edt\u011b se dod\u00e1vaj\u00ed v d\u00e1vk\u00e1ch podle objednan\u00e9ho po\u010dtu metr\u016f.<\/strong><\/p>\n<div class=\"p-short-description\" data-testid=\"productCardShortDescr\">\n<p><span style=\"color: #ff0000;\">Maxim\u00e1ln\u00ed d\u00e9lka nen\u00ed omezena, ale nejdel\u0161\u00ed ned\u011blen\u00e1 c\u00edvka je 30 m.<\/span><br \/>\n<span style=\"color: #ff0000;\">Objedn\u00e1vky del\u0161\u00ed ne\u017e 30 m budou rozd\u011bleny na 2 nebo v\u00edce \u010d\u00e1st\u00ed (nap\u0159. 40 m = 30 m + 10 m).<\/span><\/p>\n<p>&nbsp;<\/p>\n<\/div>\n<\/div>\n","protected":false},"excerpt":{"rendered":"<p>N\u00e1hradn\u00ed s\u00edt\u011b do oken a dve\u0159\u00ed <strong>\u0161\u00ed\u0159ka 60 cm<\/strong> \/na metr\/<\/p>\n<p><strong>S\u00edt\u011b se dod\u00e1vaj\u00ed v d\u00e1vk\u00e1ch podle objednan\u00e9ho po\u010dtu metr\u016f.<\/strong><\/p>\n<div class=\"p-short-description\" data-testid=\"productCardShortDescr\">\n<p><span style=\"color: #ff0000;\">Maxim\u00e1ln\u00ed d\u00e9lka nen\u00ed omezena, ale nejdel\u0161\u00ed ned\u011blen\u00e1 c\u00edvka je 30 m.<\/span><br \/>\n<span style=\"color: #ff0000;\">Objedn\u00e1vky del\u0161\u00ed ne\u017e 30 m budou rozd\u011bleny na 2 nebo v\u00edce \u010d\u00e1st\u00ed (nap\u0159. 40 m = 30 m + 10 m).<\/span><\/p>\n<\/div>\n","protected":false},"featured_media":25041,"comment_status":"open","ping_status":"closed","template":"","meta":[],"product_cat":[130,131],"product_tag":[],"_links":{"self":[{"href":"https:\/\/www.brikol.sk\/cs\/wp-json\/wp\/v2\/product\/18107"}],"collection":[{"href":"https:\/\/www.brikol.sk\/cs\/wp-json\/wp\/v2\/product"}],"about":[{"href":"https:\/\/www.brikol.sk\/cs\/wp-json\/wp\/v2\/types\/product"}],"replies":[{"embeddable":true,"href":"https:\/\/www.brikol.sk\/cs\/wp-json\/wp\/v2\/comments?post=18107"}],"wp:featuredmedia":[{"embeddable":true,"href":"https:\/\/www.brikol.sk\/cs\/wp-json\/wp\/v2\/media\/25041"}],"wp:attachment":[{"href":"https:\/\/www.brikol.sk\/cs\/wp-json\/wp\/v2\/media?parent=18107"}],"wp:term":[{"taxonomy":"product_cat","embeddable":true,"href":"https:\/\/www.brikol.sk\/cs\/wp-json\/wp\/v2\/product_cat?post=18107"},{"taxonomy":"product_tag","embeddable":true,"href":"https:\/\/www.brikol.sk\/cs\/wp-json\/wp\/v2\/product_tag?post=18107"}],"curies":[{"name":"wp","href":"https:\/\/api.w.org\/{rel}","templated":true}]}}