{"id":18111,"date":"2023-07-17T11:44:00","date_gmt":"2023-07-17T09:44:00","guid":{"rendered":"https:\/\/www.brikol.sk\/produkt\/drzak-pro-prvni-lamelu-zaluzie-25-mm-ks\/"},"modified":"2023-07-17T11:44:00","modified_gmt":"2023-07-17T09:44:00","slug":"drzak-pro-prvni-lamelu-zaluzie-25-mm-ks","status":"publish","type":"product","link":"https:\/\/www.brikol.sk\/cs\/produkt\/drzak-pro-prvni-lamelu-zaluzie-25-mm-ks\/","title":{"rendered":"Dr\u017e\u00e1k pro prvn\u00ed lamelu \u017ealuzie 25 mm \/ ks"},"content":{"rendered":"<div id=\"konzola-prvej-lamely\">\n<p><span style=\"font-size: 100%;\"><strong>Dr\u017e\u00e1k<\/strong> prvn\u00ed lamely \u017ealuzie o pr\u016fm\u011bru 25 mm, kter\u00fd slou\u017e\u00ed k upevn\u011bn\u00ed \u017eeb\u0159\u00edku k prvn\u00ed lamele \u017ealuzie. <\/span><\/p>\n<p>Pou\u017e\u00edv\u00e1 se m\u00edsto d\u0159\u00edve pou\u017e\u00edvan\u00fdch dr\u017e\u00e1k\u016f prvn\u00ed lamely hlin\u00edkov\u00e9ho plechu, kter\u00e9 \u010dasto odpad\u00e1vaj\u00ed &#8220;u\u0161i&#8221; a pak se odvozuj\u00ed od textiln\u00ed p\u00e1sky pro vyta\u017een\u00ed lamel \u017ealuzi\u00ed. Plastov\u00fd dr\u017e\u00e1k se p\u0159ipevn\u00ed k prvn\u00ed li\u0161t\u011b pod horn\u00edm profilem (li\u0161ta je m\u00edrn\u011b stla\u010den\u00e1 mezi prsty).<\/p>\n<h3><\/h3>\n<p>&nbsp;<\/p>\n<\/div>\n","protected":false},"excerpt":{"rendered":"<p><strong>Konzolka<\/strong> prvej lamely 25mm \u017eal\u00fazie, sl\u00fa\u017ei pre uchytenie rebr\u00ed\u010dku na prvej lamele \u017eal\u00fa&#8230;<a href=\"#konzola-prvej-lamely\"><span style=\"text-decoration: underline; color: #0000ff;\"><strong>Viac v popise<\/strong><\/span><\/a><\/p>\n","protected":false},"featured_media":16367,"comment_status":"open","ping_status":"closed","template":"","meta":[],"product_cat":[132,140],"product_tag":[],"_links":{"self":[{"href":"https:\/\/www.brikol.sk\/cs\/wp-json\/wp\/v2\/product\/18111"}],"collection":[{"href":"https:\/\/www.brikol.sk\/cs\/wp-json\/wp\/v2\/product"}],"about":[{"href":"https:\/\/www.brikol.sk\/cs\/wp-json\/wp\/v2\/types\/product"}],"replies":[{"embeddable":true,"href":"https:\/\/www.brikol.sk\/cs\/wp-json\/wp\/v2\/comments?post=18111"}],"wp:featuredmedia":[{"embeddable":true,"href":"https:\/\/www.brikol.sk\/cs\/wp-json\/wp\/v2\/media\/16367"}],"wp:attachment":[{"href":"https:\/\/www.brikol.sk\/cs\/wp-json\/wp\/v2\/media?parent=18111"}],"wp:term":[{"taxonomy":"product_cat","embeddable":true,"href":"https:\/\/www.brikol.sk\/cs\/wp-json\/wp\/v2\/product_cat?post=18111"},{"taxonomy":"product_tag","embeddable":true,"href":"https:\/\/www.brikol.sk\/cs\/wp-json\/wp\/v2\/product_tag?post=18111"}],"curies":[{"name":"wp","href":"https:\/\/api.w.org\/{rel}","templated":true}]}}